{"id":1313,"date":"2026-04-12T00:10:14","date_gmt":"2026-04-12T03:10:14","guid":{"rendered":"https:\/\/delaet.com.br\/pt_br\/loja\/produto\/controlador-midi-usb-61-teclas-branco-samson-carbon-61-f035\/"},"modified":"2026-04-15T19:46:26","modified_gmt":"2026-04-15T22:46:26","slug":"controlador-midi-usb-61-teclas-branco-samson-carbon-61-f035","status":"publish","type":"product","link":"https:\/\/delaet.com.br\/pt_br\/loja\/produto\/controlador-midi-usb-61-teclas-branco-samson-carbon-61-f035\/","title":{"rendered":"Controlador Midi USB 61 Teclas Branco Samson Carbon 61"},"content":{"rendered":"<p>Carbon 61<br \/>\nControlador USB MIDI<\/p>\n<p>O controlador USB MIDI Samson Carbon\u00ae 61 torna o desempenho e a produ\u00e7\u00e3o musical acess\u00edveis para todos. Seja voc\u00ea um m\u00fasico experiente ou um criador iniciante, o Carbon 61 oferece recursos vers\u00e1teis e f\u00e1ceis de usar em um controlador compacto e leve, ideal para palco e est\u00fadio.<\/p>\n<p>Sensa\u00e7\u00e3o Din\u00e2mica<br \/>\nO teclado semi-pesado do Carbon 61 oferece aos m\u00fasicos uma plataforma responsiva e expressiva que se assemelha mais a um instrumento do que a um controlador. Ele conta com teclas sens\u00edveis \u00e0 velocidade, capturando com precis\u00e3o as din\u00e2micas de uma performance. Com 61 teclas, a faixa de pitch do Carbon 61 \u00e9 ideal para performances, ao mesmo tempo em que mant\u00e9m a alta portabilidade.<\/p>\n<p>Expanda Sua Express\u00e3o<br \/>\nBot\u00f5es dedicados de transposi\u00e7\u00e3o e oitava permitem alterar a tonalidade de qualquer instrumento, al\u00e9m de deslocar o teclado para cima ou para baixo em at\u00e9 4 oitavas completas, tudo sem precisar de submenus ou teclas de shift. Com todos esses recursos abrangentes, sem contar as tradicionais rodas de Pitch e Modula\u00e7\u00e3o, o Carbon 61 oferece uma ampla gama de express\u00e3o musical e manipula\u00e7\u00e3o de tonalidade ao seu alcance.<\/p>\n<p>Assuma o Controle do Seu Software Musical<br \/>\nCom o codificador de dados atribu\u00edvel e o controle de volume do Carbon 61, voc\u00ea pode controlar diretamente o seu software de m\u00fasica. Para facilitar a edi\u00e7\u00e3o, os m\u00fasicos podem usar o bot\u00e3o de edi\u00e7\u00e3o para ajustar at\u00e9 14 par\u00e2metros de controle relacionados ao desempenho. Al\u00e9m disso, o display LED de 3 d\u00edgitos e 7 segmentos do Carbon 61 exibe o comportamento de cada fun\u00e7\u00e3o em tempo real. Para maior versatilidade, o Carbon 61 conta com sa\u00edda MIDI tradicional, entrada para pedal de sustain e conectividade USB.<\/p>\n<p>Adicione Seu iPad<br \/>\nProjetado com o iPad em mente, o Carbon 61 conta com um slot integrado para o dispositivo. Quando emparelhado com o iPad usando o adaptador Apple Lightning para USB, o Carbon 61 se torna uma excelente ferramenta para criar m\u00fasica em qualquer lugar. Utilize-o com seus aplicativos favoritos de m\u00fasica e sintetizadores para iPad que suportam controladores MIDI, e para maior portabilidade, o Carbon 61 pode ser alimentado diretamente pelo iPad.<\/p>\n<p>Teclado semi-pesado com 61 teclas sens\u00edveis \u00e0 velocidade<br \/>\nCodificador de Dados e Controle de Volume atribu\u00edveis<br \/>\nTecla Edit para ajustar at\u00e9 14 par\u00e2metros de controle<br \/>\nDisplay LED de 3 d\u00edgitos e 7 segmentos fornece feedback em tempo real<br \/>\nInclui conex\u00f5es tradicionais MIDI Out, entrada para pedal de sustain e USB<br \/>\nDesign compacto, ideal para performances ao vivo e aplica\u00e7\u00f5es em est\u00fadios<br \/>\nBot\u00f5es dedicados para Transposi\u00e7\u00e3o e Octava, rodas de Pitch Bend e Modula\u00e7\u00e3o<br \/>\nSlot integrado para iPad<br \/>\nAlimenta\u00e7\u00e3o via iPad ou USB<\/p>\n<p>Origem:China<br \/> Unidades por Embalagem:1<br \/> G\u00eanero:Unissex<br \/> Cor:Branco<br \/> Manual:Sim<br \/> Material:Pl\u00e1stico, Metal<br \/> Linha:Carbon Series<br \/> Marca:Samson<br \/> Modelo:SAKC61<\/p>\n<p> C\u00f3digo universal de produto (GTIN):809164014171<br \/> MPN:SAKC61<br \/> Fonte do produto:Importado<br \/> Condi\u00e7\u00e3o do \u00edtem:Novo<br \/> \u00c9 Kit:N\u00e3o<br \/> Conectores de entrada:P10<br \/> Conectores de sa\u00edda:MIDI\/USB<br \/> Voltagem:Barramento USB<br \/> Cor Principal:Branco<br \/> \u00c9 compat\u00edvel com MIDI:Sim<\/p>\n<p><\/p>\n","protected":false},"excerpt":{"rendered":"<p>Carbon 61 Controlador USB MIDI O controlador USB MIDI Samson Carbon\u00ae 61 torna o desempenho e a produ\u00e7\u00e3o musical acess\u00edveis para todos. Seja voc\u00ea um m\u00fasico experiente ou um criador iniciante, o Carbon 61 oferece recursos vers\u00e1teis e f\u00e1ceis de usar em um controlador compacto e leve, ideal para palco e est\u00fadio. Sensa\u00e7\u00e3o Din\u00e2mica O [&hellip;]<\/p>\n","protected":false},"featured_media":2507,"comment_status":"open","ping_status":"closed","template":"","meta":{"om_disable_all_campaigns":false,"_monsterinsights_skip_tracking":false,"_monsterinsights_sitenote_active":false,"_monsterinsights_sitenote_note":"","_monsterinsights_sitenote_category":0,"jetpack_publicize_message":"","jetpack_publicize_feature_enabled":true,"jetpack_social_post_already_shared":false,"jetpack_social_options":{"image_generator_settings":{"template":"highway","default_image_id":0,"font":"","enabled":false},"version":2}},"product_brand":[177],"product_cat":[641,18],"product_tag":[640],"class_list":{"0":"post-1313","1":"product","2":"type-product","3":"status-publish","4":"has-post-thumbnail","6":"product_brand-samson","7":"product_cat-controlador-midi","8":"product_cat-sem-categoria","9":"product_tag-controlador-midi","11":"first","12":"instock","13":"shipping-taxable","14":"purchasable","15":"product-type-simple"},"aioseo_notices":[],"jetpack_publicize_connections":[],"jetpack_sharing_enabled":true,"_links":{"self":[{"href":"https:\/\/delaet.com.br\/pt_br\/wp-json\/wp\/v2\/product\/1313","targetHints":{"allow":["GET"]}}],"collection":[{"href":"https:\/\/delaet.com.br\/pt_br\/wp-json\/wp\/v2\/product"}],"about":[{"href":"https:\/\/delaet.com.br\/pt_br\/wp-json\/wp\/v2\/types\/product"}],"replies":[{"embeddable":true,"href":"https:\/\/delaet.com.br\/pt_br\/wp-json\/wp\/v2\/comments?post=1313"}],"wp:featuredmedia":[{"embeddable":true,"href":"https:\/\/delaet.com.br\/pt_br\/wp-json\/wp\/v2\/media\/2507"}],"wp:attachment":[{"href":"https:\/\/delaet.com.br\/pt_br\/wp-json\/wp\/v2\/media?parent=1313"}],"wp:term":[{"taxonomy":"product_brand","embeddable":true,"href":"https:\/\/delaet.com.br\/pt_br\/wp-json\/wp\/v2\/product_brand?post=1313"},{"taxonomy":"product_cat","embeddable":true,"href":"https:\/\/delaet.com.br\/pt_br\/wp-json\/wp\/v2\/product_cat?post=1313"},{"taxonomy":"product_tag","embeddable":true,"href":"https:\/\/delaet.com.br\/pt_br\/wp-json\/wp\/v2\/product_tag?post=1313"}],"curies":[{"name":"wp","href":"https:\/\/api.w.org\/{rel}","templated":true}]}}