{"id":1412,"date":"2026-04-12T00:16:17","date_gmt":"2026-04-12T03:16:17","guid":{"rendered":"https:\/\/delaet.com.br\/pt_br\/loja\/produto\/encordoador-baixo-d-addario-pro-winder-dp0002b-f035\/"},"modified":"2026-04-17T19:49:35","modified_gmt":"2026-04-17T22:49:35","slug":"encordoador-baixo-d-addario-pro-winder-dp0002b-f035","status":"publish","type":"product","link":"https:\/\/delaet.com.br\/pt_br\/loja\/produto\/encordoador-baixo-d-addario-pro-winder-dp0002b-f035\/","title":{"rendered":"Encordoador Baixo D\u00b4Addario Pro Winder DP0002B"},"content":{"rendered":"<p>O Pro-Winder \u00e9 a ferramenta definitiva para aux\u00edlio na hora da troca de cordas do seu instrumento. Diferente dos encordoadores comuns, o Pro-Winder possui um alicate de corte integrado e um puxador de pinos de cavaletes ac\u00fasticos, facilitando ainda mais a vida dos m\u00fasicos. Desenvolvido ergonomicamente para uso em baixo e contrabaixos, \u00e9 compat\u00edvel com quaisquer modelos de tarraxas, tanto vintages quanto modernas.<\/p>\n<p>Origem:Estados Unidos<br \/> Cor:Preto<br \/> Unidades por Embalagem:1<br \/> G\u00eanero:Unissex<br \/> Linha:Pro-Winder<\/p>\n<p><\/p>\n","protected":false},"excerpt":{"rendered":"<p>O Pro-Winder \u00e9 a ferramenta definitiva para aux\u00edlio na hora da troca de cordas do seu instrumento. Diferente dos encordoadores comuns, o Pro-Winder possui um alicate de corte integrado e um puxador de pinos de cavaletes ac\u00fasticos, facilitando ainda mais a vida dos m\u00fasicos. Desenvolvido ergonomicamente para uso em baixo e contrabaixos, \u00e9 compat\u00edvel com [&hellip;]<\/p>\n","protected":false},"featured_media":2572,"comment_status":"open","ping_status":"closed","template":"","meta":{"om_disable_all_campaigns":false,"_monsterinsights_skip_tracking":false,"_monsterinsights_sitenote_active":false,"_monsterinsights_sitenote_note":"","_monsterinsights_sitenote_category":0,"jetpack_publicize_message":"","jetpack_publicize_feature_enabled":true,"jetpack_social_post_already_shared":false,"jetpack_social_options":{"image_generator_settings":{"template":"highway","default_image_id":0,"font":"","enabled":false},"version":2}},"product_brand":[160],"product_cat":[207,28,133,223,455,276],"product_tag":[624],"class_list":{"0":"post-1412","1":"product","2":"type-product","3":"status-publish","4":"has-post-thumbnail","6":"product_brand-daddario","7":"product_cat-acusticos","8":"product_cat-eletricos","9":"product_cat-ferramentas","10":"product_cat-outros","11":"product_cat-outros-acusticos","12":"product_cat-luthier","13":"product_tag-encordoador","15":"first","16":"instock","17":"shipping-taxable","18":"purchasable","19":"product-type-simple"},"aioseo_notices":[],"jetpack_publicize_connections":[],"jetpack_sharing_enabled":true,"_links":{"self":[{"href":"https:\/\/delaet.com.br\/pt_br\/wp-json\/wp\/v2\/product\/1412","targetHints":{"allow":["GET"]}}],"collection":[{"href":"https:\/\/delaet.com.br\/pt_br\/wp-json\/wp\/v2\/product"}],"about":[{"href":"https:\/\/delaet.com.br\/pt_br\/wp-json\/wp\/v2\/types\/product"}],"replies":[{"embeddable":true,"href":"https:\/\/delaet.com.br\/pt_br\/wp-json\/wp\/v2\/comments?post=1412"}],"wp:featuredmedia":[{"embeddable":true,"href":"https:\/\/delaet.com.br\/pt_br\/wp-json\/wp\/v2\/media\/2572"}],"wp:attachment":[{"href":"https:\/\/delaet.com.br\/pt_br\/wp-json\/wp\/v2\/media?parent=1412"}],"wp:term":[{"taxonomy":"product_brand","embeddable":true,"href":"https:\/\/delaet.com.br\/pt_br\/wp-json\/wp\/v2\/product_brand?post=1412"},{"taxonomy":"product_cat","embeddable":true,"href":"https:\/\/delaet.com.br\/pt_br\/wp-json\/wp\/v2\/product_cat?post=1412"},{"taxonomy":"product_tag","embeddable":true,"href":"https:\/\/delaet.com.br\/pt_br\/wp-json\/wp\/v2\/product_tag?post=1412"}],"curies":[{"name":"wp","href":"https:\/\/api.w.org\/{rel}","templated":true}]}}