{"id":1442,"date":"2026-04-12T00:17:24","date_gmt":"2026-04-12T03:17:24","guid":{"rendered":"https:\/\/delaet.com.br\/pt_br\/loja\/produto\/encordoamento-baixo-4c-40-95-d-addario-xl-nickel-exl220bt-f035\/"},"modified":"2026-04-13T01:07:08","modified_gmt":"2026-04-13T04:07:08","slug":"encordoamento-baixo-4c-40-95-d-addario-xl-nickel-exl220bt-f035","status":"publish","type":"product","link":"https:\/\/delaet.com.br\/pt_br\/loja\/produto\/encordoamento-baixo-4c-40-95-d-addario-xl-nickel-exl220bt-f035\/","title":{"rendered":"Encordoamento Baixo 4C 40-95 D\u00b4Addario XL Nickel EXL220BT"},"content":{"rendered":"<p>As cordas D Addario de tens\u00e3o balanceada s\u00e3o feitas a partir de combina\u00e7\u00f5es de di\u00e2metros precisamente otimizados, resultando em maior controle e conforto ao tocar. Combinadas com o timbre brilhante caracter\u00edstico das cordas XL Nickel Wound, cada encordoamento oferece maior controle de din\u00e2micas e uma pegada mais consistente entre as cordas para otimizar os bends, slaps e o plucking.?<\/p>\n<p>C\u00f3digo Categoria:000137<br \/> Origem:Estados Unidos<br \/> Unidades por Embalagem:1<br \/> G\u00eanero:Unissex<br \/> Material:A\u00e7o + Niquel<br \/> Linha:XL NICKEL WOUND<br \/> Tipo de Corda:ROUNDWOUND<br \/> Quantidade de Cordas:4<br \/> Escala da Corda:Longa<br \/> Tens\u00e3o:Extra Leve<br \/> C\u00f3digo Universal do Produto:19954984472<br \/> Marca:D<br \/> Modelo:EXL220BT<br \/> SKU:025274<\/p>\n<p> Condi\u00e7\u00e3o do \u00edtem:Novo<br \/> MPN:25274<br \/> Fonte do Produto:Importado<br \/> \u00c9 kit:N\u00e3o<br \/> Instrumento Recomendado:Baixo<br \/> Codigo Universal do Produto:019954984472<br \/> Condi\u00e7\u00e3o do item:Novo<br \/> Instrumento recomendado:Baixo<br \/> S\u00e9rie:XL NICKEL WOUND<br \/> Notas:G D A E<br \/> Calibres:.040 .055 .070 .095<\/p>\n<p><\/p>\n","protected":false},"excerpt":{"rendered":"<p>As cordas D Addario de tens\u00e3o balanceada s\u00e3o feitas a partir de combina\u00e7\u00f5es de di\u00e2metros precisamente otimizados, resultando em maior controle e conforto ao tocar. Combinadas com o timbre brilhante caracter\u00edstico das cordas XL Nickel Wound, cada encordoamento oferece maior controle de din\u00e2micas e uma pegada mais consistente entre as cordas para otimizar os bends, [&hellip;]<\/p>\n","protected":false},"featured_media":2598,"comment_status":"open","ping_status":"closed","template":"","meta":{"om_disable_all_campaigns":false,"_monsterinsights_skip_tracking":false,"_monsterinsights_sitenote_active":false,"_monsterinsights_sitenote_note":"","_monsterinsights_sitenote_category":0,"jetpack_publicize_message":"","jetpack_publicize_feature_enabled":true,"jetpack_social_post_already_shared":false,"jetpack_social_options":{"image_generator_settings":{"template":"highway","default_image_id":0,"font":"","enabled":false},"version":2}},"product_brand":[160],"product_cat":[28,216],"product_tag":[622,621],"class_list":{"0":"post-1442","1":"product","2":"type-product","3":"status-publish","4":"has-post-thumbnail","6":"product_brand-daddario","7":"product_cat-eletricos","8":"product_cat-encordoamentos-baixo","9":"product_tag-cordas-para-contrabaixo","10":"product_tag-encordoamento-para-contrabaixo","12":"first","13":"instock","14":"shipping-taxable","15":"purchasable","16":"product-type-simple"},"aioseo_notices":[],"jetpack_publicize_connections":[],"jetpack_sharing_enabled":true,"_links":{"self":[{"href":"https:\/\/delaet.com.br\/pt_br\/wp-json\/wp\/v2\/product\/1442","targetHints":{"allow":["GET"]}}],"collection":[{"href":"https:\/\/delaet.com.br\/pt_br\/wp-json\/wp\/v2\/product"}],"about":[{"href":"https:\/\/delaet.com.br\/pt_br\/wp-json\/wp\/v2\/types\/product"}],"replies":[{"embeddable":true,"href":"https:\/\/delaet.com.br\/pt_br\/wp-json\/wp\/v2\/comments?post=1442"}],"wp:featuredmedia":[{"embeddable":true,"href":"https:\/\/delaet.com.br\/pt_br\/wp-json\/wp\/v2\/media\/2598"}],"wp:attachment":[{"href":"https:\/\/delaet.com.br\/pt_br\/wp-json\/wp\/v2\/media?parent=1442"}],"wp:term":[{"taxonomy":"product_brand","embeddable":true,"href":"https:\/\/delaet.com.br\/pt_br\/wp-json\/wp\/v2\/product_brand?post=1442"},{"taxonomy":"product_cat","embeddable":true,"href":"https:\/\/delaet.com.br\/pt_br\/wp-json\/wp\/v2\/product_cat?post=1442"},{"taxonomy":"product_tag","embeddable":true,"href":"https:\/\/delaet.com.br\/pt_br\/wp-json\/wp\/v2\/product_tag?post=1442"}],"curies":[{"name":"wp","href":"https:\/\/api.w.org\/{rel}","templated":true}]}}