{"id":1491,"date":"2026-04-12T00:19:01","date_gmt":"2026-04-12T03:19:01","guid":{"rendered":"https:\/\/delaet.com.br\/pt_br\/loja\/produto\/encordoamento-baixo-5c-45-135-d-addario-xl-nickel-exl165-5-f035\/"},"modified":"2026-04-22T11:08:16","modified_gmt":"2026-04-22T14:08:16","slug":"encordoamento-baixo-5c-45-135-d-addario-xl-nickel-exl165-5-f035","status":"publish","type":"product","link":"https:\/\/delaet.com.br\/pt_br\/loja\/produto\/encordoamento-baixo-5c-45-135-d-addario-xl-nickel-exl165-5-f035\/","title":{"rendered":"Encordoamento Baixo 5C 45-135 D\u00b4Addario XL Nickel EXL165-5"},"content":{"rendered":"<p>As cordas de contrabaixo XL Nickel Electric Bass s\u00e3o reconhecidas mundialmente como a escolha dos grandes m\u00fasicos, de todos os estilos. Todas as cordas s\u00e3o precisamente enroladas em nossas exclusivas m\u00e1quinas controladas por computador, assegurando a cada uma delas perfeita afina\u00e7\u00e3o, notas fundamentais limpas e inigual\u00e1vel consist\u00eancia. O enrolamento com fios de a\u00e7o banhados a n\u00edquel resulta em um timbre brilhante e excelente afina\u00e7\u00e3o, proporcionando um timbre universal, para todos os estilos musicais.?<\/p>\n<p>Unidades por Embalagem:1<br \/> G\u00eanero:Unissex<br \/> Material:A\u00e7o + Niquel<br \/> Linha:XL NICKEL WOUND<br \/> Tipo de Corda:ROUNDWOUND<br \/> Quantidade de Cordas:5<br \/> Escala da Corda:Longa<br \/> Tens\u00e3o:Leve Media \/ Media<br \/> C\u00f3digo Universal do Produto:19954961121<br \/> Marca:D<br \/> Modelo:EXL165-5<br \/> SKU:019814<\/p>\n<p> Condi\u00e7\u00e3o do \u00edtem:Novo<br \/> MPN:EXL165-5<br \/> Fonte do Produto:Importado<br \/> \u00c9 kit:N\u00e3o<br \/> S\u00e9rie:XL NICKEL WOUND<br \/> Instrumento Recomendado:Baixo<br \/> Codigo Universal do Produto:019954961121<br \/> Condi\u00e7\u00e3o do item:Novo<br \/> Instrumento recomendado:Baixo<br \/> Origem:Estados Unidos<br \/> Notas:G D A E B<br \/> Calibres:.045 .065 .085 .105 .135<\/p>\n<p><\/p>\n","protected":false},"excerpt":{"rendered":"<p>As cordas de contrabaixo XL Nickel Electric Bass s\u00e3o reconhecidas mundialmente como a escolha dos grandes m\u00fasicos, de todos os estilos. Todas as cordas s\u00e3o precisamente enroladas em nossas exclusivas m\u00e1quinas controladas por computador, assegurando a cada uma delas perfeita afina\u00e7\u00e3o, notas fundamentais limpas e inigual\u00e1vel consist\u00eancia. O enrolamento com fios de a\u00e7o banhados a [&hellip;]<\/p>\n","protected":false},"featured_media":2638,"comment_status":"open","ping_status":"closed","template":"","meta":{"om_disable_all_campaigns":false,"_monsterinsights_skip_tracking":false,"_monsterinsights_sitenote_active":false,"_monsterinsights_sitenote_note":"","_monsterinsights_sitenote_category":0,"jetpack_publicize_message":"","jetpack_publicize_feature_enabled":true,"jetpack_social_post_already_shared":false,"jetpack_social_options":{"image_generator_settings":{"template":"highway","default_image_id":0,"font":"","enabled":false},"version":2}},"product_brand":[160],"product_cat":[28,216],"product_tag":[622,621],"class_list":{"0":"post-1491","1":"product","2":"type-product","3":"status-publish","4":"has-post-thumbnail","6":"product_brand-daddario","7":"product_cat-eletricos","8":"product_cat-encordoamentos-baixo","9":"product_tag-cordas-para-contrabaixo","10":"product_tag-encordoamento-para-contrabaixo","12":"first","13":"instock","14":"shipping-taxable","15":"purchasable","16":"product-type-simple"},"aioseo_notices":[],"jetpack_publicize_connections":[],"jetpack_sharing_enabled":true,"_links":{"self":[{"href":"https:\/\/delaet.com.br\/pt_br\/wp-json\/wp\/v2\/product\/1491","targetHints":{"allow":["GET"]}}],"collection":[{"href":"https:\/\/delaet.com.br\/pt_br\/wp-json\/wp\/v2\/product"}],"about":[{"href":"https:\/\/delaet.com.br\/pt_br\/wp-json\/wp\/v2\/types\/product"}],"replies":[{"embeddable":true,"href":"https:\/\/delaet.com.br\/pt_br\/wp-json\/wp\/v2\/comments?post=1491"}],"wp:featuredmedia":[{"embeddable":true,"href":"https:\/\/delaet.com.br\/pt_br\/wp-json\/wp\/v2\/media\/2638"}],"wp:attachment":[{"href":"https:\/\/delaet.com.br\/pt_br\/wp-json\/wp\/v2\/media?parent=1491"}],"wp:term":[{"taxonomy":"product_brand","embeddable":true,"href":"https:\/\/delaet.com.br\/pt_br\/wp-json\/wp\/v2\/product_brand?post=1491"},{"taxonomy":"product_cat","embeddable":true,"href":"https:\/\/delaet.com.br\/pt_br\/wp-json\/wp\/v2\/product_cat?post=1491"},{"taxonomy":"product_tag","embeddable":true,"href":"https:\/\/delaet.com.br\/pt_br\/wp-json\/wp\/v2\/product_tag?post=1491"}],"curies":[{"name":"wp","href":"https:\/\/api.w.org\/{rel}","templated":true}]}}