{"id":1514,"date":"2026-04-12T00:19:52","date_gmt":"2026-04-12T03:19:52","guid":{"rendered":"https:\/\/delaet.com.br\/pt_br\/loja\/produto\/encordoamento-guitarra-010-046-leve-savarez-focus-f50l-f035\/"},"modified":"2026-04-16T11:51:05","modified_gmt":"2026-04-16T14:51:05","slug":"encordoamento-guitarra-010-046-leve-savarez-focus-f50l-f035","status":"publish","type":"product","link":"https:\/\/delaet.com.br\/pt_br\/loja\/produto\/encordoamento-guitarra-010-046-leve-savarez-focus-f50l-f035\/","title":{"rendered":"Encordoamento Guitarra .010-.046 Leve Savarez Focus F50L"},"content":{"rendered":"<p>Encordoamento para Guitarra Focus A\u00e7o Inox com N\u00facleo Hexagonal Leve .010-.046 F50L.<\/p>\n<p> Codigo Universal do Produto:698502622457<br \/> Condicao do item:Novo<br \/> Fonte do Produto:Importado<br \/> Genero:Unissex<br \/> Linha:Focus<br \/> MPN:F50L<br \/> Marca:Savarez<br \/> Material:A\u00e7o<br \/> Modelo:F50L<br \/> Origem:Fran\u00e7a<br \/> Quantidade de Cordas:6<br \/> SKU:032448<br \/> Serie:Focus<br \/> Tensao:Leve<br \/> Tipo de Corda:Roundwound<br \/> Unidades por Embalagem:1<br \/> E kit:N\u00e3o<br \/> Instrumento Recomendado:Guitarra<\/p>\n<p><\/p>\n","protected":false},"excerpt":{"rendered":"<p>Encordoamento para Guitarra Focus A\u00e7o Inox com N\u00facleo Hexagonal Leve .010-.046 F50L. Codigo Universal do Produto:698502622457 Condicao do item:Novo Fonte do Produto:Importado Genero:Unissex Linha:Focus MPN:F50L Marca:Savarez Material:A\u00e7o Modelo:F50L Origem:Fran\u00e7a Quantidade de Cordas:6 SKU:032448 Serie:Focus Tensao:Leve Tipo de Corda:Roundwound Unidades por Embalagem:1 E kit:N\u00e3o Instrumento Recomendado:Guitarra<\/p>\n","protected":false},"featured_media":2662,"comment_status":"open","ping_status":"closed","template":"","meta":{"om_disable_all_campaigns":false,"_monsterinsights_skip_tracking":false,"_monsterinsights_sitenote_active":false,"_monsterinsights_sitenote_note":"","_monsterinsights_sitenote_category":0,"jetpack_publicize_message":"","jetpack_publicize_feature_enabled":true,"jetpack_social_post_already_shared":false,"jetpack_social_options":{"image_generator_settings":{"template":"highway","default_image_id":0,"font":"","enabled":false},"version":2}},"product_brand":[171],"product_cat":[28,215],"product_tag":[620,619],"class_list":{"0":"post-1514","1":"product","2":"type-product","3":"status-publish","4":"has-post-thumbnail","6":"product_brand-savarez","7":"product_cat-eletricos","8":"product_cat-encordoamentos-guitarra","9":"product_tag-cordas-para-guitarra","10":"product_tag-encordoamento-de-guitarra","12":"first","13":"instock","14":"sale","15":"shipping-taxable","16":"purchasable","17":"product-type-simple"},"aioseo_notices":[],"jetpack_publicize_connections":[],"jetpack_sharing_enabled":true,"_links":{"self":[{"href":"https:\/\/delaet.com.br\/pt_br\/wp-json\/wp\/v2\/product\/1514","targetHints":{"allow":["GET"]}}],"collection":[{"href":"https:\/\/delaet.com.br\/pt_br\/wp-json\/wp\/v2\/product"}],"about":[{"href":"https:\/\/delaet.com.br\/pt_br\/wp-json\/wp\/v2\/types\/product"}],"replies":[{"embeddable":true,"href":"https:\/\/delaet.com.br\/pt_br\/wp-json\/wp\/v2\/comments?post=1514"}],"wp:featuredmedia":[{"embeddable":true,"href":"https:\/\/delaet.com.br\/pt_br\/wp-json\/wp\/v2\/media\/2662"}],"wp:attachment":[{"href":"https:\/\/delaet.com.br\/pt_br\/wp-json\/wp\/v2\/media?parent=1514"}],"wp:term":[{"taxonomy":"product_brand","embeddable":true,"href":"https:\/\/delaet.com.br\/pt_br\/wp-json\/wp\/v2\/product_brand?post=1514"},{"taxonomy":"product_cat","embeddable":true,"href":"https:\/\/delaet.com.br\/pt_br\/wp-json\/wp\/v2\/product_cat?post=1514"},{"taxonomy":"product_tag","embeddable":true,"href":"https:\/\/delaet.com.br\/pt_br\/wp-json\/wp\/v2\/product_tag?post=1514"}],"curies":[{"name":"wp","href":"https:\/\/api.w.org\/{rel}","templated":true}]}}