{"id":1628,"date":"2026-04-12T00:23:43","date_gmt":"2026-04-12T03:23:43","guid":{"rendered":"https:\/\/delaet.com.br\/pt_br\/loja\/produto\/encordoamento-guitarra-12c-10-46-d-addario-xl-nickel-exl150-f035\/"},"modified":"2026-04-13T00:52:32","modified_gmt":"2026-04-13T03:52:32","slug":"encordoamento-guitarra-12c-10-46-d-addario-xl-nickel-exl150-f035","status":"publish","type":"product","link":"https:\/\/delaet.com.br\/pt_br\/loja\/produto\/encordoamento-guitarra-12c-10-46-d-addario-xl-nickel-exl150-f035\/","title":{"rendered":"Encordoamento Guitarra 12C 10-46 D\u00b4Addario XL Nickel EXL150"},"content":{"rendered":"<p>As D Addario XL Nickel Wound s\u00e3o reconhecidas mundialmente como a escolha dos grandes m\u00fasicos de todos os g\u00eaneros e estilos. S\u00e3o feitas de a\u00e7o banhado a n\u00edquel e enroladas com alta precis\u00e3o ao redor de uma alma hexagonal, resultando em uma corda com inconfund\u00edvel timbre brilhante e excelente afina\u00e7\u00e3o.?<\/p>\n<p>Origem:Estados Unidos<br \/> Unidades por Embalagem:1<br \/> G\u00eanero:Unissex<br \/> Material:A\u00e7o + Niquel<br \/> Linha:XL NICKEL WOUND<br \/> Tipo de Corda:ROUNDWOUND<br \/> Quantidade de Cordas:12<br \/> Tens\u00e3o:Leve<br \/> Instrumento Recomendado:Guitarra<\/p>\n<p> Codigo Universal do Produto:019954122508<br \/> Condi\u00e7\u00e3o do item:Novo<br \/> Escala da Corda:N\/A<br \/> Fonte do Produto:Importado<br \/> Instrumento recomendado:Guitarra<br \/> MPN:EXL150<br \/> Marca:D<br \/> Modelo:EXL150<br \/> SKU:012019<br \/> S\u00e9rie:XL NICKEL WOUND<br \/> \u00c9 kit:N\u00e3o<br \/> Notas:E E B B G G D D A A E E<br \/> Calibres:.010 .010 .013 .013 .017 .008 .026 .012 .035 .018 .046 .026<\/p>\n<p><\/p>\n","protected":false},"excerpt":{"rendered":"<p>As D Addario XL Nickel Wound s\u00e3o reconhecidas mundialmente como a escolha dos grandes m\u00fasicos de todos os g\u00eaneros e estilos. S\u00e3o feitas de a\u00e7o banhado a n\u00edquel e enroladas com alta precis\u00e3o ao redor de uma alma hexagonal, resultando em uma corda com inconfund\u00edvel timbre brilhante e excelente afina\u00e7\u00e3o.? Origem:Estados Unidos Unidades por Embalagem:1 [&hellip;]<\/p>\n","protected":false},"featured_media":2754,"comment_status":"open","ping_status":"closed","template":"","meta":{"om_disable_all_campaigns":false,"jetpack_publicize_message":"","jetpack_publicize_feature_enabled":true,"jetpack_social_post_already_shared":false,"jetpack_social_options":{"image_generator_settings":{"template":"highway","default_image_id":0,"font":"","enabled":false},"version":2}},"product_brand":[160],"product_cat":[28,215],"product_tag":[620,619],"class_list":{"0":"post-1628","1":"product","2":"type-product","3":"status-publish","4":"has-post-thumbnail","6":"product_brand-daddario","7":"product_cat-eletricos","8":"product_cat-encordoamentos-guitarra","9":"product_tag-cordas-para-guitarra","10":"product_tag-encordoamento-de-guitarra","12":"first","13":"instock","14":"shipping-taxable","15":"purchasable","16":"product-type-simple"},"aioseo_notices":[],"jetpack_publicize_connections":[],"jetpack_sharing_enabled":true,"_links":{"self":[{"href":"https:\/\/delaet.com.br\/pt_br\/wp-json\/wp\/v2\/product\/1628","targetHints":{"allow":["GET"]}}],"collection":[{"href":"https:\/\/delaet.com.br\/pt_br\/wp-json\/wp\/v2\/product"}],"about":[{"href":"https:\/\/delaet.com.br\/pt_br\/wp-json\/wp\/v2\/types\/product"}],"replies":[{"embeddable":true,"href":"https:\/\/delaet.com.br\/pt_br\/wp-json\/wp\/v2\/comments?post=1628"}],"wp:featuredmedia":[{"embeddable":true,"href":"https:\/\/delaet.com.br\/pt_br\/wp-json\/wp\/v2\/media\/2754"}],"wp:attachment":[{"href":"https:\/\/delaet.com.br\/pt_br\/wp-json\/wp\/v2\/media?parent=1628"}],"wp:term":[{"taxonomy":"product_brand","embeddable":true,"href":"https:\/\/delaet.com.br\/pt_br\/wp-json\/wp\/v2\/product_brand?post=1628"},{"taxonomy":"product_cat","embeddable":true,"href":"https:\/\/delaet.com.br\/pt_br\/wp-json\/wp\/v2\/product_cat?post=1628"},{"taxonomy":"product_tag","embeddable":true,"href":"https:\/\/delaet.com.br\/pt_br\/wp-json\/wp\/v2\/product_tag?post=1628"}],"curies":[{"name":"wp","href":"https:\/\/api.w.org\/{rel}","templated":true}]}}