{"id":1677,"date":"2026-04-12T00:25:22","date_gmt":"2026-04-12T03:25:22","guid":{"rendered":"https:\/\/delaet.com.br\/pt_br\/loja\/produto\/encordoamento-guitarra-revestido-10-46-d-addario-xs-nickel-f035\/"},"modified":"2026-04-13T00:48:10","modified_gmt":"2026-04-13T03:48:10","slug":"encordoamento-guitarra-revestido-10-46-d-addario-xs-nickel-f035","status":"publish","type":"product","link":"https:\/\/delaet.com.br\/pt_br\/loja\/produto\/encordoamento-guitarra-revestido-10-46-d-addario-xs-nickel-f035\/","title":{"rendered":"Encordoamento Guitarra Revestido 10-46 D\u00b4Addario XS Nickel"},"content":{"rendered":"<p>A D Addario XS para guitarra representa o in\u00edcio de uma nova era em cordas revestidas. Com seu revestimento ultrafino em cada corda espiralada e tratamento de pol\u00edmero exclusivo nas cordas lisas, a XS oferece durabilidade extrema com o mais alto n\u00edvel de prote\u00e7\u00e3o, al\u00e9m de um toque surpreendentemente suave. Nossa exclusiva tecnologia Fusion Twist reduz o atrito da corda com o nut, assim voc\u00ea passa mais tempo tocando e menos tempo afinando. O consagrado n\u00facleo NY D&#8217;Addario, com alta concentra\u00e7\u00e3o de carbono, produz resist\u00eancia e estabilidade de afina\u00e7\u00e3o incompar\u00e1veis. XS \u00e9 a corda revestida mais inovadora j\u00e1 criada.<\/p>\n<p>Origem:Estados Unidos<br \/> Unidades por Embalagem:1<br \/> G\u00eanero:Unissex<br \/> Material:A\u00e7o + Niquel<br \/> Linha:XS NICKEL<br \/> Tipo de Corda:ROUNDWOUND<br \/> Quantidade de Cordas:6<br \/> Tens\u00e3o:Leve<br \/> C\u00f3digo Universal do Produto:019954361952<br \/> Marca:D<br \/> Modelo:XSE1046<br \/> SKU:034711<\/p>\n<p> Condi\u00e7\u00e3o do \u00edtem:Novo<br \/> MPN:034711<br \/> Fonte do Produto:Importado<br \/> \u00c9 kit:N\u00e3o<br \/> S\u00e9rie:XS NICKEL<br \/> Instrumento Recomendado:Guitarra<br \/> Codigo Universal do Produto:019954361952<br \/> Condi\u00e7\u00e3o do item:Novo<br \/> Escala da Corda:N\/A<br \/> Instrumento recomendado:Guitarra<br \/> Notas:E B G D A E<br \/> Calibres:.010 .013 .017 .026 .036 .046<\/p>\n<p><\/p>\n","protected":false},"excerpt":{"rendered":"<p>A D Addario XS para guitarra representa o in\u00edcio de uma nova era em cordas revestidas. Com seu revestimento ultrafino em cada corda espiralada e tratamento de pol\u00edmero exclusivo nas cordas lisas, a XS oferece durabilidade extrema com o mais alto n\u00edvel de prote\u00e7\u00e3o, al\u00e9m de um toque surpreendentemente suave. Nossa exclusiva tecnologia Fusion Twist [&hellip;]<\/p>\n","protected":false},"featured_media":2795,"comment_status":"open","ping_status":"closed","template":"","meta":{"om_disable_all_campaigns":false,"jetpack_publicize_message":"","jetpack_publicize_feature_enabled":true,"jetpack_social_post_already_shared":false,"jetpack_social_options":{"image_generator_settings":{"template":"highway","default_image_id":0,"font":"","enabled":false},"version":2}},"product_brand":[160],"product_cat":[28,215],"product_tag":[620,619],"class_list":{"0":"post-1677","1":"product","2":"type-product","3":"status-publish","4":"has-post-thumbnail","6":"product_brand-daddario","7":"product_cat-eletricos","8":"product_cat-encordoamentos-guitarra","9":"product_tag-cordas-para-guitarra","10":"product_tag-encordoamento-de-guitarra","12":"first","13":"instock","14":"shipping-taxable","15":"purchasable","16":"product-type-simple"},"aioseo_notices":[],"jetpack_publicize_connections":[],"jetpack_sharing_enabled":true,"_links":{"self":[{"href":"https:\/\/delaet.com.br\/pt_br\/wp-json\/wp\/v2\/product\/1677","targetHints":{"allow":["GET"]}}],"collection":[{"href":"https:\/\/delaet.com.br\/pt_br\/wp-json\/wp\/v2\/product"}],"about":[{"href":"https:\/\/delaet.com.br\/pt_br\/wp-json\/wp\/v2\/types\/product"}],"replies":[{"embeddable":true,"href":"https:\/\/delaet.com.br\/pt_br\/wp-json\/wp\/v2\/comments?post=1677"}],"wp:featuredmedia":[{"embeddable":true,"href":"https:\/\/delaet.com.br\/pt_br\/wp-json\/wp\/v2\/media\/2795"}],"wp:attachment":[{"href":"https:\/\/delaet.com.br\/pt_br\/wp-json\/wp\/v2\/media?parent=1677"}],"wp:term":[{"taxonomy":"product_brand","embeddable":true,"href":"https:\/\/delaet.com.br\/pt_br\/wp-json\/wp\/v2\/product_brand?post=1677"},{"taxonomy":"product_cat","embeddable":true,"href":"https:\/\/delaet.com.br\/pt_br\/wp-json\/wp\/v2\/product_cat?post=1677"},{"taxonomy":"product_tag","embeddable":true,"href":"https:\/\/delaet.com.br\/pt_br\/wp-json\/wp\/v2\/product_tag?post=1677"}],"curies":[{"name":"wp","href":"https:\/\/api.w.org\/{rel}","templated":true}]}}