{"id":1681,"date":"2026-04-12T00:25:39","date_gmt":"2026-04-12T03:25:39","guid":{"rendered":"https:\/\/delaet.com.br\/pt_br\/loja\/produto\/encordoamento-nylon-tensao-media-savarez-tomatito-t50r-f035\/"},"modified":"2026-04-16T11:49:50","modified_gmt":"2026-04-16T14:49:50","slug":"encordoamento-nylon-tensao-media-savarez-tomatito-t50r-f035","status":"publish","type":"product","link":"https:\/\/delaet.com.br\/pt_br\/loja\/produto\/encordoamento-nylon-tensao-media-savarez-tomatito-t50r-f035\/","title":{"rendered":"Encordoamento Nylon Tens\u00e3o M\u00e9dia Savarez Tomatito T50R"},"content":{"rendered":"<p>Jogo de cordas composto por bord\u00f5es prateados e primas em nylon transparente, sendo as cordas MI (E-1) e SI (B-2) da linha Cristal, e a SOL (G-3) da linha Alliance. A Savarez e Tomatito criaram em parceria, esse encordoamento especialmente para uma resposta com a precis\u00e3o imediata e a proje\u00e7\u00e3o sonora que os m\u00fasicos de flamenco tanto procuram. Nunca foi t\u00e3o f\u00e1cil e seguro tocar flamenco com rasgueados, alzap\u00faas e picados. Desenvolvidas com materiais e tecnologia de \u00faltima gera\u00e7\u00e3o, garantindo a mais alta qualidade e longa dura\u00e7\u00e3o.<\/p>\n<p>Instrumento Recomendado:Viol\u00e3o Nylon<br \/> Calibres:N\/A<br \/> \u00c9 kit:N\u00e3o<br \/> Escala da Corda:Padr\u00e3o<br \/> Instrumento recomendado:Viol\u00e3o<br \/> Material:Nylon<br \/> Notas:E B G D A E<br \/> Quantidade de Cordas:6<br \/> Tens\u00e3o:Normal<br \/> Tipo de Corda:Nylon<br \/> Unidades por Embalagem:1<\/p>\n<p> Condi\u00e7\u00e3o do item:Novo<br \/> Fonte do Produto:Importado<br \/> G\u00eanero:Unissex<br \/> Marca:Savarez<br \/> Modelo:T50R<br \/> Origem:Fran\u00e7a<br \/> SKU:034884<br \/> C\u00f3digo de Barras:698502503664<br \/> N\u00famero de pe\u00e7a:T50R<br \/> Comprimento da embalagem:26 cm<br \/> Largura da embalagem:24 cm<br \/> Altura da embalagem:2 cm<br \/> Peso da embalagem:10 g<br \/> Tipo da embalagem:Sem embalagem adicional<\/p>\n<p><\/p>\n","protected":false},"excerpt":{"rendered":"<p>Jogo de cordas composto por bord\u00f5es prateados e primas em nylon transparente, sendo as cordas MI (E-1) e SI (B-2) da linha Cristal, e a SOL (G-3) da linha Alliance. A Savarez e Tomatito criaram em parceria, esse encordoamento especialmente para uma resposta com a precis\u00e3o imediata e a proje\u00e7\u00e3o sonora que os m\u00fasicos de [&hellip;]<\/p>\n","protected":false},"featured_media":2803,"comment_status":"open","ping_status":"closed","template":"","meta":{"om_disable_all_campaigns":false,"_monsterinsights_skip_tracking":false,"_monsterinsights_sitenote_active":false,"_monsterinsights_sitenote_note":"","_monsterinsights_sitenote_category":0,"jetpack_publicize_message":"","jetpack_publicize_feature_enabled":true,"jetpack_social_post_already_shared":false,"jetpack_social_options":{"image_generator_settings":{"template":"highway","default_image_id":0,"font":"","enabled":false},"version":2}},"product_brand":[171],"product_cat":[207,211],"product_tag":[617,618,616],"class_list":{"0":"post-1681","1":"product","2":"type-product","3":"status-publish","4":"has-post-thumbnail","6":"product_brand-savarez","7":"product_cat-acusticos","8":"product_cat-encordoamentos-nylon","9":"product_tag-cordas-de-nylon","10":"product_tag-cordas-para-violao-classico","11":"product_tag-encordoamento-de-nylon","13":"first","14":"instock","15":"sale","16":"shipping-taxable","17":"purchasable","18":"product-type-simple"},"aioseo_notices":[],"jetpack_publicize_connections":[],"jetpack_sharing_enabled":true,"_links":{"self":[{"href":"https:\/\/delaet.com.br\/pt_br\/wp-json\/wp\/v2\/product\/1681","targetHints":{"allow":["GET"]}}],"collection":[{"href":"https:\/\/delaet.com.br\/pt_br\/wp-json\/wp\/v2\/product"}],"about":[{"href":"https:\/\/delaet.com.br\/pt_br\/wp-json\/wp\/v2\/types\/product"}],"replies":[{"embeddable":true,"href":"https:\/\/delaet.com.br\/pt_br\/wp-json\/wp\/v2\/comments?post=1681"}],"wp:featuredmedia":[{"embeddable":true,"href":"https:\/\/delaet.com.br\/pt_br\/wp-json\/wp\/v2\/media\/2803"}],"wp:attachment":[{"href":"https:\/\/delaet.com.br\/pt_br\/wp-json\/wp\/v2\/media?parent=1681"}],"wp:term":[{"taxonomy":"product_brand","embeddable":true,"href":"https:\/\/delaet.com.br\/pt_br\/wp-json\/wp\/v2\/product_brand?post=1681"},{"taxonomy":"product_cat","embeddable":true,"href":"https:\/\/delaet.com.br\/pt_br\/wp-json\/wp\/v2\/product_cat?post=1681"},{"taxonomy":"product_tag","embeddable":true,"href":"https:\/\/delaet.com.br\/pt_br\/wp-json\/wp\/v2\/product_tag?post=1681"}],"curies":[{"name":"wp","href":"https:\/\/api.w.org\/{rel}","templated":true}]}}