{"id":1701,"date":"2026-04-12T00:26:16","date_gmt":"2026-04-12T03:26:16","guid":{"rendered":"https:\/\/delaet.com.br\/pt_br\/loja\/produto\/encordoamento-para-violao-nylon-d-addario-pro-arte-ej45-f035\/"},"modified":"2026-04-20T02:10:13","modified_gmt":"2026-04-20T05:10:13","slug":"encordoamento-para-violao-nylon-d-addario-pro-arte-ej45-f035","status":"publish","type":"product","link":"https:\/\/delaet.com.br\/pt_br\/loja\/produto\/encordoamento-para-violao-nylon-d-addario-pro-arte-ej45-f035\/","title":{"rendered":"Encordoamento Para Viol\u00e3o Nylon D Addario Pro-Art\u00e9 EJ45 [F035]"},"content":{"rendered":"<p>As Pro-Art\u00e9 s\u00e3o as cordas premium para viol\u00e3o nylon da D&#8217;Addario. Todas as cordas Pro-Art\u00e9 primas s\u00e3o escolhidas atrav\u00e9s de um sofisticado sistema \u00e0 laser computadorizado, que realiza medi\u00e7\u00f5es e checa a qualidade, assegurando maior sonoridade \u00e0s cordas primas em cada jogo. Os bord\u00f5es s\u00e3o constitu\u00eddos de enrolamento de cobre com banho de prata sobre uma alma formada por m\u00faltiplos filamentos de Nylon, proporcionando um timbre quente, consistente e com \u00f3tima proje\u00e7\u00e3o.<\/p>\n<p>Origem:Estados Unidos<br \/> Unidades por Embalagem:1<br \/> G\u00eanero:Unissex<br \/> Material:A\u00e7o + Nylon<br \/> Linha:PRO-ART\u00c9 NYLON CORE<br \/> Tipo de Corda:ROUNDWOUND + NYLON<br \/> Quantidade de Cordas:6<br \/> Tens\u00e3o:Media<br \/> Instrumento Recomendado:Viol\u00e3o Nylon<\/p>\n<p> Codigo Universal do Produto:019954121266<br \/> Condi\u00e7\u00e3o do item:Novo<br \/> Escala da Corda:N\/A<br \/> Fonte do Produto:Importado<br \/> Instrumento recomendado:Viol\u00e3o Nylon<br \/> MPN:EJ45<br \/> Marca:D<br \/> Modelo:EJ45<br \/> SKU:012301<br \/> S\u00e9rie:PRO-ART\u00c9 NYLON CORE<br \/> \u00c9 kit:N\u00e3o<br \/> Notas:E B G D A E<br \/> Calibres:.028 .0322 .0403 .029 .035 .043<\/p>\n<p><\/p>\n","protected":false},"excerpt":{"rendered":"<p>As Pro-Art\u00e9 s\u00e3o as cordas premium para viol\u00e3o nylon da D&#8217;Addario. Todas as cordas Pro-Art\u00e9 primas s\u00e3o escolhidas atrav\u00e9s de um sofisticado sistema \u00e0 laser computadorizado, que realiza medi\u00e7\u00f5es e checa a qualidade, assegurando maior sonoridade \u00e0s cordas primas em cada jogo. Os bord\u00f5es s\u00e3o constitu\u00eddos de enrolamento de cobre com banho de prata sobre [&hellip;]<\/p>\n","protected":false},"featured_media":4942,"comment_status":"open","ping_status":"closed","template":"","meta":{"om_disable_all_campaigns":false,"jetpack_publicize_message":"","jetpack_publicize_feature_enabled":true,"jetpack_social_post_already_shared":false,"jetpack_social_options":{"image_generator_settings":{"template":"highway","default_image_id":0,"font":"","enabled":false},"version":2}},"product_brand":[160],"product_cat":[207,211],"product_tag":[614,613],"class_list":{"0":"post-1701","1":"product","2":"type-product","3":"status-publish","4":"has-post-thumbnail","6":"product_brand-daddario","7":"product_cat-acusticos","8":"product_cat-encordoamentos-nylon","9":"product_tag-cordas-para-violao","10":"product_tag-encordoamento-para-violao","12":"first","13":"instock","14":"shipping-taxable","15":"purchasable","16":"product-type-simple"},"aioseo_notices":[],"jetpack_publicize_connections":[],"jetpack_sharing_enabled":true,"_links":{"self":[{"href":"https:\/\/delaet.com.br\/pt_br\/wp-json\/wp\/v2\/product\/1701","targetHints":{"allow":["GET"]}}],"collection":[{"href":"https:\/\/delaet.com.br\/pt_br\/wp-json\/wp\/v2\/product"}],"about":[{"href":"https:\/\/delaet.com.br\/pt_br\/wp-json\/wp\/v2\/types\/product"}],"replies":[{"embeddable":true,"href":"https:\/\/delaet.com.br\/pt_br\/wp-json\/wp\/v2\/comments?post=1701"}],"wp:featuredmedia":[{"embeddable":true,"href":"https:\/\/delaet.com.br\/pt_br\/wp-json\/wp\/v2\/media\/4942"}],"wp:attachment":[{"href":"https:\/\/delaet.com.br\/pt_br\/wp-json\/wp\/v2\/media?parent=1701"}],"wp:term":[{"taxonomy":"product_brand","embeddable":true,"href":"https:\/\/delaet.com.br\/pt_br\/wp-json\/wp\/v2\/product_brand?post=1701"},{"taxonomy":"product_cat","embeddable":true,"href":"https:\/\/delaet.com.br\/pt_br\/wp-json\/wp\/v2\/product_cat?post=1701"},{"taxonomy":"product_tag","embeddable":true,"href":"https:\/\/delaet.com.br\/pt_br\/wp-json\/wp\/v2\/product_tag?post=1701"}],"curies":[{"name":"wp","href":"https:\/\/api.w.org\/{rel}","templated":true}]}}