{"id":1703,"date":"2026-04-12T00:26:22","date_gmt":"2026-04-12T03:26:22","guid":{"rendered":"https:\/\/delaet.com.br\/pt_br\/loja\/produto\/encordoamento-para-violino-4-4-pirastro-piranito-615000-f035\/"},"modified":"2026-04-16T12:16:14","modified_gmt":"2026-04-16T15:16:14","slug":"encordoamento-para-violino-4-4-pirastro-piranito-615000-f035","status":"publish","type":"product","link":"https:\/\/delaet.com.br\/pt_br\/loja\/produto\/encordoamento-para-violino-4-4-pirastro-piranito-615000-f035\/","title":{"rendered":"Encordoamento Para Violino 4\/4 Pirastro Piranito 615000"},"content":{"rendered":"<p>A Pirastro Piranito para Violino &#8211; ball end s\u00e3o uma op\u00e7\u00e3o acess\u00edvel para quem procura jogo com todas as cordas de n\u00facleo em a\u00e7o s\u00f3lido. Indicadas a quem procura som bem aberto, brilhante e claro com grande \u00eanfase em m\u00e9dios e agudos e volume expressivo. O cromo presente em todas as cordas garante grande resist\u00eancia a oxida\u00e7\u00e3o, fazendo delas muito mais dur\u00e1veis. Indicadas tamb\u00e9m para uso em violinos el\u00e9tricos ou eletroac\u00fasticos, pois proporcionam f\u00e1cil capta\u00e7\u00e3o eletr\u00f4nica.  * E &#8211; A\u00e7o * A &#8211; Alum\u00ednio * D \/ G &#8211; A\u00e7o Cromado * Tens\u00e3o M\u00e9dia * N\u00facleo de a\u00e7o com filamento \u00fanico revestido em a\u00e7o cromado * Som brilhante, sem ru\u00eddos * Resposta f\u00e1cil * Indicada para estudantes  Composi\u00e7\u00e3o detalhada das cordas: 615100 &#8211; E1 &#8211; a\u00e7o s\u00f3lido &#8211; ponta com bolinha 615200 &#8211; A2 &#8211; n\u00facleo de a\u00e7o s\u00f3lido revestido em alum\u00ednio &#8211; ponta com bolinha 615300 &#8211; D3 &#8211; n\u00facleo de a\u00e7o s\u00f3lido revestido em cromo &#8211; ponta com bolinha 615400 &#8211; G4 &#8211; n\u00facleo de a\u00e7o s\u00f3lido revestido em cromo &#8211; ponta com bolinha  Tens\u00e3o detalhada das cordas: 615100 &#8211; E1 &#8211; 7,7kg \/ 17,2lb 615200 &#8211; A2 &#8211; 5,7kg \/ 13,2lb 615300 &#8211; D3 &#8211; 6,2kg \/ 10,8lb 615400 &#8211; G4 &#8211; 5,3kg \/ 10,6lb<\/p>\n<p>NCM:92093000<br \/> Modelo:615000<br \/> Marca:Pirastro<br \/> Codigo universal de produto (GTIN):4016710105405<br \/> Origem:Alemanha<br \/> G\u00eanero:Unissex<\/p>\n<p> Condi\u00e7\u00e3o do item:Novo<br \/> \u00c9 kit:N\u00e3o<br \/> Instrumento recomendado:Violino<br \/> Unidades por embalagem:1<br \/> Quantidade de cordas:4<br \/> Materiais:A\u00e7o<br \/> Escala:4\/4<br \/> Tipo de Material:A\u00e7o<\/p>\n<p><\/p>\n","protected":false},"excerpt":{"rendered":"<p>A Pirastro Piranito para Violino &#8211; ball end s\u00e3o uma op\u00e7\u00e3o acess\u00edvel para quem procura jogo com todas as cordas de n\u00facleo em a\u00e7o s\u00f3lido. Indicadas a quem procura som bem aberto, brilhante e claro com grande \u00eanfase em m\u00e9dios e agudos e volume expressivo. O cromo presente em todas as cordas garante grande resist\u00eancia [&hellip;]<\/p>\n","protected":false},"featured_media":2820,"comment_status":"open","ping_status":"closed","template":"","meta":{"om_disable_all_campaigns":false,"jetpack_publicize_message":"","jetpack_publicize_feature_enabled":true,"jetpack_social_post_already_shared":false,"jetpack_social_options":{"image_generator_settings":{"template":"highway","default_image_id":0,"font":"","enabled":false},"version":2}},"product_brand":[167],"product_cat":[210,231],"product_tag":[612,611],"class_list":{"0":"post-1703","1":"product","2":"type-product","3":"status-publish","4":"has-post-thumbnail","6":"product_brand-pirastro","7":"product_cat-friccionadas","8":"product_cat-encordoamentos-violino","9":"product_tag-cordas-para-violino","10":"product_tag-encordoamento-para-violino","12":"first","13":"instock","14":"shipping-taxable","15":"purchasable","16":"product-type-simple"},"aioseo_notices":[],"jetpack_publicize_connections":[],"jetpack_sharing_enabled":true,"_links":{"self":[{"href":"https:\/\/delaet.com.br\/pt_br\/wp-json\/wp\/v2\/product\/1703","targetHints":{"allow":["GET"]}}],"collection":[{"href":"https:\/\/delaet.com.br\/pt_br\/wp-json\/wp\/v2\/product"}],"about":[{"href":"https:\/\/delaet.com.br\/pt_br\/wp-json\/wp\/v2\/types\/product"}],"replies":[{"embeddable":true,"href":"https:\/\/delaet.com.br\/pt_br\/wp-json\/wp\/v2\/comments?post=1703"}],"wp:featuredmedia":[{"embeddable":true,"href":"https:\/\/delaet.com.br\/pt_br\/wp-json\/wp\/v2\/media\/2820"}],"wp:attachment":[{"href":"https:\/\/delaet.com.br\/pt_br\/wp-json\/wp\/v2\/media?parent=1703"}],"wp:term":[{"taxonomy":"product_brand","embeddable":true,"href":"https:\/\/delaet.com.br\/pt_br\/wp-json\/wp\/v2\/product_brand?post=1703"},{"taxonomy":"product_cat","embeddable":true,"href":"https:\/\/delaet.com.br\/pt_br\/wp-json\/wp\/v2\/product_cat?post=1703"},{"taxonomy":"product_tag","embeddable":true,"href":"https:\/\/delaet.com.br\/pt_br\/wp-json\/wp\/v2\/product_tag?post=1703"}],"curies":[{"name":"wp","href":"https:\/\/api.w.org\/{rel}","templated":true}]}}