{"id":1713,"date":"2026-04-12T00:26:39","date_gmt":"2026-04-12T03:26:39","guid":{"rendered":"https:\/\/delaet.com.br\/pt_br\/loja\/produto\/encordoamento-ukulele-baritono-d-addario-pro-arte-ej65b-f035\/"},"modified":"2026-04-22T19:33:15","modified_gmt":"2026-04-22T22:33:15","slug":"encordoamento-ukulele-baritono-d-addario-pro-arte-ej65b-f035","status":"publish","type":"product","link":"https:\/\/delaet.com.br\/pt_br\/loja\/produto\/encordoamento-ukulele-baritono-d-addario-pro-arte-ej65b-f035\/","title":{"rendered":"Encordoamento Ukulele Bar\u00edtono D Addario Pro-Art\u00e9 EJ65B [F035]"},"content":{"rendered":"<p>Cada jogo de cordas Extruded Ukulele \u00e9 fabricado pela D Addario utilizando a linha avan\u00e7ada de extrus\u00e3o monofilamentar constru\u00edda exclusivamente para a produ\u00e7\u00e3o de cordas para instrumentos musicais. Cada encordoamento apresenta primas Pro-Art\u00e9 de nylon transparentes escolhidas \u00e0 laser, com timbre quente, excelente proje\u00e7\u00e3o e afina\u00e7\u00e3o sem precedentes.?<\/p>\n<p>Unidades por Embalagem:1<br \/> G\u00eanero:Unissex<br \/> Material:A\u00e7o + Nylon<br \/> Linha:PRO-ART\u00c9 NYLON<br \/> Tipo de Corda:ROUNDWOUND + NYLON<br \/> Quantidade de Cordas:4<br \/> C\u00f3digo Universal do Produto:19954977399<br \/> Marca:D<br \/> Modelo:EJ65B<br \/> SKU:027117<\/p>\n<p> Condi\u00e7\u00e3o do \u00edtem:Novo<br \/> MPN:EJ65B<br \/> Fonte do Produto:Importado<br \/> \u00c9 kit:N\u00e3o<br \/> Instrumento Recomendado:Ukulele<br \/> Codigo Universal do Produto:019954977399<br \/> Condi\u00e7\u00e3o do item:Novo<br \/> Escala da Corda:N\/A<br \/> Instrumento recomendado:Ukulele<br \/> Origem:Estados Unidos<br \/> S\u00e9rie:PRO-ART\u00c9 NYLON<br \/> Tens\u00e3o:N\/A<br \/> Notas:E B G D<br \/> Calibres:.028 .034 .030 .035<\/p>\n<p><\/p>\n","protected":false},"excerpt":{"rendered":"<p>Cada jogo de cordas Extruded Ukulele \u00e9 fabricado pela D Addario utilizando a linha avan\u00e7ada de extrus\u00e3o monofilamentar constru\u00edda exclusivamente para a produ\u00e7\u00e3o de cordas para instrumentos musicais. Cada encordoamento apresenta primas Pro-Art\u00e9 de nylon transparentes escolhidas \u00e0 laser, com timbre quente, excelente proje\u00e7\u00e3o e afina\u00e7\u00e3o sem precedentes.? Unidades por Embalagem:1 G\u00eanero:Unissex Material:A\u00e7o + Nylon [&hellip;]<\/p>\n","protected":false},"featured_media":4951,"comment_status":"open","ping_status":"closed","template":"","meta":{"om_disable_all_campaigns":false,"_monsterinsights_skip_tracking":false,"_monsterinsights_sitenote_active":false,"_monsterinsights_sitenote_note":"","_monsterinsights_sitenote_category":0,"jetpack_publicize_message":"","jetpack_publicize_feature_enabled":true,"jetpack_social_post_already_shared":false,"jetpack_social_options":{"image_generator_settings":{"template":"highway","default_image_id":0,"font":"","enabled":false},"version":2}},"product_brand":[160],"product_cat":[207,213],"product_tag":[609,610],"class_list":{"0":"post-1713","1":"product","2":"type-product","3":"status-publish","4":"has-post-thumbnail","6":"product_brand-daddario","7":"product_cat-acusticos","8":"product_cat-encordoamentos-ukulele","9":"product_tag-cordas-de-ukulele","10":"product_tag-encordoamento-de-ukulele","12":"first","13":"instock","14":"shipping-taxable","15":"purchasable","16":"product-type-simple"},"aioseo_notices":[],"jetpack_publicize_connections":[],"jetpack_sharing_enabled":true,"_links":{"self":[{"href":"https:\/\/delaet.com.br\/pt_br\/wp-json\/wp\/v2\/product\/1713","targetHints":{"allow":["GET"]}}],"collection":[{"href":"https:\/\/delaet.com.br\/pt_br\/wp-json\/wp\/v2\/product"}],"about":[{"href":"https:\/\/delaet.com.br\/pt_br\/wp-json\/wp\/v2\/types\/product"}],"replies":[{"embeddable":true,"href":"https:\/\/delaet.com.br\/pt_br\/wp-json\/wp\/v2\/comments?post=1713"}],"wp:featuredmedia":[{"embeddable":true,"href":"https:\/\/delaet.com.br\/pt_br\/wp-json\/wp\/v2\/media\/4951"}],"wp:attachment":[{"href":"https:\/\/delaet.com.br\/pt_br\/wp-json\/wp\/v2\/media?parent=1713"}],"wp:term":[{"taxonomy":"product_brand","embeddable":true,"href":"https:\/\/delaet.com.br\/pt_br\/wp-json\/wp\/v2\/product_brand?post=1713"},{"taxonomy":"product_cat","embeddable":true,"href":"https:\/\/delaet.com.br\/pt_br\/wp-json\/wp\/v2\/product_cat?post=1713"},{"taxonomy":"product_tag","embeddable":true,"href":"https:\/\/delaet.com.br\/pt_br\/wp-json\/wp\/v2\/product_tag?post=1713"}],"curies":[{"name":"wp","href":"https:\/\/api.w.org\/{rel}","templated":true}]}}