{"id":1748,"date":"2026-04-12T00:27:47","date_gmt":"2026-04-12T03:27:47","guid":{"rendered":"https:\/\/delaet.com.br\/pt_br\/loja\/produto\/encordoamento-ukulele-tenor-d-addario-pro-arte-ej53t-f035\/"},"modified":"2026-04-20T02:12:21","modified_gmt":"2026-04-20T05:12:21","slug":"encordoamento-ukulele-tenor-d-addario-pro-arte-ej53t-f035","status":"publish","type":"product","link":"https:\/\/delaet.com.br\/pt_br\/loja\/produto\/encordoamento-ukulele-tenor-d-addario-pro-arte-ej53t-f035\/","title":{"rendered":"Encordoamento Ukulele Tenor D Addario Pro-Art\u00e9 EJ53T [F035]"},"content":{"rendered":"<p>Essas foram as primeiras cordas de ukulele feitas pela D&#8217;Addario. Cada corda de nylon preto \u00e9 cuidadosamente produzida para obter um di\u00e2metro final preciso e ultra suave. Excelente tocabilidade, afina\u00e7\u00e3o sem precedentes, com um timbre quente e duradouro.?<\/p>\n<p>Unidades por Embalagem:1<br \/> G\u00eanero:Unissex<br \/> Material:Nylon<br \/> Linha:PRO-ART\u00c9 RECTIFIED NYLON<br \/> Tipo de Corda:NYLON<br \/> Quantidade de Cordas:4<br \/> C\u00f3digo Universal do Produto:19954977689<br \/> Marca:D<br \/> Modelo:EJ53T<br \/> SKU:027120<\/p>\n<p> Condi\u00e7\u00e3o do \u00edtem:Novo<br \/> MPN:EJ53T<br \/> Fonte do Produto:Importado<br \/> \u00c9 kit:N\u00e3o<br \/> Instrumento Recomendado:Ukulele<br \/> Codigo Universal do Produto:019954977689<br \/> Condi\u00e7\u00e3o do item:Novo<br \/> Escala da Corda:N\/A<br \/> Instrumento recomendado:Ukulele<br \/> Origem:Estados Unidos<br \/> S\u00e9rie:PRO-ART\u00c9 RECTIFIED NYLON<br \/> Tens\u00e3o:N\/A<br \/> Notas:A E C G D E<br \/> Calibres:.028 .036 .036w .032<\/p>\n<p><\/p>\n","protected":false},"excerpt":{"rendered":"<p>Essas foram as primeiras cordas de ukulele feitas pela D&#8217;Addario. Cada corda de nylon preto \u00e9 cuidadosamente produzida para obter um di\u00e2metro final preciso e ultra suave. Excelente tocabilidade, afina\u00e7\u00e3o sem precedentes, com um timbre quente e duradouro.? Unidades por Embalagem:1 G\u00eanero:Unissex Material:Nylon Linha:PRO-ART\u00c9 RECTIFIED NYLON Tipo de Corda:NYLON Quantidade de Cordas:4 C\u00f3digo Universal do [&hellip;]<\/p>\n","protected":false},"featured_media":4979,"comment_status":"open","ping_status":"closed","template":"","meta":{"om_disable_all_campaigns":false,"jetpack_publicize_message":"","jetpack_publicize_feature_enabled":true,"jetpack_social_post_already_shared":false,"jetpack_social_options":{"image_generator_settings":{"template":"highway","default_image_id":0,"font":"","enabled":false},"version":2}},"product_brand":[160],"product_cat":[207,213],"product_tag":[609,610],"class_list":{"0":"post-1748","1":"product","2":"type-product","3":"status-publish","4":"has-post-thumbnail","6":"product_brand-daddario","7":"product_cat-acusticos","8":"product_cat-encordoamentos-ukulele","9":"product_tag-cordas-de-ukulele","10":"product_tag-encordoamento-de-ukulele","12":"first","13":"instock","14":"shipping-taxable","15":"purchasable","16":"product-type-simple"},"aioseo_notices":[],"jetpack_publicize_connections":[],"jetpack_sharing_enabled":true,"_links":{"self":[{"href":"https:\/\/delaet.com.br\/pt_br\/wp-json\/wp\/v2\/product\/1748","targetHints":{"allow":["GET"]}}],"collection":[{"href":"https:\/\/delaet.com.br\/pt_br\/wp-json\/wp\/v2\/product"}],"about":[{"href":"https:\/\/delaet.com.br\/pt_br\/wp-json\/wp\/v2\/types\/product"}],"replies":[{"embeddable":true,"href":"https:\/\/delaet.com.br\/pt_br\/wp-json\/wp\/v2\/comments?post=1748"}],"wp:featuredmedia":[{"embeddable":true,"href":"https:\/\/delaet.com.br\/pt_br\/wp-json\/wp\/v2\/media\/4979"}],"wp:attachment":[{"href":"https:\/\/delaet.com.br\/pt_br\/wp-json\/wp\/v2\/media?parent=1748"}],"wp:term":[{"taxonomy":"product_brand","embeddable":true,"href":"https:\/\/delaet.com.br\/pt_br\/wp-json\/wp\/v2\/product_brand?post=1748"},{"taxonomy":"product_cat","embeddable":true,"href":"https:\/\/delaet.com.br\/pt_br\/wp-json\/wp\/v2\/product_cat?post=1748"},{"taxonomy":"product_tag","embeddable":true,"href":"https:\/\/delaet.com.br\/pt_br\/wp-json\/wp\/v2\/product_tag?post=1748"}],"curies":[{"name":"wp","href":"https:\/\/api.w.org\/{rel}","templated":true}]}}