{"id":1777,"date":"2026-04-12T00:28:50","date_gmt":"2026-04-12T03:28:50","guid":{"rendered":"https:\/\/delaet.com.br\/pt_br\/loja\/produto\/encordoamento-viola-de-arco-d-addario-ascente-a410-mm-f035\/"},"modified":"2026-04-20T19:41:02","modified_gmt":"2026-04-20T22:41:02","slug":"encordoamento-viola-de-arco-d-addario-ascente-a410-mm-f035","status":"publish","type":"product","link":"https:\/\/delaet.com.br\/pt_br\/loja\/produto\/encordoamento-viola-de-arco-d-addario-ascente-a410-mm-f035\/","title":{"rendered":"Encordoamento Viola De Arco D Addario Ascent\u00e9 A410 MM [F035]"},"content":{"rendered":"<p>As cordas de n\u00facleo sint\u00e9tico D Addario Ascent\u00e9 foram especialmente criadas para ajudar os m\u00fasicos a aprimorar sua sonoridade, com eleg\u00e2ncia e consist\u00eancia.<br \/>\nCom uma ampla versatilidade de timbres, \u00f3tima durabilidade e estabilidade de afina\u00e7\u00e3o, as cordas Ascent\u00e9 elevam a sua sonoridade a um novo patamar.<\/p>\n<p>&#8211; Corda de n\u00facleo sint\u00e9tico com estabilidade de afina\u00e7\u00e3o sem precedentes<br \/>\n&#8211; Ampla variedade de timbres aprimora a sonoridade do seu instrumento<br \/>\n&#8211; Excelente durabilidade<br \/>\n&#8211; Dispon\u00edveis para violino 4\/4 e viola MM<\/p>\n<p>Origem:Estados Unidos<br \/> Unidades por Embalagem:1<br \/> G\u00eanero:Unissex<br \/> Material:A\u00e7o<br \/> Linha:Ascent\u00e9<br \/> Instrumento Compat\u00edvel:Viola de Arco<br \/> Tamanhos Compat\u00edveis:MM<br \/> Calibre:14.8  10.3  10.3  10.3<br \/> Marca:D<br \/> Modelo:A410 MM<br \/> SKU:A410 MM<\/p>\n<p> Condi\u00e7\u00e3o do \u00edtem:Novo<br \/> MPN:A410 MM<br \/> Fonte do Produto:Estados Unidos<br \/> \u00c9 kit:N\u00e3o<\/p>\n<p><\/p>\n","protected":false},"excerpt":{"rendered":"<p>As cordas de n\u00facleo sint\u00e9tico D Addario Ascent\u00e9 foram especialmente criadas para ajudar os m\u00fasicos a aprimorar sua sonoridade, com eleg\u00e2ncia e consist\u00eancia. Com uma ampla versatilidade de timbres, \u00f3tima durabilidade e estabilidade de afina\u00e7\u00e3o, as cordas Ascent\u00e9 elevam a sua sonoridade a um novo patamar. &#8211; Corda de n\u00facleo sint\u00e9tico com estabilidade de afina\u00e7\u00e3o [&hellip;]<\/p>\n","protected":false},"featured_media":5003,"comment_status":"open","ping_status":"closed","template":"","meta":{"om_disable_all_campaigns":false,"_monsterinsights_skip_tracking":false,"_monsterinsights_sitenote_active":false,"_monsterinsights_sitenote_note":"","_monsterinsights_sitenote_category":0,"jetpack_publicize_message":"","jetpack_publicize_feature_enabled":true,"jetpack_social_post_already_shared":false,"jetpack_social_options":{"image_generator_settings":{"template":"highway","default_image_id":0,"font":"","enabled":false},"version":2}},"product_brand":[160],"product_cat":[210,232],"product_tag":[607,606],"class_list":{"0":"post-1777","1":"product","2":"type-product","3":"status-publish","4":"has-post-thumbnail","6":"product_brand-daddario","7":"product_cat-friccionadas","8":"product_cat-encordoamentos-viola-friccionadas","9":"product_tag-cordas-de-viola","10":"product_tag-encordoamento-viola","12":"first","13":"instock","14":"shipping-taxable","15":"purchasable","16":"product-type-simple"},"aioseo_notices":[],"jetpack_publicize_connections":[],"jetpack_sharing_enabled":true,"_links":{"self":[{"href":"https:\/\/delaet.com.br\/pt_br\/wp-json\/wp\/v2\/product\/1777","targetHints":{"allow":["GET"]}}],"collection":[{"href":"https:\/\/delaet.com.br\/pt_br\/wp-json\/wp\/v2\/product"}],"about":[{"href":"https:\/\/delaet.com.br\/pt_br\/wp-json\/wp\/v2\/types\/product"}],"replies":[{"embeddable":true,"href":"https:\/\/delaet.com.br\/pt_br\/wp-json\/wp\/v2\/comments?post=1777"}],"wp:featuredmedia":[{"embeddable":true,"href":"https:\/\/delaet.com.br\/pt_br\/wp-json\/wp\/v2\/media\/5003"}],"wp:attachment":[{"href":"https:\/\/delaet.com.br\/pt_br\/wp-json\/wp\/v2\/media?parent=1777"}],"wp:term":[{"taxonomy":"product_brand","embeddable":true,"href":"https:\/\/delaet.com.br\/pt_br\/wp-json\/wp\/v2\/product_brand?post=1777"},{"taxonomy":"product_cat","embeddable":true,"href":"https:\/\/delaet.com.br\/pt_br\/wp-json\/wp\/v2\/product_cat?post=1777"},{"taxonomy":"product_tag","embeddable":true,"href":"https:\/\/delaet.com.br\/pt_br\/wp-json\/wp\/v2\/product_tag?post=1777"}],"curies":[{"name":"wp","href":"https:\/\/api.w.org\/{rel}","templated":true}]}}