{"id":1802,"date":"2026-04-12T00:29:54","date_gmt":"2026-04-12T03:29:54","guid":{"rendered":"https:\/\/delaet.com.br\/pt_br\/loja\/produto\/encordoamento-violao-aco-10-47-3-jogos-d-addario-ej15-3d-f035\/"},"modified":"2026-04-20T02:15:12","modified_gmt":"2026-04-20T05:15:12","slug":"encordoamento-violao-aco-10-47-3-jogos-d-addario-ej15-3d-f035","status":"publish","type":"product","link":"https:\/\/delaet.com.br\/pt_br\/loja\/produto\/encordoamento-violao-aco-10-47-3-jogos-d-addario-ej15-3d-f035\/","title":{"rendered":"Encordoamento Viol\u00e3o A\u00e7o 10-47 (3 Jogos) D Addario EJ15-3D [F035]"},"content":{"rendered":"<p>O Phosphor Bronze foi introduzido na fabrica\u00e7\u00e3o de cordas pela D Addario em 1974. A partir de ent\u00e3o tornou-se a escolha preferencial de grandes m\u00fasicos em todo o mundo, tanto para palco, como para est\u00fadio. Seu n\u00facleo de a\u00e7o com alta concentra\u00e7\u00e3o de carbono proporciona um timbre quente, brilhante e equilibrado. As cordas D Addario Phosphor Bronze s\u00e3o uma refer\u00eancia para todas as cordas de viol\u00e3o. As caixas Bulk D Addario s\u00e3o multi-packs convenientemente embaladas e individualmente seladas em inv\u00f3lucro resistente \u00e0 corros\u00e3o, proporcionando f\u00e1cil acesso por um pre\u00e7o especial. Pacote Com 3 Jogos.?<\/p>\n<p>Origem:Estados Unidos<br \/> Unidades por Embalagem:3<br \/> G\u00eanero:Unissex<br \/> Material:A\u00e7o + Bronze<br \/> Linha:PHOSPHOR BRONZE<br \/> Tipo de Corda:ROUNDWOUND<br \/> Quantidade de Cordas:18<br \/> Tens\u00e3o:Extra Leve<br \/> Instrumento Recomendado:Viol\u00e3o A\u00e7o<\/p>\n<p> Codigo Universal do Produto:019954126056<br \/> Condi\u00e7\u00e3o do item:Novo<br \/> Escala da Corda:N\/A<br \/> Fonte do Produto:Importado<br \/> Instrumento recomendado:Viol\u00e3o A\u00e7o<br \/> MPN:EJ15-3D<br \/> Marca:D<br \/> Modelo:EJ15-3D<br \/> SKU:012063<br \/> S\u00e9rie:PHOSPHOR BRONZE<br \/> \u00c9 kit:N\u00e3o<br \/> Notas:E B G D A E<br \/> Calibres:.010 .014 .023 .030 .039 .047<\/p>\n<p><\/p>\n","protected":false},"excerpt":{"rendered":"<p>O Phosphor Bronze foi introduzido na fabrica\u00e7\u00e3o de cordas pela D Addario em 1974. A partir de ent\u00e3o tornou-se a escolha preferencial de grandes m\u00fasicos em todo o mundo, tanto para palco, como para est\u00fadio. Seu n\u00facleo de a\u00e7o com alta concentra\u00e7\u00e3o de carbono proporciona um timbre quente, brilhante e equilibrado. As cordas D Addario [&hellip;]<\/p>\n","protected":false},"featured_media":5027,"comment_status":"open","ping_status":"closed","template":"","meta":{"om_disable_all_campaigns":false,"jetpack_publicize_message":"","jetpack_publicize_feature_enabled":true,"jetpack_social_post_already_shared":false,"jetpack_social_options":{"image_generator_settings":{"template":"highway","default_image_id":0,"font":"","enabled":false},"version":2}},"product_brand":[160],"product_cat":[207,212],"product_tag":[605,601],"class_list":{"0":"post-1802","1":"product","2":"type-product","3":"status-publish","4":"has-post-thumbnail","6":"product_brand-daddario","7":"product_cat-acusticos","8":"product_cat-encordoamentos-aco","9":"product_tag-cordas-de-aco","10":"product_tag-encordoamento-violao-aco","12":"first","13":"instock","14":"shipping-taxable","15":"purchasable","16":"product-type-simple"},"aioseo_notices":[],"jetpack_publicize_connections":[],"jetpack_sharing_enabled":true,"_links":{"self":[{"href":"https:\/\/delaet.com.br\/pt_br\/wp-json\/wp\/v2\/product\/1802","targetHints":{"allow":["GET"]}}],"collection":[{"href":"https:\/\/delaet.com.br\/pt_br\/wp-json\/wp\/v2\/product"}],"about":[{"href":"https:\/\/delaet.com.br\/pt_br\/wp-json\/wp\/v2\/types\/product"}],"replies":[{"embeddable":true,"href":"https:\/\/delaet.com.br\/pt_br\/wp-json\/wp\/v2\/comments?post=1802"}],"wp:featuredmedia":[{"embeddable":true,"href":"https:\/\/delaet.com.br\/pt_br\/wp-json\/wp\/v2\/media\/5027"}],"wp:attachment":[{"href":"https:\/\/delaet.com.br\/pt_br\/wp-json\/wp\/v2\/media?parent=1802"}],"wp:term":[{"taxonomy":"product_brand","embeddable":true,"href":"https:\/\/delaet.com.br\/pt_br\/wp-json\/wp\/v2\/product_brand?post=1802"},{"taxonomy":"product_cat","embeddable":true,"href":"https:\/\/delaet.com.br\/pt_br\/wp-json\/wp\/v2\/product_cat?post=1802"},{"taxonomy":"product_tag","embeddable":true,"href":"https:\/\/delaet.com.br\/pt_br\/wp-json\/wp\/v2\/product_tag?post=1802"}],"curies":[{"name":"wp","href":"https:\/\/api.w.org\/{rel}","templated":true}]}}