{"id":1837,"date":"2026-04-12T00:31:09","date_gmt":"2026-04-12T03:31:09","guid":{"rendered":"https:\/\/delaet.com.br\/pt_br\/loja\/produto\/encordoamento-violao-aco-11-52-corda-extra-d-addario-ej13-b-f035\/"},"modified":"2026-04-20T02:16:25","modified_gmt":"2026-04-20T05:16:25","slug":"encordoamento-violao-aco-11-52-corda-extra-d-addario-ej13-b-f035","status":"publish","type":"product","link":"https:\/\/delaet.com.br\/pt_br\/loja\/produto\/encordoamento-violao-aco-11-52-corda-extra-d-addario-ej13-b-f035\/","title":{"rendered":"Encordoamento Viol\u00e3o A\u00e7o 11-52 Corda Extra D Addario EJ13-B [F035]"},"content":{"rendered":"<p>A liga 80\/20 Bronze foi originalmente selecionada para instrumentos ac\u00fasticos por John D Addario Sr. e John D&#8217;Angelico por volta de 1930. As 80\/20 s\u00e3o populares para grava\u00e7\u00e3o gracas ao timbre n\u00edtido, encorpado e grave cultuado por muitos m\u00fasicos. As cordas s\u00e3o enroladas em um n\u00facleo de a\u00e7o com alta concentra\u00e7\u00e3o de carbono resultando em um som brilhante com excelente timbre.<\/p>\n<p>Origem:Estados Unidos<br \/> Unidades por Embalagem:1<br \/> G\u00eanero:Unissex<br \/> Material:A\u00e7o + Bronze<br \/> Linha:BRONZE 80\/20<br \/> Tipo de Corda:ROUNDWOUND<br \/> Quantidade de Cordas:6<br \/> Tens\u00e3o:Leve Custom<br \/> Instrumento Recomendado:Viol\u00e3o A\u00e7o<\/p>\n<p> Codigo Universal do Produto:019954983192<br \/> Condi\u00e7\u00e3o do item:Novo<br \/> Escala da Corda:N\/A<br \/> Fonte do Produto:Importado<br \/> Instrumento recomendado:Viol\u00e3o A\u00e7o<br \/> MPN:EJ13-B<br \/> Marca:D<br \/> Modelo:EJ13-B<br \/> SKU:025052<br \/> S\u00e9rie:BRONZE 80\/20<br \/> \u00c9 kit:N\u00e3o<br \/> Notas:E B G D A E<br \/> Calibres:.011 .015 .022 .032 .042 .052<\/p>\n<p><\/p>\n","protected":false},"excerpt":{"rendered":"<p>A liga 80\/20 Bronze foi originalmente selecionada para instrumentos ac\u00fasticos por John D Addario Sr. e John D&#8217;Angelico por volta de 1930. As 80\/20 s\u00e3o populares para grava\u00e7\u00e3o gracas ao timbre n\u00edtido, encorpado e grave cultuado por muitos m\u00fasicos. As cordas s\u00e3o enroladas em um n\u00facleo de a\u00e7o com alta concentra\u00e7\u00e3o de carbono resultando em [&hellip;]<\/p>\n","protected":false},"featured_media":5057,"comment_status":"open","ping_status":"closed","template":"","meta":{"om_disable_all_campaigns":false,"_monsterinsights_skip_tracking":false,"_monsterinsights_sitenote_active":false,"_monsterinsights_sitenote_note":"","_monsterinsights_sitenote_category":0,"jetpack_publicize_message":"","jetpack_publicize_feature_enabled":true,"jetpack_social_post_already_shared":false,"jetpack_social_options":{"image_generator_settings":{"template":"highway","default_image_id":0,"font":"","enabled":false},"version":2}},"product_brand":[160],"product_cat":[207,212],"product_tag":[605,601],"class_list":{"0":"post-1837","1":"product","2":"type-product","3":"status-publish","4":"has-post-thumbnail","6":"product_brand-daddario","7":"product_cat-acusticos","8":"product_cat-encordoamentos-aco","9":"product_tag-cordas-de-aco","10":"product_tag-encordoamento-violao-aco","12":"first","13":"instock","14":"shipping-taxable","15":"purchasable","16":"product-type-simple"},"aioseo_notices":[],"jetpack_publicize_connections":[],"jetpack_sharing_enabled":true,"_links":{"self":[{"href":"https:\/\/delaet.com.br\/pt_br\/wp-json\/wp\/v2\/product\/1837","targetHints":{"allow":["GET"]}}],"collection":[{"href":"https:\/\/delaet.com.br\/pt_br\/wp-json\/wp\/v2\/product"}],"about":[{"href":"https:\/\/delaet.com.br\/pt_br\/wp-json\/wp\/v2\/types\/product"}],"replies":[{"embeddable":true,"href":"https:\/\/delaet.com.br\/pt_br\/wp-json\/wp\/v2\/comments?post=1837"}],"wp:featuredmedia":[{"embeddable":true,"href":"https:\/\/delaet.com.br\/pt_br\/wp-json\/wp\/v2\/media\/5057"}],"wp:attachment":[{"href":"https:\/\/delaet.com.br\/pt_br\/wp-json\/wp\/v2\/media?parent=1837"}],"wp:term":[{"taxonomy":"product_brand","embeddable":true,"href":"https:\/\/delaet.com.br\/pt_br\/wp-json\/wp\/v2\/product_brand?post=1837"},{"taxonomy":"product_cat","embeddable":true,"href":"https:\/\/delaet.com.br\/pt_br\/wp-json\/wp\/v2\/product_cat?post=1837"},{"taxonomy":"product_tag","embeddable":true,"href":"https:\/\/delaet.com.br\/pt_br\/wp-json\/wp\/v2\/product_tag?post=1837"}],"curies":[{"name":"wp","href":"https:\/\/api.w.org\/{rel}","templated":true}]}}