{"id":1844,"date":"2026-04-12T00:31:21","date_gmt":"2026-04-12T03:31:21","guid":{"rendered":"https:\/\/delaet.com.br\/pt_br\/loja\/produto\/encordoamento-violao-aco-11-52-d-addario-nickel-bronz-nb1152-f035\/"},"modified":"2026-04-22T08:40:08","modified_gmt":"2026-04-22T11:40:08","slug":"encordoamento-violao-aco-11-52-d-addario-nickel-bronz-nb1152-f035","status":"publish","type":"product","link":"https:\/\/delaet.com.br\/pt_br\/loja\/produto\/encordoamento-violao-aco-11-52-d-addario-nickel-bronz-nb1152-f035\/","title":{"rendered":"Encordoamento Viol\u00e3o A\u00e7o 11-52 D Addario Nickel Bronz NB1152 [F035]"},"content":{"rendered":"<p>As Nickel Bronze s\u00e3o as cordas premium n\u00e3o revestidas para viol\u00e3o a\u00e7o da D&#8217;Addario. Apresentando uma inovadora combina\u00e7\u00e3o de f\u00f3sforo bronze niquelado, enrolado em um n\u00facleo de a\u00e7o NY de alto carbono, estas cordas real\u00e7am as caracter\u00edsticas sonoras de qualquer viol\u00e3o, revelando o som \u00fanico de cada instrumento. As cordas NB oferecem proje\u00e7\u00e3o, articula\u00e7\u00e3o e resson\u00e2ncia aprimoradas, al\u00e9m de uma incr\u00edvel estabilidade de afina\u00e7\u00e3o e resist\u00eancia \u00e0 ruptura sem precedentes.?<\/p>\n<p>Origem:Estados Unidos<br \/> Unidades por Embalagem:1<br \/> G\u00eanero:Unissex<br \/> Material:A\u00e7o + Bronze + Niquel<br \/> Linha:NICKEL BRONZE<br \/> Tipo de Corda:ROUNDWOUND<br \/> Quantidade de Cordas:6<br \/> Tens\u00e3o:Leve Custom<br \/> Instrumento Recomendado:Viol\u00e3o A\u00e7o<\/p>\n<p> Codigo Universal do Produto:019954182229<br \/> Condi\u00e7\u00e3o do item:Novo<br \/> Escala da Corda:N\/A<br \/> Fonte do Produto:Importado<br \/> Instrumento recomendado:Viol\u00e3o A\u00e7o<br \/> MPN:NB1152<br \/> Marca:D Addario<br \/> Modelo:NB1152<br \/> SKU:028062<br \/> S\u00e9rie:NICKEL BRONZE<br \/> \u00c9 kit:N\u00e3o<br \/> Notas:E B G D A E<br \/> Calibres:.011 .015 .022 .032 .042 .052<\/p>\n<p><\/p>\n","protected":false},"excerpt":{"rendered":"<p>As Nickel Bronze s\u00e3o as cordas premium n\u00e3o revestidas para viol\u00e3o a\u00e7o da D&#8217;Addario. Apresentando uma inovadora combina\u00e7\u00e3o de f\u00f3sforo bronze niquelado, enrolado em um n\u00facleo de a\u00e7o NY de alto carbono, estas cordas real\u00e7am as caracter\u00edsticas sonoras de qualquer viol\u00e3o, revelando o som \u00fanico de cada instrumento. As cordas NB oferecem proje\u00e7\u00e3o, articula\u00e7\u00e3o e [&hellip;]<\/p>\n","protected":false},"featured_media":5063,"comment_status":"open","ping_status":"closed","template":"","meta":{"om_disable_all_campaigns":false,"_monsterinsights_skip_tracking":false,"_monsterinsights_sitenote_active":false,"_monsterinsights_sitenote_note":"","_monsterinsights_sitenote_category":0,"jetpack_publicize_message":"","jetpack_publicize_feature_enabled":true,"jetpack_social_post_already_shared":false,"jetpack_social_options":{"image_generator_settings":{"template":"highway","default_image_id":0,"font":"","enabled":false},"version":2}},"product_brand":[160],"product_cat":[207,212],"product_tag":[605,601],"class_list":{"0":"post-1844","1":"product","2":"type-product","3":"status-publish","4":"has-post-thumbnail","6":"product_brand-daddario","7":"product_cat-acusticos","8":"product_cat-encordoamentos-aco","9":"product_tag-cordas-de-aco","10":"product_tag-encordoamento-violao-aco","12":"first","13":"instock","14":"shipping-taxable","15":"purchasable","16":"product-type-simple"},"aioseo_notices":[],"jetpack_publicize_connections":[],"jetpack_sharing_enabled":true,"_links":{"self":[{"href":"https:\/\/delaet.com.br\/pt_br\/wp-json\/wp\/v2\/product\/1844","targetHints":{"allow":["GET"]}}],"collection":[{"href":"https:\/\/delaet.com.br\/pt_br\/wp-json\/wp\/v2\/product"}],"about":[{"href":"https:\/\/delaet.com.br\/pt_br\/wp-json\/wp\/v2\/types\/product"}],"replies":[{"embeddable":true,"href":"https:\/\/delaet.com.br\/pt_br\/wp-json\/wp\/v2\/comments?post=1844"}],"wp:featuredmedia":[{"embeddable":true,"href":"https:\/\/delaet.com.br\/pt_br\/wp-json\/wp\/v2\/media\/5063"}],"wp:attachment":[{"href":"https:\/\/delaet.com.br\/pt_br\/wp-json\/wp\/v2\/media?parent=1844"}],"wp:term":[{"taxonomy":"product_brand","embeddable":true,"href":"https:\/\/delaet.com.br\/pt_br\/wp-json\/wp\/v2\/product_brand?post=1844"},{"taxonomy":"product_cat","embeddable":true,"href":"https:\/\/delaet.com.br\/pt_br\/wp-json\/wp\/v2\/product_cat?post=1844"},{"taxonomy":"product_tag","embeddable":true,"href":"https:\/\/delaet.com.br\/pt_br\/wp-json\/wp\/v2\/product_tag?post=1844"}],"curies":[{"name":"wp","href":"https:\/\/api.w.org\/{rel}","templated":true}]}}