{"id":1859,"date":"2026-04-12T00:31:49","date_gmt":"2026-04-12T03:31:49","guid":{"rendered":"https:\/\/delaet.com.br\/pt_br\/loja\/produto\/encordoamento-violao-aco-12-revestido-d-addario-xsapb1047-12-f035\/"},"modified":"2026-04-20T02:17:07","modified_gmt":"2026-04-20T05:17:07","slug":"encordoamento-violao-aco-12-revestido-d-addario-xsapb1047-12-f035","status":"publish","type":"product","link":"https:\/\/delaet.com.br\/pt_br\/loja\/produto\/encordoamento-violao-aco-12-revestido-d-addario-xsapb1047-12-f035\/","title":{"rendered":"Encordoamento Viol\u00e3o A\u00e7o 12 Revestido D Addario XSAPB1047-12 [F035]"},"content":{"rendered":"<p>A D Addario XS Phosphor Bronze para viol\u00e3o a\u00e7o representa o in\u00edcio de uma nova era em cordas revestidas. Com seu revestimento ultrafino em cada corda espiralada e tratamento de pol\u00edmero exclusivo nas cordas lisas, a XS oferece durabilidade extrema com o mais alto n\u00edvel de prote\u00e7\u00e3o, al\u00e9m de um toque surpreendentemente suave. Nossa exclusiva tecnologia Fusion Twist reduz o atrito da corda com o nut, assim voc\u00ea passa mais tempo tocando e menos tempo afinando. O consagrado n\u00facleo NY D&#8217;Addario, com alta concentra\u00e7\u00e3o de carbono, produz resist\u00eancia e estabilidade de afina\u00e7\u00e3o incompar\u00e1veis. XS \u00e9 a corda revestida mais inovadora j\u00e1 criada.<\/p>\n<p>Unidades por Embalagem:1<br \/> G\u00eanero:Unissex<br \/> Material:A\u00e7o + Bronze<br \/> Linha:XS PHOSPHOR BRONZE<br \/> Tipo de Corda:ROUNDWOUND COATED + NYLON<br \/> Quantidade de Cordas:12<br \/> Tens\u00e3o:Leve<br \/> C\u00f3digo Universal do Produto:19954337599<br \/> Marca:D<br \/> Modelo:XSAPB1047-12<br \/> SKU:034461<\/p>\n<p> Condi\u00e7\u00e3o do \u00edtem:Novo<br \/> MPN:XSAPB1047-12<br \/> Fonte do Produto:Importado<br \/> \u00c9 kit:N\u00e3o<br \/> Instrumento Recomendado:Viol\u00e3o A\u00e7o<br \/> Codigo Universal do Produto:019954337599<br \/> Condi\u00e7\u00e3o do item:Novo<br \/> Escala da Corda:N\/A<br \/> Instrumento recomendado:Viol\u00e3o A\u00e7o<br \/> Origem:Estados Unidos<br \/> S\u00e9rie:XS PHOSPHOR BRONZE<br \/> Notas:E B G D A E<br \/> Calibres:.010 .014 .023 .030 .039 .047 .010 .014 .008 .012 .018 .027<\/p>\n<p><\/p>\n","protected":false},"excerpt":{"rendered":"<p>A D Addario XS Phosphor Bronze para viol\u00e3o a\u00e7o representa o in\u00edcio de uma nova era em cordas revestidas. Com seu revestimento ultrafino em cada corda espiralada e tratamento de pol\u00edmero exclusivo nas cordas lisas, a XS oferece durabilidade extrema com o mais alto n\u00edvel de prote\u00e7\u00e3o, al\u00e9m de um toque surpreendentemente suave. Nossa exclusiva [&hellip;]<\/p>\n","protected":false},"featured_media":5075,"comment_status":"open","ping_status":"closed","template":"","meta":{"om_disable_all_campaigns":false,"jetpack_publicize_message":"","jetpack_publicize_feature_enabled":true,"jetpack_social_post_already_shared":false,"jetpack_social_options":{"image_generator_settings":{"template":"highway","default_image_id":0,"font":"","enabled":false},"version":2}},"product_brand":[160],"product_cat":[207,212],"product_tag":[605,601],"class_list":{"0":"post-1859","1":"product","2":"type-product","3":"status-publish","4":"has-post-thumbnail","6":"product_brand-daddario","7":"product_cat-acusticos","8":"product_cat-encordoamentos-aco","9":"product_tag-cordas-de-aco","10":"product_tag-encordoamento-violao-aco","12":"first","13":"instock","14":"shipping-taxable","15":"purchasable","16":"product-type-simple"},"aioseo_notices":[],"jetpack_publicize_connections":[],"jetpack_sharing_enabled":true,"_links":{"self":[{"href":"https:\/\/delaet.com.br\/pt_br\/wp-json\/wp\/v2\/product\/1859","targetHints":{"allow":["GET"]}}],"collection":[{"href":"https:\/\/delaet.com.br\/pt_br\/wp-json\/wp\/v2\/product"}],"about":[{"href":"https:\/\/delaet.com.br\/pt_br\/wp-json\/wp\/v2\/types\/product"}],"replies":[{"embeddable":true,"href":"https:\/\/delaet.com.br\/pt_br\/wp-json\/wp\/v2\/comments?post=1859"}],"wp:featuredmedia":[{"embeddable":true,"href":"https:\/\/delaet.com.br\/pt_br\/wp-json\/wp\/v2\/media\/5075"}],"wp:attachment":[{"href":"https:\/\/delaet.com.br\/pt_br\/wp-json\/wp\/v2\/media?parent=1859"}],"wp:term":[{"taxonomy":"product_brand","embeddable":true,"href":"https:\/\/delaet.com.br\/pt_br\/wp-json\/wp\/v2\/product_brand?post=1859"},{"taxonomy":"product_cat","embeddable":true,"href":"https:\/\/delaet.com.br\/pt_br\/wp-json\/wp\/v2\/product_cat?post=1859"},{"taxonomy":"product_tag","embeddable":true,"href":"https:\/\/delaet.com.br\/pt_br\/wp-json\/wp\/v2\/product_tag?post=1859"}],"curies":[{"name":"wp","href":"https:\/\/api.w.org\/{rel}","templated":true}]}}