{"id":1873,"date":"2026-04-12T00:32:23","date_gmt":"2026-04-12T03:32:23","guid":{"rendered":"https:\/\/delaet.com.br\/pt_br\/loja\/produto\/encordoamento-violao-aco-12-53-3-jogos-d-addario-ej16-3d-f035\/"},"modified":"2026-04-19T19:40:46","modified_gmt":"2026-04-19T22:40:46","slug":"encordoamento-violao-aco-12-53-3-jogos-d-addario-ej16-3d-f035","status":"publish","type":"product","link":"https:\/\/delaet.com.br\/pt_br\/loja\/produto\/encordoamento-violao-aco-12-53-3-jogos-d-addario-ej16-3d-f035\/","title":{"rendered":"Encordoamento Viol\u00e3o A\u00e7o 12-53 (3 Jogos) D\u00b4Addario EJ16-3D"},"content":{"rendered":"<p>O Phosphor Bronze foi introduzido na fabrica\u00e7\u00e3o de cordas pela D Addario em 1974. A partir de ent\u00e3o tornou-se a escolha preferencial de grandes m\u00fasicos em todo o mundo, tanto para palco, como para est\u00fadio. Seu n\u00facleo de a\u00e7o com alta concentra\u00e7\u00e3o de carbono proporciona um timbre quente, brilhante e equilibrado. As cordas D Addario Phosphor Bronze s\u00e3o uma refer\u00eancia para todas as cordas de viol\u00e3o. As caixas Bulk D Addario s\u00e3o multi-packs convenientemente embaladas e individualmente seladas em inv\u00f3lucro resistente \u00e0 corros\u00e3o, proporcionando f\u00e1cil acesso por um pre\u00e7o especial. Pacote Com 3 Jogos.?<\/p>\n<p>Unidades por Embalagem:3<br \/> G\u00eanero:Unissex<br \/> Material:A\u00e7o + Bronze<br \/> Linha:PHOSPHOR BRONZE<br \/> Tipo de Corda:ROUNDWOUND<br \/> Quantidade de Cordas:18<br \/> Tens\u00e3o:Leve<br \/> C\u00f3digo Universal do Produto:19954126063<br \/> Marca:D<br \/> Modelo:EJ16-3D<br \/> SKU:012064<\/p>\n<p> Condi\u00e7\u00e3o do \u00edtem:Novo<br \/> MPN:EJ16-3D<br \/> Fonte do Produto:Importado<br \/> \u00c9 kit:Sim<br \/> Instrumento Recomendado:Viol\u00e3o A\u00e7o<br \/> Codigo Universal do Produto:019954126063<br \/> Condi\u00e7\u00e3o do item:Novo<br \/> Escala da Corda:N\/A<br \/> Instrumento recomendado:Viol\u00e3o A\u00e7o<br \/> Origem:Estados Unidos<br \/> S\u00e9rie:PHOSPHOR BRONZE<br \/> Notas:E B G D A E<br \/> Calibres:.012 .016 .024 .032 .042 .053<\/p>\n<p><\/p>\n","protected":false},"excerpt":{"rendered":"<p>O Phosphor Bronze foi introduzido na fabrica\u00e7\u00e3o de cordas pela D Addario em 1974. A partir de ent\u00e3o tornou-se a escolha preferencial de grandes m\u00fasicos em todo o mundo, tanto para palco, como para est\u00fadio. Seu n\u00facleo de a\u00e7o com alta concentra\u00e7\u00e3o de carbono proporciona um timbre quente, brilhante e equilibrado. As cordas D Addario [&hellip;]<\/p>\n","protected":false},"featured_media":2954,"comment_status":"open","ping_status":"closed","template":"","meta":{"om_disable_all_campaigns":false,"jetpack_publicize_message":"","jetpack_publicize_feature_enabled":true,"jetpack_social_post_already_shared":false,"jetpack_social_options":{"image_generator_settings":{"template":"highway","default_image_id":0,"font":"","enabled":false},"version":2}},"product_brand":[160],"product_cat":[207,212],"product_tag":[605,601],"class_list":{"0":"post-1873","1":"product","2":"type-product","3":"status-publish","4":"has-post-thumbnail","6":"product_brand-daddario","7":"product_cat-acusticos","8":"product_cat-encordoamentos-aco","9":"product_tag-cordas-de-aco","10":"product_tag-encordoamento-violao-aco","12":"first","13":"instock","14":"shipping-taxable","15":"purchasable","16":"product-type-simple"},"aioseo_notices":[],"jetpack_publicize_connections":[],"jetpack_sharing_enabled":true,"_links":{"self":[{"href":"https:\/\/delaet.com.br\/pt_br\/wp-json\/wp\/v2\/product\/1873","targetHints":{"allow":["GET"]}}],"collection":[{"href":"https:\/\/delaet.com.br\/pt_br\/wp-json\/wp\/v2\/product"}],"about":[{"href":"https:\/\/delaet.com.br\/pt_br\/wp-json\/wp\/v2\/types\/product"}],"replies":[{"embeddable":true,"href":"https:\/\/delaet.com.br\/pt_br\/wp-json\/wp\/v2\/comments?post=1873"}],"wp:featuredmedia":[{"embeddable":true,"href":"https:\/\/delaet.com.br\/pt_br\/wp-json\/wp\/v2\/media\/2954"}],"wp:attachment":[{"href":"https:\/\/delaet.com.br\/pt_br\/wp-json\/wp\/v2\/media?parent=1873"}],"wp:term":[{"taxonomy":"product_brand","embeddable":true,"href":"https:\/\/delaet.com.br\/pt_br\/wp-json\/wp\/v2\/product_brand?post=1873"},{"taxonomy":"product_cat","embeddable":true,"href":"https:\/\/delaet.com.br\/pt_br\/wp-json\/wp\/v2\/product_cat?post=1873"},{"taxonomy":"product_tag","embeddable":true,"href":"https:\/\/delaet.com.br\/pt_br\/wp-json\/wp\/v2\/product_tag?post=1873"}],"curies":[{"name":"wp","href":"https:\/\/api.w.org\/{rel}","templated":true}]}}