{"id":1901,"date":"2026-04-12T00:33:16","date_gmt":"2026-04-12T03:33:16","guid":{"rendered":"https:\/\/delaet.com.br\/pt_br\/loja\/produto\/encordoamento-violao-aco-12-54-d-addario-85-15-bronze-ez920-f035\/"},"modified":"2026-04-13T00:17:00","modified_gmt":"2026-04-13T03:17:00","slug":"encordoamento-violao-aco-12-54-d-addario-85-15-bronze-ez920-f035","status":"publish","type":"product","link":"https:\/\/delaet.com.br\/pt_br\/loja\/produto\/encordoamento-violao-aco-12-54-d-addario-85-15-bronze-ez920-f035\/","title":{"rendered":"Encordoamento Viol\u00e3o A\u00e7o 12-54 D\u00b4Addario 85\/15 Bronze EZ920"},"content":{"rendered":"<p>As cordas 85\/15 t\u00eam som brilhante e com muito sustain. Combinam o brilho das 80\/20 Bronze com as caracter\u00edsticas de durabilidade das Phosphor Bronze.<\/p>\n<p>Origem:Estados Unidos<br \/> Unidades por Embalagem:1<br \/> G\u00eanero:Unissex<br \/> Material:A\u00e7o + Bronze<br \/> Linha:BRONZE 85\/15<br \/> Tipo de Corda:ROUNDWOUND<br \/> Quantidade de Cordas:6<br \/> Tens\u00e3o:Media \/ Leve<br \/> Instrumento Recomendado:Viol\u00e3o A\u00e7o<\/p>\n<p> Codigo Universal do Produto:019954123093<br \/> Condi\u00e7\u00e3o do item:Novo<br \/> Escala da Corda:N\/A<br \/> Fonte do Produto:Importado<br \/> Instrumento recomendado:Viol\u00e3o A\u00e7o<br \/> MPN:EZ920<br \/> Marca:D<br \/> Modelo:EZ920<br \/> SKU:012288<br \/> S\u00e9rie:BRONZE 85\/15<br \/> \u00c9 kit:N\u00e3o<br \/> Notas:E B G D A E<br \/> Calibres:.012 .016 .025 .034 .044 .055<\/p>\n<p><\/p>\n","protected":false},"excerpt":{"rendered":"<p>As cordas 85\/15 t\u00eam som brilhante e com muito sustain. Combinam o brilho das 80\/20 Bronze com as caracter\u00edsticas de durabilidade das Phosphor Bronze. Origem:Estados Unidos Unidades por Embalagem:1 G\u00eanero:Unissex Material:A\u00e7o + Bronze Linha:BRONZE 85\/15 Tipo de Corda:ROUNDWOUND Quantidade de Cordas:6 Tens\u00e3o:Media \/ Leve Instrumento Recomendado:Viol\u00e3o A\u00e7o Codigo Universal do Produto:019954123093 Condi\u00e7\u00e3o do item:Novo Escala [&hellip;]<\/p>\n","protected":false},"featured_media":2978,"comment_status":"open","ping_status":"closed","template":"","meta":{"om_disable_all_campaigns":false,"jetpack_publicize_message":"","jetpack_publicize_feature_enabled":true,"jetpack_social_post_already_shared":false,"jetpack_social_options":{"image_generator_settings":{"template":"highway","default_image_id":0,"font":"","enabled":false},"version":2}},"product_brand":[160],"product_cat":[207,212],"product_tag":[605,601],"class_list":{"0":"post-1901","1":"product","2":"type-product","3":"status-publish","4":"has-post-thumbnail","6":"product_brand-daddario","7":"product_cat-acusticos","8":"product_cat-encordoamentos-aco","9":"product_tag-cordas-de-aco","10":"product_tag-encordoamento-violao-aco","12":"first","13":"instock","14":"shipping-taxable","15":"purchasable","16":"product-type-simple"},"aioseo_notices":[],"jetpack_publicize_connections":[],"jetpack_sharing_enabled":true,"_links":{"self":[{"href":"https:\/\/delaet.com.br\/pt_br\/wp-json\/wp\/v2\/product\/1901","targetHints":{"allow":["GET"]}}],"collection":[{"href":"https:\/\/delaet.com.br\/pt_br\/wp-json\/wp\/v2\/product"}],"about":[{"href":"https:\/\/delaet.com.br\/pt_br\/wp-json\/wp\/v2\/types\/product"}],"replies":[{"embeddable":true,"href":"https:\/\/delaet.com.br\/pt_br\/wp-json\/wp\/v2\/comments?post=1901"}],"wp:featuredmedia":[{"embeddable":true,"href":"https:\/\/delaet.com.br\/pt_br\/wp-json\/wp\/v2\/media\/2978"}],"wp:attachment":[{"href":"https:\/\/delaet.com.br\/pt_br\/wp-json\/wp\/v2\/media?parent=1901"}],"wp:term":[{"taxonomy":"product_brand","embeddable":true,"href":"https:\/\/delaet.com.br\/pt_br\/wp-json\/wp\/v2\/product_brand?post=1901"},{"taxonomy":"product_cat","embeddable":true,"href":"https:\/\/delaet.com.br\/pt_br\/wp-json\/wp\/v2\/product_cat?post=1901"},{"taxonomy":"product_tag","embeddable":true,"href":"https:\/\/delaet.com.br\/pt_br\/wp-json\/wp\/v2\/product_tag?post=1901"}],"curies":[{"name":"wp","href":"https:\/\/api.w.org\/{rel}","templated":true}]}}