{"id":1950,"date":"2026-04-12T00:34:39","date_gmt":"2026-04-12T03:34:39","guid":{"rendered":"https:\/\/delaet.com.br\/pt_br\/loja\/produto\/encordoamento-violao-aco-12c-12-52-d-addario-phosphor-ej39-f035\/"},"modified":"2026-04-13T00:12:09","modified_gmt":"2026-04-13T03:12:09","slug":"encordoamento-violao-aco-12c-12-52-d-addario-phosphor-ej39-f035","status":"publish","type":"product","link":"https:\/\/delaet.com.br\/pt_br\/loja\/produto\/encordoamento-violao-aco-12c-12-52-d-addario-phosphor-ej39-f035\/","title":{"rendered":"Encordoamento Viol\u00e3o A\u00e7o 12C 12-52 D\u00b4Addario Phosphor EJ39"},"content":{"rendered":"<p>O Phosphor Bronze foi introduzido na fabrica\u00e7\u00e3o de cordas pela D Addario em 1974. A partir de ent\u00e3o tornou-se a escolha preferencial de grandes m\u00fasicos em todo o mundo, tanto para palco, como para est\u00fadio. Seu n\u00facleo de a\u00e7o com alta concentra\u00e7\u00e3o de carbono proporciona um timbre quente, brilhante e equilibrado. As cordas D Addario Phosphor Bronze s\u00e3o uma refer\u00eancia para todas as cordas de viol\u00e3o.<\/p>\n<p>Unidades por Embalagem:1<br \/> G\u00eanero:Unissex<br \/> Material:A\u00e7o + Bronze<br \/> Linha:PHOSPHOR BRONZE<br \/> Tipo de Corda:ROUNDWOUND<br \/> Quantidade de Cordas:12<br \/> Tens\u00e3o:Media<br \/> C\u00f3digo Universal do Produto:19954121198<br \/> Marca:D Addario<br \/> Modelo:EJ39<br \/> SKU:012060<\/p>\n<p> Condi\u00e7\u00e3o do \u00edtem:Novo<br \/> MPN:EJ39<br \/> Fonte do Produto:Importado<br \/> \u00c9 kit:N\u00e3o<br \/> Instrumento Recomendado:Viol\u00e3o A\u00e7o<br \/> Codigo Universal do Produto:019954121198<br \/> Condi\u00e7\u00e3o do item:Novo<br \/> Escala da Corda:N\/A<br \/> Instrumento recomendado:Viol\u00e3o A\u00e7o<br \/> Origem:Estados Unidos<br \/> S\u00e9rie:PHOSPHOR BRONZE<br \/> Notas:E B G D A E<br \/> Calibres:.012 .016 .025 .032 .042 .052 .012 .016 .010 .014 .020 .030<\/p>\n<p><\/p>\n","protected":false},"excerpt":{"rendered":"<p>O Phosphor Bronze foi introduzido na fabrica\u00e7\u00e3o de cordas pela D Addario em 1974. A partir de ent\u00e3o tornou-se a escolha preferencial de grandes m\u00fasicos em todo o mundo, tanto para palco, como para est\u00fadio. Seu n\u00facleo de a\u00e7o com alta concentra\u00e7\u00e3o de carbono proporciona um timbre quente, brilhante e equilibrado. As cordas D Addario [&hellip;]<\/p>\n","protected":false},"featured_media":3020,"comment_status":"open","ping_status":"closed","template":"","meta":{"om_disable_all_campaigns":false,"jetpack_publicize_message":"","jetpack_publicize_feature_enabled":true,"jetpack_social_post_already_shared":false,"jetpack_social_options":{"image_generator_settings":{"template":"highway","default_image_id":0,"font":"","enabled":false},"version":2}},"product_brand":[160],"product_cat":[207,212],"product_tag":[605,601],"class_list":{"0":"post-1950","1":"product","2":"type-product","3":"status-publish","4":"has-post-thumbnail","6":"product_brand-daddario","7":"product_cat-acusticos","8":"product_cat-encordoamentos-aco","9":"product_tag-cordas-de-aco","10":"product_tag-encordoamento-violao-aco","12":"first","13":"instock","14":"shipping-taxable","15":"purchasable","16":"product-type-simple"},"aioseo_notices":[],"jetpack_publicize_connections":[],"jetpack_sharing_enabled":true,"_links":{"self":[{"href":"https:\/\/delaet.com.br\/pt_br\/wp-json\/wp\/v2\/product\/1950","targetHints":{"allow":["GET"]}}],"collection":[{"href":"https:\/\/delaet.com.br\/pt_br\/wp-json\/wp\/v2\/product"}],"about":[{"href":"https:\/\/delaet.com.br\/pt_br\/wp-json\/wp\/v2\/types\/product"}],"replies":[{"embeddable":true,"href":"https:\/\/delaet.com.br\/pt_br\/wp-json\/wp\/v2\/comments?post=1950"}],"wp:featuredmedia":[{"embeddable":true,"href":"https:\/\/delaet.com.br\/pt_br\/wp-json\/wp\/v2\/media\/3020"}],"wp:attachment":[{"href":"https:\/\/delaet.com.br\/pt_br\/wp-json\/wp\/v2\/media?parent=1950"}],"wp:term":[{"taxonomy":"product_brand","embeddable":true,"href":"https:\/\/delaet.com.br\/pt_br\/wp-json\/wp\/v2\/product_brand?post=1950"},{"taxonomy":"product_cat","embeddable":true,"href":"https:\/\/delaet.com.br\/pt_br\/wp-json\/wp\/v2\/product_cat?post=1950"},{"taxonomy":"product_tag","embeddable":true,"href":"https:\/\/delaet.com.br\/pt_br\/wp-json\/wp\/v2\/product_tag?post=1950"}],"curies":[{"name":"wp","href":"https:\/\/api.w.org\/{rel}","templated":true}]}}