{"id":2024,"date":"2026-04-12T00:36:34","date_gmt":"2026-04-12T03:36:34","guid":{"rendered":"https:\/\/delaet.com.br\/pt_br\/loja\/produto\/encordoamento-violao-aco-revestido-10-47-d-addario-xtabr1047-f035\/"},"modified":"2026-04-12T23:56:35","modified_gmt":"2026-04-13T02:56:35","slug":"encordoamento-violao-aco-revestido-10-47-d-addario-xtabr1047-f035","status":"publish","type":"product","link":"https:\/\/delaet.com.br\/pt_br\/loja\/produto\/encordoamento-violao-aco-revestido-10-47-d-addario-xtabr1047-f035\/","title":{"rendered":"Encordoamento Viol\u00e3o A\u00e7o Revestido 10-47 D\u00b4Addario XTABR1047"},"content":{"rendered":"<p>A D Addario XT 80\/20 Bronze para viol\u00e3o a\u00e7o combina n\u00facleo de a\u00e7o de alto carbono com revestimento ultrafino, prolongando sua vida \u00fatil. As cordas revestidas D Addario XT possuem maior durabilidade, resist\u00eancia, estabilidade de afina\u00e7\u00e3o e desempenho de longa dura\u00e7\u00e3o &#8211; tudo isso preservando o timbre natural e mantendo a mesma sensa\u00e7\u00e3o de suas cordas favoritas sem revestimento.<\/p>\n<p>Origem:Estados Unidos<br \/> Unidades por Embalagem:1<br \/> G\u00eanero:Unissex<br \/> Material:A\u00e7o + Bronze<br \/> Linha:XT 80\/20 BRONZE<br \/> Tipo de Corda:ROUNDWOUND COATED<br \/> Quantidade de Cordas:6<br \/> Tens\u00e3o:Extra leve<br \/> Instrumento Recomendado:Viol\u00e3o A\u00e7o<\/p>\n<p> Codigo Universal do Produto:019954308735<br \/> Condi\u00e7\u00e3o do item:Novo<br \/> Escala da Corda:N\/A<br \/> Fonte do Produto:Importado<br \/> Instrumento recomendado:Viol\u00e3o A\u00e7o<br \/> MPN:XTABR1047<br \/> Marca:D<br \/> Modelo:XTABR1047<br \/> SKU:031683<br \/> S\u00e9rie:XT 80\/20 BRONZE<br \/> \u00c9 kit:N\u00e3o<br \/> Notas:E B G D A E<br \/> Calibres:.010 .014 .023 .030 .039 .047<\/p>\n<p><\/p>\n","protected":false},"excerpt":{"rendered":"<p>A D Addario XT 80\/20 Bronze para viol\u00e3o a\u00e7o combina n\u00facleo de a\u00e7o de alto carbono com revestimento ultrafino, prolongando sua vida \u00fatil. As cordas revestidas D Addario XT possuem maior durabilidade, resist\u00eancia, estabilidade de afina\u00e7\u00e3o e desempenho de longa dura\u00e7\u00e3o &#8211; tudo isso preservando o timbre natural e mantendo a mesma sensa\u00e7\u00e3o de suas [&hellip;]<\/p>\n","protected":false},"featured_media":3083,"comment_status":"open","ping_status":"closed","template":"","meta":{"om_disable_all_campaigns":false,"jetpack_publicize_message":"","jetpack_publicize_feature_enabled":true,"jetpack_social_post_already_shared":false,"jetpack_social_options":{"image_generator_settings":{"template":"highway","default_image_id":0,"font":"","enabled":false},"version":2}},"product_brand":[160],"product_cat":[207,212],"product_tag":[605,601],"class_list":{"0":"post-2024","1":"product","2":"type-product","3":"status-publish","4":"has-post-thumbnail","6":"product_brand-daddario","7":"product_cat-acusticos","8":"product_cat-encordoamentos-aco","9":"product_tag-cordas-de-aco","10":"product_tag-encordoamento-violao-aco","12":"first","13":"instock","14":"shipping-taxable","15":"purchasable","16":"product-type-simple"},"aioseo_notices":[],"jetpack_publicize_connections":[],"jetpack_sharing_enabled":true,"_links":{"self":[{"href":"https:\/\/delaet.com.br\/pt_br\/wp-json\/wp\/v2\/product\/2024","targetHints":{"allow":["GET"]}}],"collection":[{"href":"https:\/\/delaet.com.br\/pt_br\/wp-json\/wp\/v2\/product"}],"about":[{"href":"https:\/\/delaet.com.br\/pt_br\/wp-json\/wp\/v2\/types\/product"}],"replies":[{"embeddable":true,"href":"https:\/\/delaet.com.br\/pt_br\/wp-json\/wp\/v2\/comments?post=2024"}],"wp:featuredmedia":[{"embeddable":true,"href":"https:\/\/delaet.com.br\/pt_br\/wp-json\/wp\/v2\/media\/3083"}],"wp:attachment":[{"href":"https:\/\/delaet.com.br\/pt_br\/wp-json\/wp\/v2\/media?parent=2024"}],"wp:term":[{"taxonomy":"product_brand","embeddable":true,"href":"https:\/\/delaet.com.br\/pt_br\/wp-json\/wp\/v2\/product_brand?post=2024"},{"taxonomy":"product_cat","embeddable":true,"href":"https:\/\/delaet.com.br\/pt_br\/wp-json\/wp\/v2\/product_cat?post=2024"},{"taxonomy":"product_tag","embeddable":true,"href":"https:\/\/delaet.com.br\/pt_br\/wp-json\/wp\/v2\/product_tag?post=2024"}],"curies":[{"name":"wp","href":"https:\/\/api.w.org\/{rel}","templated":true}]}}