{"id":2092,"date":"2026-04-12T00:38:47","date_gmt":"2026-04-12T03:38:47","guid":{"rendered":"https:\/\/delaet.com.br\/pt_br\/loja\/produto\/encordoamento-violao-nylon-3-jogos-d-addario-ej27n-3d-f035\/"},"modified":"2026-04-17T15:07:49","modified_gmt":"2026-04-17T18:07:49","slug":"encordoamento-violao-nylon-3-jogos-d-addario-ej27n-3d-f035","status":"publish","type":"product","link":"https:\/\/delaet.com.br\/pt_br\/loja\/produto\/encordoamento-violao-nylon-3-jogos-d-addario-ej27n-3d-f035\/","title":{"rendered":"Encordoamento Viol\u00e3o Nylon (3 Jogos) D\u00b4Addario EJ27N-3D"},"content":{"rendered":"<p>Os multi-packs D Addario s\u00e3o packs de 3 ou 10 encordoamentos para viol\u00f5es A\u00e7o e Nylon, convenientemente embalados e individualmente selados em involucro resistente a corros\u00e3o. Embalagens individuais n\u00e3o podem ser vendidas separadamente. As caixas Bulk D Addario s\u00e3o convenientes e proporcionam f\u00e1cil acesso a 25 encordoamentos completos com cordas avulsas e pre\u00e7o especial.<\/p>\n<p>Instrumento Recomendado:Viol\u00e3o Nylon<\/p>\n<p> Condicao do item:Novo<br \/> C\u00f3digo Universal do Produto:019954255619<br \/> Escala da Corda:N\/A<br \/> Fonte do Produto:Importado<br \/> G\u00eanero:Unissex<br \/> Linha:Classic Nylon<br \/> MPN:EJ27N-3D<br \/> Marca:DAddario<br \/> Material:Nylon<br \/> Modelo:EJ27N-3D<br \/> Origem:Estados Unidos<br \/> Quantidade de Cordas:18<br \/> SKU:029776<br \/> S\u00e9rie:Classic Nylon<br \/> Tens\u00e3o:Normal<br \/> Tipo de Corda:Viol\u00e3o Nylon<br \/> Unidades por Embalagem:3<br \/> \u00c9 kit:N\u00e3o<br \/> Calibres:Normal<\/p>\n<p><\/p>\n","protected":false},"excerpt":{"rendered":"<p>Os multi-packs D Addario s\u00e3o packs de 3 ou 10 encordoamentos para viol\u00f5es A\u00e7o e Nylon, convenientemente embalados e individualmente selados em involucro resistente a corros\u00e3o. Embalagens individuais n\u00e3o podem ser vendidas separadamente. As caixas Bulk D Addario s\u00e3o convenientes e proporcionam f\u00e1cil acesso a 25 encordoamentos completos com cordas avulsas e pre\u00e7o especial. Instrumento [&hellip;]<\/p>\n","protected":false},"featured_media":3144,"comment_status":"open","ping_status":"closed","template":"","meta":{"om_disable_all_campaigns":false,"_monsterinsights_skip_tracking":false,"_monsterinsights_sitenote_active":false,"_monsterinsights_sitenote_note":"","_monsterinsights_sitenote_category":0,"jetpack_publicize_message":"","jetpack_publicize_feature_enabled":true,"jetpack_social_post_already_shared":false,"jetpack_social_options":{"image_generator_settings":{"template":"highway","default_image_id":0,"font":"","enabled":false},"version":2}},"product_brand":[160],"product_cat":[211],"product_tag":[604,603],"class_list":{"0":"post-2092","1":"product","2":"type-product","3":"status-publish","4":"has-post-thumbnail","6":"product_brand-daddario","7":"product_cat-encordoamentos-nylon","8":"product_tag-cordas-nylon","9":"product_tag-encordoamento-violao-nylon","11":"first","12":"instock","13":"sale","14":"shipping-taxable","15":"purchasable","16":"product-type-simple"},"aioseo_notices":[],"jetpack_publicize_connections":[],"jetpack_sharing_enabled":true,"_links":{"self":[{"href":"https:\/\/delaet.com.br\/pt_br\/wp-json\/wp\/v2\/product\/2092","targetHints":{"allow":["GET"]}}],"collection":[{"href":"https:\/\/delaet.com.br\/pt_br\/wp-json\/wp\/v2\/product"}],"about":[{"href":"https:\/\/delaet.com.br\/pt_br\/wp-json\/wp\/v2\/types\/product"}],"replies":[{"embeddable":true,"href":"https:\/\/delaet.com.br\/pt_br\/wp-json\/wp\/v2\/comments?post=2092"}],"wp:featuredmedia":[{"embeddable":true,"href":"https:\/\/delaet.com.br\/pt_br\/wp-json\/wp\/v2\/media\/3144"}],"wp:attachment":[{"href":"https:\/\/delaet.com.br\/pt_br\/wp-json\/wp\/v2\/media?parent=2092"}],"wp:term":[{"taxonomy":"product_brand","embeddable":true,"href":"https:\/\/delaet.com.br\/pt_br\/wp-json\/wp\/v2\/product_brand?post=2092"},{"taxonomy":"product_cat","embeddable":true,"href":"https:\/\/delaet.com.br\/pt_br\/wp-json\/wp\/v2\/product_cat?post=2092"},{"taxonomy":"product_tag","embeddable":true,"href":"https:\/\/delaet.com.br\/pt_br\/wp-json\/wp\/v2\/product_tag?post=2092"}],"curies":[{"name":"wp","href":"https:\/\/api.w.org\/{rel}","templated":true}]}}