{"id":2096,"date":"2026-04-12T00:38:57","date_gmt":"2026-04-12T03:38:57","guid":{"rendered":"https:\/\/delaet.com.br\/pt_br\/loja\/produto\/encordoamento-violao-nylon-3-jogos-d-addario-ej45-3d-f035\/"},"modified":"2026-04-17T19:50:49","modified_gmt":"2026-04-17T22:50:49","slug":"encordoamento-violao-nylon-3-jogos-d-addario-ej45-3d-f035","status":"publish","type":"product","link":"https:\/\/delaet.com.br\/pt_br\/loja\/produto\/encordoamento-violao-nylon-3-jogos-d-addario-ej45-3d-f035\/","title":{"rendered":"Encordoamento Viol\u00e3o Nylon (3 Jogos) D\u00b4Addario EJ45-3D"},"content":{"rendered":"<p>As Pro-Art\u00e9 s\u00e3o as cordas premium para viol\u00e3o de n\u00e1ilon da D&#8217;Addario. Todas as cordas Pro-Arte agudas s\u00e3o escolhidas atrav\u00e9s de um sofisticado laser controlado por computador que realiza medi\u00e7\u00f5es e checa a qualidade, assegurando sonoridade absoluta \u00e0s cordas primas em cada jogo. Os bord\u00f5es s\u00e3o constitu\u00eddos de enrolamento de cobre com banho de prata sobre uma alma e, n\u00e1ilon, proporcionando um timbre quente consistente. As caixas Bulk D Addario s\u00e3o multi-packs convenientemente embaladas e individualmente seladas em inv\u00f3lucro resistente \u00e0 corros\u00e3o, proporcionando f\u00e1cil acesso por um pre\u00e7o especial. Pacote Com 3 Jogos.<\/p>\n<p>Origem:Estados Unidos<br \/> Unidades por Embalagem:3<br \/> G\u00eanero:Unissex<br \/> Material:A\u00e7o + Nylon<br \/> Linha:PRO-ART\u00c9 NYLON CORE<br \/> Tipo de Corda:ROUNDWOUND + NYLON<br \/> Quantidade de Cordas:18<br \/> Tens\u00e3o:Media<br \/> Instrumento Recomendado:Viol\u00e3o Nylon<\/p>\n<p> Codigo Universal do Produto:019954954369<br \/> Condi\u00e7\u00e3o do item:Novo<br \/> Escala da Corda:N\/A<br \/> Fonte do Produto:Importado<br \/> Instrumento recomendado:Viol\u00e3o Nylon<br \/> MPN:EJ45-3D<br \/> Marca:D<br \/> Modelo:EJ45-3D<br \/> SKU:017330<br \/> S\u00e9rie:PRO-ART\u00c9 NYLON CORE<br \/> \u00c9 kit:N\u00e3o<br \/> Notas:E B G D A E<br \/> Calibres:.028 .0322 .0403 .029 .035 .043<\/p>\n<p><\/p>\n","protected":false},"excerpt":{"rendered":"<p>As Pro-Art\u00e9 s\u00e3o as cordas premium para viol\u00e3o de n\u00e1ilon da D&#8217;Addario. Todas as cordas Pro-Arte agudas s\u00e3o escolhidas atrav\u00e9s de um sofisticado laser controlado por computador que realiza medi\u00e7\u00f5es e checa a qualidade, assegurando sonoridade absoluta \u00e0s cordas primas em cada jogo. Os bord\u00f5es s\u00e3o constitu\u00eddos de enrolamento de cobre com banho de prata [&hellip;]<\/p>\n","protected":false},"featured_media":3147,"comment_status":"open","ping_status":"closed","template":"","meta":{"om_disable_all_campaigns":false,"jetpack_publicize_message":"","jetpack_publicize_feature_enabled":true,"jetpack_social_post_already_shared":false,"jetpack_social_options":{"image_generator_settings":{"template":"highway","default_image_id":0,"font":"","enabled":false},"version":2}},"product_brand":[160],"product_cat":[207,211],"product_tag":[604,603],"class_list":{"0":"post-2096","1":"product","2":"type-product","3":"status-publish","4":"has-post-thumbnail","6":"product_brand-daddario","7":"product_cat-acusticos","8":"product_cat-encordoamentos-nylon","9":"product_tag-cordas-nylon","10":"product_tag-encordoamento-violao-nylon","12":"first","13":"instock","14":"shipping-taxable","15":"purchasable","16":"product-type-simple"},"aioseo_notices":[],"jetpack_publicize_connections":[],"jetpack_sharing_enabled":true,"_links":{"self":[{"href":"https:\/\/delaet.com.br\/pt_br\/wp-json\/wp\/v2\/product\/2096","targetHints":{"allow":["GET"]}}],"collection":[{"href":"https:\/\/delaet.com.br\/pt_br\/wp-json\/wp\/v2\/product"}],"about":[{"href":"https:\/\/delaet.com.br\/pt_br\/wp-json\/wp\/v2\/types\/product"}],"replies":[{"embeddable":true,"href":"https:\/\/delaet.com.br\/pt_br\/wp-json\/wp\/v2\/comments?post=2096"}],"wp:featuredmedia":[{"embeddable":true,"href":"https:\/\/delaet.com.br\/pt_br\/wp-json\/wp\/v2\/media\/3147"}],"wp:attachment":[{"href":"https:\/\/delaet.com.br\/pt_br\/wp-json\/wp\/v2\/media?parent=2096"}],"wp:term":[{"taxonomy":"product_brand","embeddable":true,"href":"https:\/\/delaet.com.br\/pt_br\/wp-json\/wp\/v2\/product_brand?post=2096"},{"taxonomy":"product_cat","embeddable":true,"href":"https:\/\/delaet.com.br\/pt_br\/wp-json\/wp\/v2\/product_cat?post=2096"},{"taxonomy":"product_tag","embeddable":true,"href":"https:\/\/delaet.com.br\/pt_br\/wp-json\/wp\/v2\/product_tag?post=2096"}],"curies":[{"name":"wp","href":"https:\/\/api.w.org\/{rel}","templated":true}]}}