{"id":2098,"date":"2026-04-12T00:39:07","date_gmt":"2026-04-12T03:39:07","guid":{"rendered":"https:\/\/delaet.com.br\/pt_br\/loja\/produto\/encordoamento-violao-nylon-7c-savarez-yamandu-costa-y510mj7-f035\/"},"modified":"2026-04-20T00:46:41","modified_gmt":"2026-04-20T03:46:41","slug":"encordoamento-violao-nylon-7c-savarez-yamandu-costa-y510mj7-f035","status":"publish","type":"product","link":"https:\/\/delaet.com.br\/pt_br\/loja\/produto\/encordoamento-violao-nylon-7c-savarez-yamandu-costa-y510mj7-f035\/","title":{"rendered":"Encordoamento Viol\u00e3o Nylon 7C Savarez Yamandu Costa Y510MJ7"},"content":{"rendered":"<p>O Encordoamento\u00a0<strong>Savarez Yamandu Costa Y510MJ7 Sete Cordas Nylon<\/strong>\u00a0\u00e9 composto por cordas de tens\u00e3o alta desenvolvidas com tecnologia exclusiva da marca Savarez.<\/p>\n<p>Foi um trabalho de longa parceria entre a Savarez e o nosso virtuoso violonista de sete Yamandu Costa que sempre utilizou cordas Savarez em seus viol\u00f5es.<\/p>\n<p>Os baixos Cantiga s\u00e3o uma vers\u00e3o moderna dos bord\u00f5es Savarez. Produzem sons potentes, ricos em timbre com valoriza\u00e7\u00e3o de met\u00e1licos e grande proje\u00e7\u00e3o.<\/p>\n<p>A terceira corda \u00e9 Alliance com composi\u00e7\u00e3o a base de carbono (fluorocarbono). Essa composi\u00e7\u00e3o gera produ\u00e7\u00e3o de sons claros, brilhantes que se mant\u00e9m mesmo em posi\u00e7\u00f5es altas do bra\u00e7o (notas agudas). A terceira corda em carbono ameniza a transi\u00e7\u00e3o contrastante de timbre da quarta para a terceira corda que ocorre nos encordoamentos convencionais.<\/p>\n<p>J\u00e1 a segunda e a primeira cordas s\u00e3o New Cristal com composi\u00e7\u00e3o em nylon. Produzem sons claros, brilhantes e potentes e boas nuances de timbre.<\/p>\n<p>A s\u00e9tima corda tem o mesmo material de constru\u00e7\u00e3o dos bord\u00f5es Cantiga.<\/p>\n<p>Foi desenvolvida em calibre e tens\u00e3o para permitir com toler\u00e2ncia, a\u00a0 afina\u00e7\u00e3o de C, Si ou L\u00e1 deixando o jogo muito vers\u00e1til.<\/p>\n<p>Enfim, o jogo completo com assinatura de Yamandu Costa que traz um equil\u00edbrio de timbre e conforto ampliando os horizontes de sua performance.<\/p>\n<p>Codigo Universal do Produto:698502505033<br \/>\nCondicao do item:Novo<br \/>\nFonte do Produto:Importado<br \/>\nGenero:Unissex<br \/>\nLinha:Yamandu Costa<br \/>\nMPN:Y510MJ7<br \/>\nMarca:Savarez<br \/>\nMaterial:Nylon<br \/>\nModelo:Y510MJ7<br \/>\nOrigem:Fran\u00e7a<br \/>\nQuantidade de Cordas:7<br \/>\nSKU:034885<br \/>\nSerie:Yamandu Costa<br \/>\nTensao:Alta<br \/>\nTipo de Corda:Roundwound+Nylon<br \/>\nUnidades por Embalagem:1<br \/>\nE kit:N\u00e3o<br \/>\nInstrumento Recomendado:Viol\u00e3o Nylon<\/p>\n","protected":false},"excerpt":{"rendered":"<p>O Encordoamento\u00a0Savarez Yamandu Costa Y510MJ7 Sete Cordas Nylon\u00a0\u00e9 composto por cordas de tens\u00e3o alta desenvolvidas com tecnologia exclusiva da marca Savarez. Foi um trabalho de longa parceria entre a Savarez e o nosso virtuoso violonista de sete Yamandu Costa que sempre utilizou cordas Savarez em seus viol\u00f5es. Os baixos Cantiga s\u00e3o uma vers\u00e3o moderna dos [&hellip;]<\/p>\n","protected":false},"featured_media":3150,"comment_status":"open","ping_status":"closed","template":"","meta":{"om_disable_all_campaigns":false,"jetpack_publicize_message":"","jetpack_publicize_feature_enabled":true,"jetpack_social_post_already_shared":false,"jetpack_social_options":{"image_generator_settings":{"template":"highway","default_image_id":0,"font":"","enabled":false},"version":2}},"product_brand":[171],"product_cat":[207,211],"product_tag":[604,603],"class_list":{"0":"post-2098","1":"product","2":"type-product","3":"status-publish","4":"has-post-thumbnail","6":"product_brand-savarez","7":"product_cat-acusticos","8":"product_cat-encordoamentos-nylon","9":"product_tag-cordas-nylon","10":"product_tag-encordoamento-violao-nylon","12":"first","13":"instock","14":"sale","15":"shipping-taxable","16":"purchasable","17":"product-type-simple"},"aioseo_notices":[],"jetpack_publicize_connections":[],"jetpack_sharing_enabled":true,"_links":{"self":[{"href":"https:\/\/delaet.com.br\/pt_br\/wp-json\/wp\/v2\/product\/2098","targetHints":{"allow":["GET"]}}],"collection":[{"href":"https:\/\/delaet.com.br\/pt_br\/wp-json\/wp\/v2\/product"}],"about":[{"href":"https:\/\/delaet.com.br\/pt_br\/wp-json\/wp\/v2\/types\/product"}],"replies":[{"embeddable":true,"href":"https:\/\/delaet.com.br\/pt_br\/wp-json\/wp\/v2\/comments?post=2098"}],"wp:featuredmedia":[{"embeddable":true,"href":"https:\/\/delaet.com.br\/pt_br\/wp-json\/wp\/v2\/media\/3150"}],"wp:attachment":[{"href":"https:\/\/delaet.com.br\/pt_br\/wp-json\/wp\/v2\/media?parent=2098"}],"wp:term":[{"taxonomy":"product_brand","embeddable":true,"href":"https:\/\/delaet.com.br\/pt_br\/wp-json\/wp\/v2\/product_brand?post=2098"},{"taxonomy":"product_cat","embeddable":true,"href":"https:\/\/delaet.com.br\/pt_br\/wp-json\/wp\/v2\/product_cat?post=2098"},{"taxonomy":"product_tag","embeddable":true,"href":"https:\/\/delaet.com.br\/pt_br\/wp-json\/wp\/v2\/product_tag?post=2098"}],"curies":[{"name":"wp","href":"https:\/\/api.w.org\/{rel}","templated":true}]}}