{"id":2114,"date":"2026-04-12T00:39:57","date_gmt":"2026-04-12T03:39:57","guid":{"rendered":"https:\/\/delaet.com.br\/pt_br\/loja\/produto\/encordoamento-violao-nylon-savarez-alliance-classic-540arj-f035\/"},"modified":"2026-04-12T23:16:42","modified_gmt":"2026-04-13T02:16:42","slug":"encordoamento-violao-nylon-savarez-alliance-classic-540arj-f035","status":"publish","type":"product","link":"https:\/\/delaet.com.br\/pt_br\/loja\/produto\/encordoamento-violao-nylon-savarez-alliance-classic-540arj-f035\/","title":{"rendered":"Encordoamento Viol\u00e3o Nylon Savarez Alliance Classic 540ARJ"},"content":{"rendered":"<p>Encordoamento para Viol\u00e3o Nylon Linha Alliance HT Classic Tens\u00e3o h\u00edbrida 540ARJ. &#8211; Tens\u00e3o h\u00edbrida &#8211; Primas linha Alliance &#8211; Tens\u00e3o Normal  &#8211; Bord\u00f5es linha HT Classic &#8211; Tens\u00e3o Alta<\/p>\n<p>Calibres:N\/A<br \/> \u00c9 kit:N\u00e3o<br \/> Escala da Corda:Padr\u00e3o<br \/> Instrumento recomendado:Viol\u00e3o<br \/> Material:Nylon<br \/> Notas:E B G D A E<br \/> Quantidade de Cordas:6<br \/> Tens\u00e3o:Normal<br \/> Tipo de Corda:Nylon<br \/> Unidades por Embalagem:1<\/p>\n<p> Condi\u00e7\u00e3o do item:Novo<br \/> Fonte do Produto:Importado<br \/> G\u00eanero:Unissex<br \/> Marca:Savarez<br \/> Modelo:540ARJ<br \/> Origem:Fran\u00e7a<br \/> SKU:035015<br \/> C\u00f3digo de Barras:698502503442<br \/> N\u00famero de pe\u00e7a:540ARJ<br \/> Comprimento da embalagem:26 cm<br \/> Largura da embalagem:24 cm<br \/> Altura da embalagem:2 cm<br \/> Peso da embalagem:10 g<br \/> Tipo da embalagem:Sem embalagem adicional<\/p>\n<p><\/p>\n","protected":false},"excerpt":{"rendered":"<p>Encordoamento para Viol\u00e3o Nylon Linha Alliance HT Classic Tens\u00e3o h\u00edbrida 540ARJ. &#8211; Tens\u00e3o h\u00edbrida &#8211; Primas linha Alliance &#8211; Tens\u00e3o Normal &#8211; Bord\u00f5es linha HT Classic &#8211; Tens\u00e3o Alta Calibres:N\/A \u00c9 kit:N\u00e3o Escala da Corda:Padr\u00e3o Instrumento recomendado:Viol\u00e3o Material:Nylon Notas:E B G D A E Quantidade de Cordas:6 Tens\u00e3o:Normal Tipo de Corda:Nylon Unidades por Embalagem:1 Condi\u00e7\u00e3o [&hellip;]<\/p>\n","protected":false},"featured_media":3161,"comment_status":"open","ping_status":"closed","template":"","meta":{"om_disable_all_campaigns":false,"jetpack_publicize_message":"","jetpack_publicize_feature_enabled":true,"jetpack_social_post_already_shared":false,"jetpack_social_options":{"image_generator_settings":{"template":"highway","default_image_id":0,"font":"","enabled":false},"version":2}},"product_brand":[171],"product_cat":[207,211],"product_tag":[604,603],"class_list":{"0":"post-2114","1":"product","2":"type-product","3":"status-publish","4":"has-post-thumbnail","6":"product_brand-savarez","7":"product_cat-acusticos","8":"product_cat-encordoamentos-nylon","9":"product_tag-cordas-nylon","10":"product_tag-encordoamento-violao-nylon","12":"first","13":"instock","14":"shipping-taxable","15":"purchasable","16":"product-type-simple"},"aioseo_notices":[],"jetpack_publicize_connections":[],"jetpack_sharing_enabled":true,"_links":{"self":[{"href":"https:\/\/delaet.com.br\/pt_br\/wp-json\/wp\/v2\/product\/2114","targetHints":{"allow":["GET"]}}],"collection":[{"href":"https:\/\/delaet.com.br\/pt_br\/wp-json\/wp\/v2\/product"}],"about":[{"href":"https:\/\/delaet.com.br\/pt_br\/wp-json\/wp\/v2\/types\/product"}],"replies":[{"embeddable":true,"href":"https:\/\/delaet.com.br\/pt_br\/wp-json\/wp\/v2\/comments?post=2114"}],"wp:featuredmedia":[{"embeddable":true,"href":"https:\/\/delaet.com.br\/pt_br\/wp-json\/wp\/v2\/media\/3161"}],"wp:attachment":[{"href":"https:\/\/delaet.com.br\/pt_br\/wp-json\/wp\/v2\/media?parent=2114"}],"wp:term":[{"taxonomy":"product_brand","embeddable":true,"href":"https:\/\/delaet.com.br\/pt_br\/wp-json\/wp\/v2\/product_brand?post=2114"},{"taxonomy":"product_cat","embeddable":true,"href":"https:\/\/delaet.com.br\/pt_br\/wp-json\/wp\/v2\/product_cat?post=2114"},{"taxonomy":"product_tag","embeddable":true,"href":"https:\/\/delaet.com.br\/pt_br\/wp-json\/wp\/v2\/product_tag?post=2114"}],"curies":[{"name":"wp","href":"https:\/\/api.w.org\/{rel}","templated":true}]}}