{"id":2116,"date":"2026-04-12T00:40:06","date_gmt":"2026-04-12T03:40:06","guid":{"rendered":"https:\/\/delaet.com.br\/pt_br\/loja\/produto\/encordoamento-violao-nylon-savarez-alliance-classic-540j-f035\/"},"modified":"2026-04-16T11:04:03","modified_gmt":"2026-04-16T14:04:03","slug":"encordoamento-violao-nylon-savarez-alliance-classic-540j-f035","status":"publish","type":"product","link":"https:\/\/delaet.com.br\/pt_br\/loja\/produto\/encordoamento-violao-nylon-savarez-alliance-classic-540j-f035\/","title":{"rendered":"Encordoamento Viol\u00e3o Nylon Savarez Alliance Classic 540J"},"content":{"rendered":"<p>Encordoamento para Viol\u00e3o Nylon Linha Alliance Classic Tens\u00e3o Alta 540J.<br \/>\n&#8211; Tens\u00e3o alta<br \/>\n&#8211; Primas linha Alliance<br \/>\n&#8211; Bord\u00f5es linha HT Classic<\/p>\n<p> Codigo Universal do Produto:698502501370<br \/> Condicao do item:Novo<br \/> Fonte do Produto:Importado<br \/> Genero:Unissex<br \/> Linha:Alliance Classic<br \/> MPN:540J<br \/> Marca:Savarez<br \/> Material:Nylon<br \/> Modelo:540J<br \/> Origem:Fran\u00e7a<br \/> Quantidade de Cordas:6<br \/> SKU:008809<br \/> Serie:Alliance Classic<br \/> Tensao:Alta<br \/> Tipo de Corda:Roundwound+Nylon<br \/> Unidades por Embalagem:1<br \/> E kit:N\u00e3o<br \/> Instrumento Recomendado:Viol\u00e3o Nylon<\/p>\n<p><\/p>\n","protected":false},"excerpt":{"rendered":"<p>Encordoamento para Viol\u00e3o Nylon Linha Alliance Classic Tens\u00e3o Alta 540J. &#8211; Tens\u00e3o alta &#8211; Primas linha Alliance &#8211; Bord\u00f5es linha HT Classic Codigo Universal do Produto:698502501370 Condicao do item:Novo Fonte do Produto:Importado Genero:Unissex Linha:Alliance Classic MPN:540J Marca:Savarez Material:Nylon Modelo:540J Origem:Fran\u00e7a Quantidade de Cordas:6 SKU:008809 Serie:Alliance Classic Tensao:Alta Tipo de Corda:Roundwound+Nylon Unidades por Embalagem:1 E kit:N\u00e3o [&hellip;]<\/p>\n","protected":false},"featured_media":3162,"comment_status":"open","ping_status":"closed","template":"","meta":{"om_disable_all_campaigns":false,"jetpack_publicize_message":"","jetpack_publicize_feature_enabled":true,"jetpack_social_post_already_shared":false,"jetpack_social_options":{"image_generator_settings":{"template":"highway","default_image_id":0,"font":"","enabled":false},"version":2}},"product_brand":[171],"product_cat":[207,211],"product_tag":[604,603],"class_list":{"0":"post-2116","1":"product","2":"type-product","3":"status-publish","4":"has-post-thumbnail","6":"product_brand-savarez","7":"product_cat-acusticos","8":"product_cat-encordoamentos-nylon","9":"product_tag-cordas-nylon","10":"product_tag-encordoamento-violao-nylon","12":"first","13":"instock","14":"shipping-taxable","15":"purchasable","16":"product-type-simple"},"aioseo_notices":[],"jetpack_publicize_connections":[],"jetpack_sharing_enabled":true,"_links":{"self":[{"href":"https:\/\/delaet.com.br\/pt_br\/wp-json\/wp\/v2\/product\/2116","targetHints":{"allow":["GET"]}}],"collection":[{"href":"https:\/\/delaet.com.br\/pt_br\/wp-json\/wp\/v2\/product"}],"about":[{"href":"https:\/\/delaet.com.br\/pt_br\/wp-json\/wp\/v2\/types\/product"}],"replies":[{"embeddable":true,"href":"https:\/\/delaet.com.br\/pt_br\/wp-json\/wp\/v2\/comments?post=2116"}],"wp:featuredmedia":[{"embeddable":true,"href":"https:\/\/delaet.com.br\/pt_br\/wp-json\/wp\/v2\/media\/3162"}],"wp:attachment":[{"href":"https:\/\/delaet.com.br\/pt_br\/wp-json\/wp\/v2\/media?parent=2116"}],"wp:term":[{"taxonomy":"product_brand","embeddable":true,"href":"https:\/\/delaet.com.br\/pt_br\/wp-json\/wp\/v2\/product_brand?post=2116"},{"taxonomy":"product_cat","embeddable":true,"href":"https:\/\/delaet.com.br\/pt_br\/wp-json\/wp\/v2\/product_cat?post=2116"},{"taxonomy":"product_tag","embeddable":true,"href":"https:\/\/delaet.com.br\/pt_br\/wp-json\/wp\/v2\/product_tag?post=2116"}],"curies":[{"name":"wp","href":"https:\/\/api.w.org\/{rel}","templated":true}]}}