{"id":2124,"date":"2026-04-12T00:40:45","date_gmt":"2026-04-12T03:40:45","guid":{"rendered":"https:\/\/delaet.com.br\/pt_br\/loja\/produto\/encordoamento-violao-nylon-savarez-alliance-corum-500arj-f035\/"},"modified":"2026-04-16T11:38:05","modified_gmt":"2026-04-16T14:38:05","slug":"encordoamento-violao-nylon-savarez-alliance-corum-500arj-f035","status":"publish","type":"product","link":"https:\/\/delaet.com.br\/pt_br\/loja\/produto\/encordoamento-violao-nylon-savarez-alliance-corum-500arj-f035\/","title":{"rendered":"Encordoamento Viol\u00e3o Nylon Savarez Alliance Corum 500ARJ"},"content":{"rendered":"<p>Encordoamento para Viol\u00e3o Nylon Linha Alliance Corum Tens\u00e3o h\u00edbrida 510ARJ. &#8211; Tens\u00e3o h\u00edbrida &#8211; Produzida em fibra composite &#8211; Som limpo e focado &#8211; Equil\u00edbrio perfeito<\/p>\n<p>Calibre da Corda:0.024 0.027 0.033 0.030 0.036 0.044<\/p>\n<p> Codigo Universal do Produto:698502503589<br \/> Condicao do item:Novo<br \/> Escala da Corda:0.024<br \/> Fonte do Produto:Importado<br \/> Genero:Unissex<br \/> Linha:Alliance Corum<br \/> MPN:510ARJ<br \/> Marca:Savarez<br \/> Material:Nylon<br \/> Modelo:510ARJ<br \/> Origem:Fran\u00e7a<br \/> Quantidade de Cordas:6<br \/> SKU:035000<br \/> Serie:Alliance Corum<br \/> Tensao:H\u00edbrida<br \/> Tipo de Corda:Roundwound+Nylon<br \/> Unidades por Embalagem:1<br \/> E kit:N\u00e3o<\/p>\n<p><\/p>\n","protected":false},"excerpt":{"rendered":"<p>Encordoamento para Viol\u00e3o Nylon Linha Alliance Corum Tens\u00e3o h\u00edbrida 510ARJ. &#8211; Tens\u00e3o h\u00edbrida &#8211; Produzida em fibra composite &#8211; Som limpo e focado &#8211; Equil\u00edbrio perfeito Calibre da Corda:0.024 0.027 0.033 0.030 0.036 0.044 Codigo Universal do Produto:698502503589 Condicao do item:Novo Escala da Corda:0.024 Fonte do Produto:Importado Genero:Unissex Linha:Alliance Corum MPN:510ARJ Marca:Savarez Material:Nylon Modelo:510ARJ Origem:Fran\u00e7a [&hellip;]<\/p>\n","protected":false},"featured_media":3166,"comment_status":"open","ping_status":"closed","template":"","meta":{"om_disable_all_campaigns":false,"jetpack_publicize_message":"","jetpack_publicize_feature_enabled":true,"jetpack_social_post_already_shared":false,"jetpack_social_options":{"image_generator_settings":{"template":"highway","default_image_id":0,"font":"","enabled":false},"version":2}},"product_brand":[171],"product_cat":[207,211],"product_tag":[604,603],"class_list":{"0":"post-2124","1":"product","2":"type-product","3":"status-publish","4":"has-post-thumbnail","6":"product_brand-savarez","7":"product_cat-acusticos","8":"product_cat-encordoamentos-nylon","9":"product_tag-cordas-nylon","10":"product_tag-encordoamento-violao-nylon","12":"first","13":"instock","14":"sale","15":"shipping-taxable","16":"purchasable","17":"product-type-simple"},"aioseo_notices":[],"jetpack_publicize_connections":[],"jetpack_sharing_enabled":true,"_links":{"self":[{"href":"https:\/\/delaet.com.br\/pt_br\/wp-json\/wp\/v2\/product\/2124","targetHints":{"allow":["GET"]}}],"collection":[{"href":"https:\/\/delaet.com.br\/pt_br\/wp-json\/wp\/v2\/product"}],"about":[{"href":"https:\/\/delaet.com.br\/pt_br\/wp-json\/wp\/v2\/types\/product"}],"replies":[{"embeddable":true,"href":"https:\/\/delaet.com.br\/pt_br\/wp-json\/wp\/v2\/comments?post=2124"}],"wp:featuredmedia":[{"embeddable":true,"href":"https:\/\/delaet.com.br\/pt_br\/wp-json\/wp\/v2\/media\/3166"}],"wp:attachment":[{"href":"https:\/\/delaet.com.br\/pt_br\/wp-json\/wp\/v2\/media?parent=2124"}],"wp:term":[{"taxonomy":"product_brand","embeddable":true,"href":"https:\/\/delaet.com.br\/pt_br\/wp-json\/wp\/v2\/product_brand?post=2124"},{"taxonomy":"product_cat","embeddable":true,"href":"https:\/\/delaet.com.br\/pt_br\/wp-json\/wp\/v2\/product_cat?post=2124"},{"taxonomy":"product_tag","embeddable":true,"href":"https:\/\/delaet.com.br\/pt_br\/wp-json\/wp\/v2\/product_tag?post=2124"}],"curies":[{"name":"wp","href":"https:\/\/api.w.org\/{rel}","templated":true}]}}