{"id":2136,"date":"2026-04-12T00:41:38","date_gmt":"2026-04-12T03:41:38","guid":{"rendered":"https:\/\/delaet.com.br\/pt_br\/loja\/produto\/encordoamento-violao-nylon-savarez-cristal-classic-540cj-f035\/"},"modified":"2026-04-20T19:40:15","modified_gmt":"2026-04-20T22:40:15","slug":"encordoamento-violao-nylon-savarez-cristal-classic-540cj-f035","status":"publish","type":"product","link":"https:\/\/delaet.com.br\/pt_br\/loja\/produto\/encordoamento-violao-nylon-savarez-cristal-classic-540cj-f035\/","title":{"rendered":"Encordoamento Viol\u00e3o Nylon Savarez Cristal Classic 540CJ"},"content":{"rendered":"<p>Encordoamento para Viol\u00e3o Nylon Linha Cristal Classic Tens\u00e3o Alta 540CJ.<br \/>\n&#8211; Tens\u00e3o alta<br \/>\n&#8211; Primas linha New Cristal<br \/>\n&#8211; Bord\u00f5es linha HT Classic<\/p>\n<p> Codigo Universal do Produto:698502503466<br \/> Condicao do item:Novo<br \/> Fonte do Produto:Importado<br \/> Genero:Unissex<br \/> Linha:Cristal Classic<br \/> MPN:540CJ<br \/> Marca:Savarez<br \/> Material:Nylon<br \/> Modelo:540CJ<br \/> Origem:Fran\u00e7a<br \/> Quantidade de Cordas:6<br \/> SKU:018827<br \/> Serie:Cristal Classic<br \/> Tensao:Alta<br \/> Tipo de Corda:Roundwound+Nylon<br \/> Unidades por Embalagem:1<br \/> E kit:N\u00e3o<br \/> Instrumento Recomendado:Viol\u00e3o Nylon<\/p>\n<p><\/p>\n","protected":false},"excerpt":{"rendered":"<p>Encordoamento para Viol\u00e3o Nylon Linha Cristal Classic Tens\u00e3o Alta 540CJ. &#8211; Tens\u00e3o alta &#8211; Primas linha New Cristal &#8211; Bord\u00f5es linha HT Classic Codigo Universal do Produto:698502503466 Condicao do item:Novo Fonte do Produto:Importado Genero:Unissex Linha:Cristal Classic MPN:540CJ Marca:Savarez Material:Nylon Modelo:540CJ Origem:Fran\u00e7a Quantidade de Cordas:6 SKU:018827 Serie:Cristal Classic Tensao:Alta Tipo de Corda:Roundwound+Nylon Unidades por Embalagem:1 E [&hellip;]<\/p>\n","protected":false},"featured_media":3173,"comment_status":"open","ping_status":"closed","template":"","meta":{"om_disable_all_campaigns":false,"_monsterinsights_skip_tracking":false,"_monsterinsights_sitenote_active":false,"_monsterinsights_sitenote_note":"","_monsterinsights_sitenote_category":0,"jetpack_publicize_message":"","jetpack_publicize_feature_enabled":true,"jetpack_social_post_already_shared":false,"jetpack_social_options":{"image_generator_settings":{"template":"highway","default_image_id":0,"font":"","enabled":false},"version":2}},"product_brand":[171],"product_cat":[207,211],"product_tag":[604,603],"class_list":{"0":"post-2136","1":"product","2":"type-product","3":"status-publish","4":"has-post-thumbnail","6":"product_brand-savarez","7":"product_cat-acusticos","8":"product_cat-encordoamentos-nylon","9":"product_tag-cordas-nylon","10":"product_tag-encordoamento-violao-nylon","12":"first","13":"instock","14":"shipping-taxable","15":"purchasable","16":"product-type-simple"},"aioseo_notices":[],"jetpack_publicize_connections":[],"jetpack_sharing_enabled":true,"_links":{"self":[{"href":"https:\/\/delaet.com.br\/pt_br\/wp-json\/wp\/v2\/product\/2136","targetHints":{"allow":["GET"]}}],"collection":[{"href":"https:\/\/delaet.com.br\/pt_br\/wp-json\/wp\/v2\/product"}],"about":[{"href":"https:\/\/delaet.com.br\/pt_br\/wp-json\/wp\/v2\/types\/product"}],"replies":[{"embeddable":true,"href":"https:\/\/delaet.com.br\/pt_br\/wp-json\/wp\/v2\/comments?post=2136"}],"wp:featuredmedia":[{"embeddable":true,"href":"https:\/\/delaet.com.br\/pt_br\/wp-json\/wp\/v2\/media\/3173"}],"wp:attachment":[{"href":"https:\/\/delaet.com.br\/pt_br\/wp-json\/wp\/v2\/media?parent=2136"}],"wp:term":[{"taxonomy":"product_brand","embeddable":true,"href":"https:\/\/delaet.com.br\/pt_br\/wp-json\/wp\/v2\/product_brand?post=2136"},{"taxonomy":"product_cat","embeddable":true,"href":"https:\/\/delaet.com.br\/pt_br\/wp-json\/wp\/v2\/product_cat?post=2136"},{"taxonomy":"product_tag","embeddable":true,"href":"https:\/\/delaet.com.br\/pt_br\/wp-json\/wp\/v2\/product_tag?post=2136"}],"curies":[{"name":"wp","href":"https:\/\/api.w.org\/{rel}","templated":true}]}}