{"id":2165,"date":"2026-04-12T00:43:26","date_gmt":"2026-04-12T03:43:26","guid":{"rendered":"https:\/\/delaet.com.br\/pt_br\/loja\/produto\/encordoamento-violao-nylon-savarez-traditionnels-520r-f035\/"},"modified":"2026-04-16T11:22:59","modified_gmt":"2026-04-16T14:22:59","slug":"encordoamento-violao-nylon-savarez-traditionnels-520r-f035","status":"publish","type":"product","link":"https:\/\/delaet.com.br\/pt_br\/loja\/produto\/encordoamento-violao-nylon-savarez-traditionnels-520r-f035\/","title":{"rendered":"Encordoamento Viol\u00e3o Nylon Savarez Traditionnels 520R"},"content":{"rendered":"<p>Encordoamento para Viol\u00e3o Nylon Tens\u00e3o M\u00e9dia Savarez Traditionnels 520R.<br \/>\n&#8211; Tens\u00e3o m\u00e9dia<\/p>\n<p> Codigo Universal do Produto:698502500656<br \/> Condicao do item:Novo<br \/> Fonte do Produto:Importado<br \/> Genero:Unissex<br \/> Linha:Traditional<br \/> MPN:520R<br \/> Marca:Savarez<br \/> Material:Nylon<br \/> Modelo:520R<br \/> Origem:Fran\u00e7a<br \/> Quantidade de Cordas:6<br \/> SKU:008818<br \/> Serie:Traditional<br \/> Tensao:M\u00e9dia<br \/> Tipo de Corda:Roundwound+Nylon<br \/> Unidades por Embalagem:1<br \/> E kit:N\u00e3o<br \/> Instrumento Recomendado:Viol\u00e3o Nylon<\/p>\n<p><\/p>\n","protected":false},"excerpt":{"rendered":"<p>Encordoamento para Viol\u00e3o Nylon Tens\u00e3o M\u00e9dia Savarez Traditionnels 520R. &#8211; Tens\u00e3o m\u00e9dia Codigo Universal do Produto:698502500656 Condicao do item:Novo Fonte do Produto:Importado Genero:Unissex Linha:Traditional MPN:520R Marca:Savarez Material:Nylon Modelo:520R Origem:Fran\u00e7a Quantidade de Cordas:6 SKU:008818 Serie:Traditional Tensao:M\u00e9dia Tipo de Corda:Roundwound+Nylon Unidades por Embalagem:1 E kit:N\u00e3o Instrumento Recomendado:Viol\u00e3o Nylon<\/p>\n","protected":false},"featured_media":3188,"comment_status":"open","ping_status":"closed","template":"","meta":{"om_disable_all_campaigns":false,"jetpack_publicize_message":"","jetpack_publicize_feature_enabled":true,"jetpack_social_post_already_shared":false,"jetpack_social_options":{"image_generator_settings":{"template":"highway","default_image_id":0,"font":"","enabled":false},"version":2}},"product_brand":[171],"product_cat":[207,211],"product_tag":[604,603],"class_list":{"0":"post-2165","1":"product","2":"type-product","3":"status-publish","4":"has-post-thumbnail","6":"product_brand-savarez","7":"product_cat-acusticos","8":"product_cat-encordoamentos-nylon","9":"product_tag-cordas-nylon","10":"product_tag-encordoamento-violao-nylon","12":"first","13":"instock","14":"sale","15":"shipping-taxable","16":"purchasable","17":"product-type-simple"},"aioseo_notices":[],"jetpack_publicize_connections":[],"jetpack_sharing_enabled":true,"_links":{"self":[{"href":"https:\/\/delaet.com.br\/pt_br\/wp-json\/wp\/v2\/product\/2165","targetHints":{"allow":["GET"]}}],"collection":[{"href":"https:\/\/delaet.com.br\/pt_br\/wp-json\/wp\/v2\/product"}],"about":[{"href":"https:\/\/delaet.com.br\/pt_br\/wp-json\/wp\/v2\/types\/product"}],"replies":[{"embeddable":true,"href":"https:\/\/delaet.com.br\/pt_br\/wp-json\/wp\/v2\/comments?post=2165"}],"wp:featuredmedia":[{"embeddable":true,"href":"https:\/\/delaet.com.br\/pt_br\/wp-json\/wp\/v2\/media\/3188"}],"wp:attachment":[{"href":"https:\/\/delaet.com.br\/pt_br\/wp-json\/wp\/v2\/media?parent=2165"}],"wp:term":[{"taxonomy":"product_brand","embeddable":true,"href":"https:\/\/delaet.com.br\/pt_br\/wp-json\/wp\/v2\/product_brand?post=2165"},{"taxonomy":"product_cat","embeddable":true,"href":"https:\/\/delaet.com.br\/pt_br\/wp-json\/wp\/v2\/product_cat?post=2165"},{"taxonomy":"product_tag","embeddable":true,"href":"https:\/\/delaet.com.br\/pt_br\/wp-json\/wp\/v2\/product_tag?post=2165"}],"curies":[{"name":"wp","href":"https:\/\/api.w.org\/{rel}","templated":true}]}}