{"id":2167,"date":"2026-04-12T00:43:35","date_gmt":"2026-04-12T03:43:35","guid":{"rendered":"https:\/\/delaet.com.br\/pt_br\/loja\/produto\/encordoamento-violao-nylon-tomatito-tensao-alta-savarez-t50j-f035\/"},"modified":"2026-04-16T11:22:30","modified_gmt":"2026-04-16T14:22:30","slug":"encordoamento-violao-nylon-tomatito-tensao-alta-savarez-t50j-f035","status":"publish","type":"product","link":"https:\/\/delaet.com.br\/pt_br\/loja\/produto\/encordoamento-violao-nylon-tomatito-tensao-alta-savarez-t50j-f035\/","title":{"rendered":"Encordoamento Viol\u00e3o Nylon Tomatito Tens\u00e3o Alta Savarez T50J"},"content":{"rendered":"<p>Duas novas cordas agudas de nylon transparente CRISTAL (E-1, B-2),corda ALLIANCE G-3, baixos banhados a prata enrolados em um novon\u00facleo multifilamento.  SAVAREZ e Tomatito os criaram especialmente para a resposta imediata e precisa, a proje\u00e7\u00e3o e os sons particulares que cada violonista de flamenco procura.  As cordas se beneficiam de novos materiais e tratamentos, al\u00e9m de tecnologias de ponta que garantem sua alta qualidade e durabilidade.  Encordoamento Viol\u00e3o Nylon Flamenco Linha Tomatito Tens\u00e3o Alta Savarez T50J<\/p>\n<p>Calibres:N\/A<br \/> \u00c9 kit:N\u00e3o<br \/> Escala da Corda:Padr\u00e3o<br \/> Instrumento recomendado:Viol\u00e3o<br \/> Material:Nylon<br \/> Notas:E B G D A E<br \/> Quantidade de Cordas:6<br \/> Tens\u00e3o:Alta<br \/> Tipo de Corda:Nylon<br \/> Unidades por Embalagem:1<\/p>\n<p> Condi\u00e7\u00e3o do item:Novo<br \/> Fonte do Produto:Importado<br \/> G\u00eanero:Unissex<br \/> Marca:Savarez<br \/> Modelo:T50J<br \/> Origem:Fran\u00e7a<br \/> SKU:039156<br \/> C\u00f3digo de Barras:698502503732<br \/> N\u00famero de pe\u00e7a:T50J<br \/> Comprimento da embalagem:26 cm<br \/> Largura da embalagem:24 cm<br \/> Altura da embalagem:2 cm<br \/> Peso da embalagem:10 g<br \/> Tipo da embalagem:Sem embalagem adicional<\/p>\n<p><\/p>\n","protected":false},"excerpt":{"rendered":"<p>Duas novas cordas agudas de nylon transparente CRISTAL (E-1, B-2),corda ALLIANCE G-3, baixos banhados a prata enrolados em um novon\u00facleo multifilamento. SAVAREZ e Tomatito os criaram especialmente para a resposta imediata e precisa, a proje\u00e7\u00e3o e os sons particulares que cada violonista de flamenco procura. As cordas se beneficiam de novos materiais e tratamentos, al\u00e9m [&hellip;]<\/p>\n","protected":false},"featured_media":3189,"comment_status":"open","ping_status":"closed","template":"","meta":{"om_disable_all_campaigns":false,"jetpack_publicize_message":"","jetpack_publicize_feature_enabled":true,"jetpack_social_post_already_shared":false,"jetpack_social_options":{"image_generator_settings":{"template":"highway","default_image_id":0,"font":"","enabled":false},"version":2}},"product_brand":[171],"product_cat":[207,211],"product_tag":[604,603],"class_list":{"0":"post-2167","1":"product","2":"type-product","3":"status-publish","4":"has-post-thumbnail","6":"product_brand-savarez","7":"product_cat-acusticos","8":"product_cat-encordoamentos-nylon","9":"product_tag-cordas-nylon","10":"product_tag-encordoamento-violao-nylon","12":"first","13":"instock","14":"sale","15":"shipping-taxable","16":"purchasable","17":"product-type-simple"},"aioseo_notices":[],"jetpack_publicize_connections":[],"jetpack_sharing_enabled":true,"_links":{"self":[{"href":"https:\/\/delaet.com.br\/pt_br\/wp-json\/wp\/v2\/product\/2167","targetHints":{"allow":["GET"]}}],"collection":[{"href":"https:\/\/delaet.com.br\/pt_br\/wp-json\/wp\/v2\/product"}],"about":[{"href":"https:\/\/delaet.com.br\/pt_br\/wp-json\/wp\/v2\/types\/product"}],"replies":[{"embeddable":true,"href":"https:\/\/delaet.com.br\/pt_br\/wp-json\/wp\/v2\/comments?post=2167"}],"wp:featuredmedia":[{"embeddable":true,"href":"https:\/\/delaet.com.br\/pt_br\/wp-json\/wp\/v2\/media\/3189"}],"wp:attachment":[{"href":"https:\/\/delaet.com.br\/pt_br\/wp-json\/wp\/v2\/media?parent=2167"}],"wp:term":[{"taxonomy":"product_brand","embeddable":true,"href":"https:\/\/delaet.com.br\/pt_br\/wp-json\/wp\/v2\/product_brand?post=2167"},{"taxonomy":"product_cat","embeddable":true,"href":"https:\/\/delaet.com.br\/pt_br\/wp-json\/wp\/v2\/product_cat?post=2167"},{"taxonomy":"product_tag","embeddable":true,"href":"https:\/\/delaet.com.br\/pt_br\/wp-json\/wp\/v2\/product_tag?post=2167"}],"curies":[{"name":"wp","href":"https:\/\/api.w.org\/{rel}","templated":true}]}}