{"id":2187,"date":"2026-04-12T00:44:30","date_gmt":"2026-04-12T03:44:30","guid":{"rendered":"https:\/\/delaet.com.br\/pt_br\/loja\/produto\/encordoamento-violao-revestido-3-jogos-daddario-xsapb1152-3p-f035\/"},"modified":"2026-04-17T19:49:27","modified_gmt":"2026-04-17T22:49:27","slug":"encordoamento-violao-revestido-3-jogos-daddario-xsapb1152-3p-f035","status":"publish","type":"product","link":"https:\/\/delaet.com.br\/pt_br\/loja\/produto\/encordoamento-violao-revestido-3-jogos-daddario-xsapb1152-3p-f035\/","title":{"rendered":"Encordoamento Viol\u00e3o Revestido 3 Jogos D\u00b4Addario XSAPB1152-3P"},"content":{"rendered":"<p>Nascidas de um grande avan\u00e7o em inova\u00e7\u00e3o, as cordas D Addario XS Phosphor Bronze oferecem a maior durabilidade entre todas as cordas para viol\u00e3o da marca. O revestimento XS proporciona vida \u00fatil prolongada e um toque excepcionalmente suave, mantendo o timbre quente e equilibrado do phosphor bronze.<\/p>\n<p>Com n\u00facleo NY Steel, enrolamento em phosphor bronze e tecnologia Fusion Twist, garantem resist\u00eancia superior \u00e0 ruptura, excelente estabilidade de afina\u00e7\u00e3o e desempenho consistente ao longo do tempo.<\/p>\n<p>O calibre 11-52 Custom Light oferece maior volume e proje\u00e7\u00e3o em compara\u00e7\u00e3o ao Extra Light, mantendo excelente conforto e facilidade na tocabilidade.<\/p>\n<p>Instrumento Recomendado:Viol\u00e3o A\u00e7o<br \/> Linha:XS Phosphor Bronze<br \/> Unidades por embalagem:3<br \/> Quantidade de cordas:6<br \/> Calibres:0.011, 0.015, 0.022, 0.032, 0.042, 0.052<br \/> Materiais:A\u00e7o\/Bronze<br \/> Tens\u00e3o:H\u00edbrida<br \/> Notas:E, B, G, D, A, E<br \/> Escala:N\/A<br \/> Origem:Estados Unidos<br \/> G\u00eanero:Unissex<\/p>\n<p> Condi\u00e7\u00e3o do item:Novo<br \/> C\u00f3digo de barras:019954377502<br \/> SKU:034925<br \/> NCM:92093000<br \/> \u00c9 Kit:Sim<br \/> Cor:N\/A<\/p>\n<p><\/p>\n","protected":false},"excerpt":{"rendered":"<p>Nascidas de um grande avan\u00e7o em inova\u00e7\u00e3o, as cordas D Addario XS Phosphor Bronze oferecem a maior durabilidade entre todas as cordas para viol\u00e3o da marca. O revestimento XS proporciona vida \u00fatil prolongada e um toque excepcionalmente suave, mantendo o timbre quente e equilibrado do phosphor bronze. Com n\u00facleo NY Steel, enrolamento em phosphor bronze [&hellip;]<\/p>\n","protected":false},"featured_media":3202,"comment_status":"open","ping_status":"closed","template":"","meta":{"om_disable_all_campaigns":false,"jetpack_publicize_message":"","jetpack_publicize_feature_enabled":true,"jetpack_social_post_already_shared":false,"jetpack_social_options":{"image_generator_settings":{"template":"highway","default_image_id":0,"font":"","enabled":false},"version":2}},"product_brand":[160],"product_cat":[207,212],"product_tag":[602,601],"class_list":{"0":"post-2187","1":"product","2":"type-product","3":"status-publish","4":"has-post-thumbnail","6":"product_brand-daddario","7":"product_cat-acusticos","8":"product_cat-encordoamentos-aco","9":"product_tag-cordas-violao-aco","10":"product_tag-encordoamento-violao-aco","12":"first","13":"instock","14":"shipping-taxable","15":"purchasable","16":"product-type-simple"},"aioseo_notices":[],"jetpack_publicize_connections":[],"jetpack_sharing_enabled":true,"_links":{"self":[{"href":"https:\/\/delaet.com.br\/pt_br\/wp-json\/wp\/v2\/product\/2187","targetHints":{"allow":["GET"]}}],"collection":[{"href":"https:\/\/delaet.com.br\/pt_br\/wp-json\/wp\/v2\/product"}],"about":[{"href":"https:\/\/delaet.com.br\/pt_br\/wp-json\/wp\/v2\/types\/product"}],"replies":[{"embeddable":true,"href":"https:\/\/delaet.com.br\/pt_br\/wp-json\/wp\/v2\/comments?post=2187"}],"wp:featuredmedia":[{"embeddable":true,"href":"https:\/\/delaet.com.br\/pt_br\/wp-json\/wp\/v2\/media\/3202"}],"wp:attachment":[{"href":"https:\/\/delaet.com.br\/pt_br\/wp-json\/wp\/v2\/media?parent=2187"}],"wp:term":[{"taxonomy":"product_brand","embeddable":true,"href":"https:\/\/delaet.com.br\/pt_br\/wp-json\/wp\/v2\/product_brand?post=2187"},{"taxonomy":"product_cat","embeddable":true,"href":"https:\/\/delaet.com.br\/pt_br\/wp-json\/wp\/v2\/product_cat?post=2187"},{"taxonomy":"product_tag","embeddable":true,"href":"https:\/\/delaet.com.br\/pt_br\/wp-json\/wp\/v2\/product_tag?post=2187"}],"curies":[{"name":"wp","href":"https:\/\/api.w.org\/{rel}","templated":true}]}}