{"id":2241,"date":"2026-04-12T00:46:21","date_gmt":"2026-04-12T03:46:21","guid":{"rendered":"https:\/\/delaet.com.br\/pt_br\/loja\/produto\/encordoamento-violino-4-4-savarez-corelli-new-cristal-700mb-f035\/"},"modified":"2026-04-16T11:21:39","modified_gmt":"2026-04-16T14:21:39","slug":"encordoamento-violino-4-4-savarez-corelli-new-cristal-700mb-f035","status":"publish","type":"product","link":"https:\/\/delaet.com.br\/pt_br\/loja\/produto\/encordoamento-violino-4-4-savarez-corelli-new-cristal-700mb-f035\/","title":{"rendered":"Encordoamento Violino 4\/4 Savarez Corelli New Cristal 700MB"},"content":{"rendered":"<p>A inova\u00e7\u00e3o da Corelli New Cristal para Violino consiste no seu nov\u00edssimo material em nylon, que supera todas as expectativas e caracter\u00edsticas das cordas em nylon, comumente conhecidas. Esse aprimoramento resultou em um som encorpado com qualidade e volume, mantendo a eleg\u00e2ncia do timbre cl\u00e1ssico, com mais tocabilidade e maior proje\u00e7\u00e3o sonora na resposta.<\/p>\n<p>Instrumento Recomendado:Violino<br \/> Calibre da Corda:0.016 0.0266 0.0268 0.0303<\/p>\n<p> Codigo Universal do Produto:698502450449<br \/> Condicao do item:Novo<br \/> Escala da Corda:0.016<br \/> Fonte do Produto:Importado<br \/> Genero:Unissex<br \/> Linha:Corelli New Cristal<br \/> MPN:700MB<br \/> Marca:Savarez<br \/> Material:Nylon<br \/> Modelo:700MB<br \/> Origem:Fran\u00e7a<br \/> Quantidade de Cordas:4<br \/> SKU:034886<br \/> Serie:Corelli New Cristal<br \/> Tensao:M\u00e9dia<br \/> Tipo de Corda:Roundwound+Nylon<br \/> Unidades por Embalagem:1<br \/> E kit:N\u00e3o<\/p>\n<p><\/p>\n","protected":false},"excerpt":{"rendered":"<p>A inova\u00e7\u00e3o da Corelli New Cristal para Violino consiste no seu nov\u00edssimo material em nylon, que supera todas as expectativas e caracter\u00edsticas das cordas em nylon, comumente conhecidas. Esse aprimoramento resultou em um som encorpado com qualidade e volume, mantendo a eleg\u00e2ncia do timbre cl\u00e1ssico, com mais tocabilidade e maior proje\u00e7\u00e3o sonora na resposta. Instrumento [&hellip;]<\/p>\n","protected":false},"featured_media":3248,"comment_status":"open","ping_status":"closed","template":"","meta":{"om_disable_all_campaigns":false,"jetpack_publicize_message":"","jetpack_publicize_feature_enabled":true,"jetpack_social_post_already_shared":false,"jetpack_social_options":{"image_generator_settings":{"template":"highway","default_image_id":0,"font":"","enabled":false},"version":2}},"product_brand":[171],"product_cat":[210,231],"product_tag":[597,598],"class_list":{"0":"post-2241","1":"product","2":"type-product","3":"status-publish","4":"has-post-thumbnail","6":"product_brand-savarez","7":"product_cat-friccionadas","8":"product_cat-encordoamentos-violino","9":"product_tag-cordas-violino","10":"product_tag-encordoamento-violino","12":"first","13":"instock","14":"sale","15":"shipping-taxable","16":"purchasable","17":"product-type-simple"},"aioseo_notices":[],"jetpack_publicize_connections":[],"jetpack_sharing_enabled":true,"_links":{"self":[{"href":"https:\/\/delaet.com.br\/pt_br\/wp-json\/wp\/v2\/product\/2241","targetHints":{"allow":["GET"]}}],"collection":[{"href":"https:\/\/delaet.com.br\/pt_br\/wp-json\/wp\/v2\/product"}],"about":[{"href":"https:\/\/delaet.com.br\/pt_br\/wp-json\/wp\/v2\/types\/product"}],"replies":[{"embeddable":true,"href":"https:\/\/delaet.com.br\/pt_br\/wp-json\/wp\/v2\/comments?post=2241"}],"wp:featuredmedia":[{"embeddable":true,"href":"https:\/\/delaet.com.br\/pt_br\/wp-json\/wp\/v2\/media\/3248"}],"wp:attachment":[{"href":"https:\/\/delaet.com.br\/pt_br\/wp-json\/wp\/v2\/media?parent=2241"}],"wp:term":[{"taxonomy":"product_brand","embeddable":true,"href":"https:\/\/delaet.com.br\/pt_br\/wp-json\/wp\/v2\/product_brand?post=2241"},{"taxonomy":"product_cat","embeddable":true,"href":"https:\/\/delaet.com.br\/pt_br\/wp-json\/wp\/v2\/product_cat?post=2241"},{"taxonomy":"product_tag","embeddable":true,"href":"https:\/\/delaet.com.br\/pt_br\/wp-json\/wp\/v2\/product_tag?post=2241"}],"curies":[{"name":"wp","href":"https:\/\/api.w.org\/{rel}","templated":true}]}}