{"id":2245,"date":"2026-04-12T00:46:32","date_gmt":"2026-04-12T03:46:32","guid":{"rendered":"https:\/\/delaet.com.br\/pt_br\/loja\/produto\/encordoamento-violino-media-d-addario-ascente-a310-4-4m-f035\/"},"modified":"2026-04-17T15:34:44","modified_gmt":"2026-04-17T18:34:44","slug":"encordoamento-violino-media-d-addario-ascente-a310-4-4m-f035","status":"publish","type":"product","link":"https:\/\/delaet.com.br\/pt_br\/loja\/produto\/encordoamento-violino-media-d-addario-ascente-a310-4-4m-f035\/","title":{"rendered":"Encordoamento Violino M\u00e9dia D\u00b4Addario Ascent\u00e9 A310 4\/4M"},"content":{"rendered":"<p>As cordas de n\u00facleo sint\u00e9tico D Addario Ascent\u00e9 foram especialmente criadas para ajudar os m\u00fasicos a aprimorar sua sonoridade, com eleg\u00e2ncia e consist\u00eancia.<br \/>\nCom uma ampla versatilidade de timbres, \u00f3tima durabilidade e estabilidade de afina\u00e7\u00e3o, as cordas Ascent\u00e9 elevam a sua sonoridade a um novo patamar.<\/p>\n<p>&#8211; Corda de n\u00facleo sint\u00e9tico com estabilidade de afina\u00e7\u00e3o sem precedentes<br \/>\n&#8211; Ampla variedade de timbres aprimora a sonoridade do seu instrumento<br \/>\n&#8211; Excelente durabilidade<br \/>\n&#8211; Dispon\u00edveis para violino 4\/4 e viola MM<\/p>\n<p>Origem:Estados Unidos<br \/>\nUnidades por Embalagem:1<br \/>\nG\u00eanero:Unissex<br \/>\nMaterial:A\u00e7o<br \/>\nLinha:Ascent\u00e9<br \/>\nInstrumento Compat\u00edvel:Violino<br \/>\nTamanhos Compat\u00edveis:4\/4<br \/>\nCalibre:16.8 12.3 10 10<br \/>\nC\u00f3digo universal de produto:0019954250386<br \/>\nMarca:D<br \/>\nModelo:A310 4\/4M<br \/>\nSKU:A310 4\/4M<\/p>\n<p>Condi\u00e7\u00e3o do \u00edtem:Novo<br \/>\nMPN:A310 4\/4M<br \/>\nFonte do Produto:Estados Unidos<br \/>\n\u00c9 kit:N\u00e3o<\/p>\n","protected":false},"excerpt":{"rendered":"<p>As cordas de n\u00facleo sint\u00e9tico D Addario Ascent\u00e9 foram especialmente criadas para ajudar os m\u00fasicos a aprimorar sua sonoridade, com eleg\u00e2ncia e consist\u00eancia. Com uma ampla versatilidade de timbres, \u00f3tima durabilidade e estabilidade de afina\u00e7\u00e3o, as cordas Ascent\u00e9 elevam a sua sonoridade a um novo patamar. &#8211; Corda de n\u00facleo sint\u00e9tico com estabilidade de afina\u00e7\u00e3o [&hellip;]<\/p>\n","protected":false},"featured_media":3250,"comment_status":"open","ping_status":"closed","template":"","meta":{"om_disable_all_campaigns":false,"jetpack_publicize_message":"","jetpack_publicize_feature_enabled":true,"jetpack_social_post_already_shared":false,"jetpack_social_options":{"image_generator_settings":{"template":"highway","default_image_id":0,"font":"","enabled":false},"version":2}},"product_brand":[160],"product_cat":[210,231],"product_tag":[597,598],"class_list":{"0":"post-2245","1":"product","2":"type-product","3":"status-publish","4":"has-post-thumbnail","6":"product_brand-daddario","7":"product_cat-friccionadas","8":"product_cat-encordoamentos-violino","9":"product_tag-cordas-violino","10":"product_tag-encordoamento-violino","12":"first","13":"instock","14":"sale","15":"featured","16":"shipping-taxable","17":"purchasable","18":"product-type-simple"},"aioseo_notices":[],"jetpack_publicize_connections":[],"jetpack_sharing_enabled":true,"_links":{"self":[{"href":"https:\/\/delaet.com.br\/pt_br\/wp-json\/wp\/v2\/product\/2245","targetHints":{"allow":["GET"]}}],"collection":[{"href":"https:\/\/delaet.com.br\/pt_br\/wp-json\/wp\/v2\/product"}],"about":[{"href":"https:\/\/delaet.com.br\/pt_br\/wp-json\/wp\/v2\/types\/product"}],"replies":[{"embeddable":true,"href":"https:\/\/delaet.com.br\/pt_br\/wp-json\/wp\/v2\/comments?post=2245"}],"wp:featuredmedia":[{"embeddable":true,"href":"https:\/\/delaet.com.br\/pt_br\/wp-json\/wp\/v2\/media\/3250"}],"wp:attachment":[{"href":"https:\/\/delaet.com.br\/pt_br\/wp-json\/wp\/v2\/media?parent=2245"}],"wp:term":[{"taxonomy":"product_brand","embeddable":true,"href":"https:\/\/delaet.com.br\/pt_br\/wp-json\/wp\/v2\/product_brand?post=2245"},{"taxonomy":"product_cat","embeddable":true,"href":"https:\/\/delaet.com.br\/pt_br\/wp-json\/wp\/v2\/product_cat?post=2245"},{"taxonomy":"product_tag","embeddable":true,"href":"https:\/\/delaet.com.br\/pt_br\/wp-json\/wp\/v2\/product_tag?post=2245"}],"curies":[{"name":"wp","href":"https:\/\/api.w.org\/{rel}","templated":true}]}}