{"id":2248,"date":"2026-04-12T00:46:42","date_gmt":"2026-04-12T03:46:42","guid":{"rendered":"https:\/\/delaet.com.br\/pt_br\/loja\/produto\/encordoamento-violino-media-d-addario-debut-d310-4-4m-f035\/"},"modified":"2026-04-17T15:50:05","modified_gmt":"2026-04-17T18:50:05","slug":"encordoamento-violino-media-d-addario-debut-d310-4-4m-f035","status":"publish","type":"product","link":"https:\/\/delaet.com.br\/pt_br\/loja\/produto\/encordoamento-violino-media-d-addario-debut-d310-4-4m-f035\/","title":{"rendered":"Encordoamento Violino M\u00e9dia D\u00b4Addario Debut D310 4\/4M"},"content":{"rendered":"<p>Utilizando materiais da mais alta qualidade, as cordas para Violino Debut oferecem \u00f3timo custo-benef\u00edcio e proporcionam uma tocabilidade suave, com excelente durabilidade e consist\u00eancia.<br \/>\nAs cordas Debut proporcionam timbre equilibrado e balanceado por toda a sua extens\u00e3o, com brilho e proje\u00e7\u00e3o incompar\u00e1veis.<\/p>\n<p>* Tocabilidade suave<br \/>\n* Timbre balanceado<br \/>\n* Excelente durabilidade<br \/>\n* \u00d3timo custo-benef\u00edcio<br \/>\n* Dispon\u00edveis para violino 4\/4<\/p>\n<p>Origem:Estados Unidos<br \/>\nUnidades por Embalagem:1<br \/>\nG\u00eanero:Unissex<br \/>\nMaterial:A\u00e7o<br \/>\nLinha:Debut<br \/>\nInstrumento Compat\u00edvel:Violino<br \/>\nTamanhos Compat\u00edveis:4\/4<br \/>\nCalibre:18.6 13.1 12 11<br \/>\nC\u00f3digo universal de produto:19954287313<br \/>\nMarca:D<br \/>\nModelo:D310 4\/4M<br \/>\nSKU:D310 4\/4M<\/p>\n<p>Condi\u00e7\u00e3o do \u00edtem:Novo<br \/>\nMPN:D310 4\/4M<br \/>\nFonte do Produto:Estados Unidos<br \/>\n\u00c9 kit:N\u00e3o<\/p>\n","protected":false},"excerpt":{"rendered":"<p>Utilizando materiais da mais alta qualidade, as cordas para Violino Debut oferecem \u00f3timo custo-benef\u00edcio e proporcionam uma tocabilidade suave, com excelente durabilidade e consist\u00eancia. As cordas Debut proporcionam timbre equilibrado e balanceado por toda a sua extens\u00e3o, com brilho e proje\u00e7\u00e3o incompar\u00e1veis. * Tocabilidade suave * Timbre balanceado * Excelente durabilidade * \u00d3timo custo-benef\u00edcio * [&hellip;]<\/p>\n","protected":false},"featured_media":3253,"comment_status":"open","ping_status":"closed","template":"","meta":{"om_disable_all_campaigns":false,"jetpack_publicize_message":"","jetpack_publicize_feature_enabled":true,"jetpack_social_post_already_shared":false,"jetpack_social_options":{"image_generator_settings":{"template":"highway","default_image_id":0,"font":"","enabled":false},"version":2}},"product_brand":[160],"product_cat":[210,231],"product_tag":[597,598],"class_list":{"0":"post-2248","1":"product","2":"type-product","3":"status-publish","4":"has-post-thumbnail","6":"product_brand-daddario","7":"product_cat-friccionadas","8":"product_cat-encordoamentos-violino","9":"product_tag-cordas-violino","10":"product_tag-encordoamento-violino","12":"first","13":"instock","14":"sale","15":"shipping-taxable","16":"purchasable","17":"product-type-simple"},"aioseo_notices":[],"jetpack_publicize_connections":[],"jetpack_sharing_enabled":true,"_links":{"self":[{"href":"https:\/\/delaet.com.br\/pt_br\/wp-json\/wp\/v2\/product\/2248","targetHints":{"allow":["GET"]}}],"collection":[{"href":"https:\/\/delaet.com.br\/pt_br\/wp-json\/wp\/v2\/product"}],"about":[{"href":"https:\/\/delaet.com.br\/pt_br\/wp-json\/wp\/v2\/types\/product"}],"replies":[{"embeddable":true,"href":"https:\/\/delaet.com.br\/pt_br\/wp-json\/wp\/v2\/comments?post=2248"}],"wp:featuredmedia":[{"embeddable":true,"href":"https:\/\/delaet.com.br\/pt_br\/wp-json\/wp\/v2\/media\/3253"}],"wp:attachment":[{"href":"https:\/\/delaet.com.br\/pt_br\/wp-json\/wp\/v2\/media?parent=2248"}],"wp:term":[{"taxonomy":"product_brand","embeddable":true,"href":"https:\/\/delaet.com.br\/pt_br\/wp-json\/wp\/v2\/product_brand?post=2248"},{"taxonomy":"product_cat","embeddable":true,"href":"https:\/\/delaet.com.br\/pt_br\/wp-json\/wp\/v2\/product_cat?post=2248"},{"taxonomy":"product_tag","embeddable":true,"href":"https:\/\/delaet.com.br\/pt_br\/wp-json\/wp\/v2\/product_tag?post=2248"}],"curies":[{"name":"wp","href":"https:\/\/api.w.org\/{rel}","templated":true}]}}