{"id":2256,"date":"2026-04-12T00:47:04","date_gmt":"2026-04-12T03:47:04","guid":{"rendered":"https:\/\/delaet.com.br\/pt_br\/loja\/produto\/encordoamento-violoncelo-media-d-addario-prelude-j1010-4-4m-f035\/"},"modified":"2026-04-22T19:33:32","modified_gmt":"2026-04-22T22:33:32","slug":"encordoamento-violoncelo-media-d-addario-prelude-j1010-4-4m-f035","status":"publish","type":"product","link":"https:\/\/delaet.com.br\/pt_br\/loja\/produto\/encordoamento-violoncelo-media-d-addario-prelude-j1010-4-4m-f035\/","title":{"rendered":"Encordoamento Violoncelo M\u00e9dia D\u00b4Addario Prelude J1010 4\/4M"},"content":{"rendered":"<p>As cordas Prelude s\u00e3o a perfeita combina\u00e7\u00e3o de um timbre aveludado com excelente durabilidade, fazendo delas a primeira escolha de educadores em todo o mundo. Possuem uma excepcional estabilidade de afina\u00e7\u00e3o e \u00f3tima resposta de arco.<\/p>\n<p>* Tens\u00e3o equilibrada para maior conforto ao tocar<br \/>\n* A corda orquestral com n\u00facleo de a\u00e7o mais vendida no mundo<br \/>\n* Indicada para os mais diversos estilos musicais<br \/>\n* \u00d3tima resposta de arco<br \/>\n* Dispon\u00edveis para violino 3\/4 e 4\/4, viola MM, violoncelo 3\/4 e 4\/4 e contrabaixo 3\/4<\/p>\n<p>Origem:Estados Unidos<br \/> Unidades por Embalagem:1<br \/> G\u00eanero:Unissex<br \/> Material:A\u00e7o<br \/> Linha:Prelude<br \/> Instrumento Compat\u00edvel:Cello<br \/> Tamanhos Compat\u00edveis:4\/4<br \/> Calibre:36.5  30  29  28<br \/> Marca:D<br \/> Modelo:J1010 4\/4M<br \/> SKU:J1010 4\/4M<\/p>\n<p> Condi\u00e7\u00e3o do \u00edtem:Novo<br \/> MPN:J1010 4\/4M<br \/> Fonte do Produto:Estados Unidos<br \/> \u00c9 kit:N\u00e3o<\/p>\n<p><\/p>\n","protected":false},"excerpt":{"rendered":"<p>As cordas Prelude s\u00e3o a perfeita combina\u00e7\u00e3o de um timbre aveludado com excelente durabilidade, fazendo delas a primeira escolha de educadores em todo o mundo. Possuem uma excepcional estabilidade de afina\u00e7\u00e3o e \u00f3tima resposta de arco. * Tens\u00e3o equilibrada para maior conforto ao tocar * A corda orquestral com n\u00facleo de a\u00e7o mais vendida no [&hellip;]<\/p>\n","protected":false},"featured_media":3258,"comment_status":"open","ping_status":"closed","template":"","meta":{"om_disable_all_campaigns":false,"_monsterinsights_skip_tracking":false,"_monsterinsights_sitenote_active":false,"_monsterinsights_sitenote_note":"","_monsterinsights_sitenote_category":0,"jetpack_publicize_message":"","jetpack_publicize_feature_enabled":true,"jetpack_social_post_already_shared":false,"jetpack_social_options":{"image_generator_settings":{"template":"highway","default_image_id":0,"font":"","enabled":false},"version":2}},"product_brand":[160],"product_cat":[210,233],"product_tag":[595,596],"class_list":{"0":"post-2256","1":"product","2":"type-product","3":"status-publish","4":"has-post-thumbnail","6":"product_brand-daddario","7":"product_cat-friccionadas","8":"product_cat-encordoamentos-cello","9":"product_tag-corda-violoncelo","10":"product_tag-encordoamento-cello","12":"first","13":"instock","14":"shipping-taxable","15":"purchasable","16":"product-type-simple"},"aioseo_notices":[],"jetpack_publicize_connections":[],"jetpack_sharing_enabled":true,"_links":{"self":[{"href":"https:\/\/delaet.com.br\/pt_br\/wp-json\/wp\/v2\/product\/2256","targetHints":{"allow":["GET"]}}],"collection":[{"href":"https:\/\/delaet.com.br\/pt_br\/wp-json\/wp\/v2\/product"}],"about":[{"href":"https:\/\/delaet.com.br\/pt_br\/wp-json\/wp\/v2\/types\/product"}],"replies":[{"embeddable":true,"href":"https:\/\/delaet.com.br\/pt_br\/wp-json\/wp\/v2\/comments?post=2256"}],"wp:featuredmedia":[{"embeddable":true,"href":"https:\/\/delaet.com.br\/pt_br\/wp-json\/wp\/v2\/media\/3258"}],"wp:attachment":[{"href":"https:\/\/delaet.com.br\/pt_br\/wp-json\/wp\/v2\/media?parent=2256"}],"wp:term":[{"taxonomy":"product_brand","embeddable":true,"href":"https:\/\/delaet.com.br\/pt_br\/wp-json\/wp\/v2\/product_brand?post=2256"},{"taxonomy":"product_cat","embeddable":true,"href":"https:\/\/delaet.com.br\/pt_br\/wp-json\/wp\/v2\/product_cat?post=2256"},{"taxonomy":"product_tag","embeddable":true,"href":"https:\/\/delaet.com.br\/pt_br\/wp-json\/wp\/v2\/product_tag?post=2256"}],"curies":[{"name":"wp","href":"https:\/\/api.w.org\/{rel}","templated":true}]}}