{"id":2261,"date":"2026-04-12T00:47:21","date_gmt":"2026-04-12T03:47:21","guid":{"rendered":"https:\/\/delaet.com.br\/pt_br\/loja\/produto\/escudo-componentes-preto-les-paul-2-pecas-spirit-plpc-l-bk-f035\/"},"modified":"2026-04-12T22:36:27","modified_gmt":"2026-04-13T01:36:27","slug":"escudo-componentes-preto-les-paul-2-pecas-spirit-plpc-l-bk-f035","status":"publish","type":"product","link":"https:\/\/delaet.com.br\/pt_br\/loja\/produto\/escudo-componentes-preto-les-paul-2-pecas-spirit-plpc-l-bk-f035\/","title":{"rendered":"Escudo Componentes Preto Les Paul (2 Pe\u00e7as) Spirit PLPC-L-BK"},"content":{"rendered":"<p>Escudo para Componentes de guitarra &#8211; Potenci\u00f4metros &#8211; modelo Les Paul, acabamento Preto, 2 unidades, Spirit Guitar Parts &#8211; PLPC-L-BK.<\/p>\n<p>Quantidade de camadas:1<br \/> Quantidade de furos:4<br \/> Espessura:2<br \/> Unidade de Espessura:mm<br \/> Instrumentos compat\u00edveis:Guitarra<br \/> Material:Acr\u00edlico<br \/> SKU:006166<\/p>\n<p> Condi\u00e7\u00e3o:Novo<br \/> Cor:Preta<br \/> C\u00f3digo Universal do Produto:7899559801670<br \/> G\u00eanero:Unissex<br \/> Linha:Spirit Guitar Parts<br \/> MPN:H5469_000<br \/> Marca:Spirit<br \/> Modelo:PLPC-L-BK<br \/> Origem:Cor\u00e9ia do Sul<br \/> Unidades por embalagem:2<br \/> \u00c9 kit:N\u00e3o<br \/> Instrumento Recomendado:Guitarra<\/p>\n<p><\/p>\n","protected":false},"excerpt":{"rendered":"<p>Escudo para Componentes de guitarra &#8211; Potenci\u00f4metros &#8211; modelo Les Paul, acabamento Preto, 2 unidades, Spirit Guitar Parts &#8211; PLPC-L-BK. Quantidade de camadas:1 Quantidade de furos:4 Espessura:2 Unidade de Espessura:mm Instrumentos compat\u00edveis:Guitarra Material:Acr\u00edlico SKU:006166 Condi\u00e7\u00e3o:Novo Cor:Preta C\u00f3digo Universal do Produto:7899559801670 G\u00eanero:Unissex Linha:Spirit Guitar Parts MPN:H5469_000 Marca:Spirit Modelo:PLPC-L-BK Origem:Cor\u00e9ia do Sul Unidades por embalagem:2 \u00c9 kit:N\u00e3o [&hellip;]<\/p>\n","protected":false},"featured_media":3263,"comment_status":"open","ping_status":"closed","template":"","meta":{"om_disable_all_campaigns":false,"_monsterinsights_skip_tracking":false,"_monsterinsights_sitenote_active":false,"_monsterinsights_sitenote_note":"","_monsterinsights_sitenote_category":0,"jetpack_publicize_message":"","jetpack_publicize_feature_enabled":true,"jetpack_social_post_already_shared":false,"jetpack_social_options":{"image_generator_settings":{"template":"highway","default_image_id":0,"font":"","enabled":false},"version":2}},"product_brand":[165],"product_cat":[28,223],"product_tag":[592],"class_list":{"0":"post-2261","1":"product","2":"type-product","3":"status-publish","4":"has-post-thumbnail","6":"product_brand-spirit","7":"product_cat-eletricos","8":"product_cat-outros","9":"product_tag-escudo-guitarra","11":"first","12":"instock","13":"shipping-taxable","14":"purchasable","15":"product-type-simple"},"aioseo_notices":[],"jetpack_publicize_connections":[],"jetpack_sharing_enabled":true,"_links":{"self":[{"href":"https:\/\/delaet.com.br\/pt_br\/wp-json\/wp\/v2\/product\/2261","targetHints":{"allow":["GET"]}}],"collection":[{"href":"https:\/\/delaet.com.br\/pt_br\/wp-json\/wp\/v2\/product"}],"about":[{"href":"https:\/\/delaet.com.br\/pt_br\/wp-json\/wp\/v2\/types\/product"}],"replies":[{"embeddable":true,"href":"https:\/\/delaet.com.br\/pt_br\/wp-json\/wp\/v2\/comments?post=2261"}],"wp:featuredmedia":[{"embeddable":true,"href":"https:\/\/delaet.com.br\/pt_br\/wp-json\/wp\/v2\/media\/3263"}],"wp:attachment":[{"href":"https:\/\/delaet.com.br\/pt_br\/wp-json\/wp\/v2\/media?parent=2261"}],"wp:term":[{"taxonomy":"product_brand","embeddable":true,"href":"https:\/\/delaet.com.br\/pt_br\/wp-json\/wp\/v2\/product_brand?post=2261"},{"taxonomy":"product_cat","embeddable":true,"href":"https:\/\/delaet.com.br\/pt_br\/wp-json\/wp\/v2\/product_cat?post=2261"},{"taxonomy":"product_tag","embeddable":true,"href":"https:\/\/delaet.com.br\/pt_br\/wp-json\/wp\/v2\/product_tag?post=2261"}],"curies":[{"name":"wp","href":"https:\/\/api.w.org\/{rel}","templated":true}]}}