{"id":2265,"date":"2026-04-12T00:47:42","date_gmt":"2026-04-12T03:47:42","guid":{"rendered":"https:\/\/delaet.com.br\/pt_br\/loja\/produto\/escudo-controles-guitarra-telecaster-cromado-spirit-tewp-cr-f035\/"},"modified":"2026-04-12T22:35:24","modified_gmt":"2026-04-13T01:35:24","slug":"escudo-controles-guitarra-telecaster-cromado-spirit-tewp-cr-f035","status":"publish","type":"product","link":"https:\/\/delaet.com.br\/pt_br\/loja\/produto\/escudo-controles-guitarra-telecaster-cromado-spirit-tewp-cr-f035\/","title":{"rendered":"Escudo Controles Guitarra Telecaster Cromado Spirit TEWP-CR"},"content":{"rendered":"<p>Escudo para Controles de Guitarra, estilo Telecaster, feito em metal com acabamento cromado, Spirit Guitar Parts &#8211; TEWP-CR.<\/p>\n<p>Quantidade de camadas:N\/A<br \/> Quantidade de furos:2<br \/> Espessura:N\/A<br \/> Unidade de Espessura:mm<br \/> Instrumentos compat\u00edveis:Guitarra<br \/> Material:Metal<br \/> SKU:006239<\/p>\n<p> Condi\u00e7\u00e3o:Novo<br \/> Cor:Cromada<br \/> C\u00f3digo Universal do Produto:7899559802400<br \/> G\u00eanero:Unissex<br \/> Linha:Spirit Guitar Parts<br \/> MPN:H5360_90<br \/> Marca:Spirit<br \/> Modelo:TEWP-CR<br \/> Origem:Cor\u00e9ia do Sul<br \/> Unidades por embalagem:1<br \/> \u00c9 kit:N\u00e3o<br \/> Instrumento Recomendado:Guitarra<\/p>\n<p><\/p>\n","protected":false},"excerpt":{"rendered":"<p>Escudo para Controles de Guitarra, estilo Telecaster, feito em metal com acabamento cromado, Spirit Guitar Parts &#8211; TEWP-CR. Quantidade de camadas:N\/A Quantidade de furos:2 Espessura:N\/A Unidade de Espessura:mm Instrumentos compat\u00edveis:Guitarra Material:Metal SKU:006239 Condi\u00e7\u00e3o:Novo Cor:Cromada C\u00f3digo Universal do Produto:7899559802400 G\u00eanero:Unissex Linha:Spirit Guitar Parts MPN:H5360_90 Marca:Spirit Modelo:TEWP-CR Origem:Cor\u00e9ia do Sul Unidades por embalagem:1 \u00c9 kit:N\u00e3o Instrumento Recomendado:Guitarra<\/p>\n","protected":false},"featured_media":3265,"comment_status":"open","ping_status":"closed","template":"","meta":{"om_disable_all_campaigns":false,"_monsterinsights_skip_tracking":false,"_monsterinsights_sitenote_active":false,"_monsterinsights_sitenote_note":"","_monsterinsights_sitenote_category":0,"jetpack_publicize_message":"","jetpack_publicize_feature_enabled":true,"jetpack_social_post_already_shared":false,"jetpack_social_options":{"image_generator_settings":{"template":"highway","default_image_id":0,"font":"","enabled":false},"version":2}},"product_brand":[165],"product_cat":[28,223],"product_tag":[592],"class_list":{"0":"post-2265","1":"product","2":"type-product","3":"status-publish","4":"has-post-thumbnail","6":"product_brand-spirit","7":"product_cat-eletricos","8":"product_cat-outros","9":"product_tag-escudo-guitarra","11":"first","12":"instock","13":"shipping-taxable","14":"purchasable","15":"product-type-simple"},"aioseo_notices":[],"jetpack_publicize_connections":[],"jetpack_sharing_enabled":true,"_links":{"self":[{"href":"https:\/\/delaet.com.br\/pt_br\/wp-json\/wp\/v2\/product\/2265","targetHints":{"allow":["GET"]}}],"collection":[{"href":"https:\/\/delaet.com.br\/pt_br\/wp-json\/wp\/v2\/product"}],"about":[{"href":"https:\/\/delaet.com.br\/pt_br\/wp-json\/wp\/v2\/types\/product"}],"replies":[{"embeddable":true,"href":"https:\/\/delaet.com.br\/pt_br\/wp-json\/wp\/v2\/comments?post=2265"}],"wp:featuredmedia":[{"embeddable":true,"href":"https:\/\/delaet.com.br\/pt_br\/wp-json\/wp\/v2\/media\/3265"}],"wp:attachment":[{"href":"https:\/\/delaet.com.br\/pt_br\/wp-json\/wp\/v2\/media?parent=2265"}],"wp:term":[{"taxonomy":"product_brand","embeddable":true,"href":"https:\/\/delaet.com.br\/pt_br\/wp-json\/wp\/v2\/product_brand?post=2265"},{"taxonomy":"product_cat","embeddable":true,"href":"https:\/\/delaet.com.br\/pt_br\/wp-json\/wp\/v2\/product_cat?post=2265"},{"taxonomy":"product_tag","embeddable":true,"href":"https:\/\/delaet.com.br\/pt_br\/wp-json\/wp\/v2\/product_tag?post=2265"}],"curies":[{"name":"wp","href":"https:\/\/api.w.org\/{rel}","templated":true}]}}