{"id":2269,"date":"2026-04-12T00:48:01","date_gmt":"2026-04-12T03:48:01","guid":{"rendered":"https:\/\/delaet.com.br\/pt_br\/loja\/produto\/escudo-guitarra-am-strat-hsh-mascara-tribal-spirit-120-mt-f035\/"},"modified":"2026-04-12T22:34:35","modified_gmt":"2026-04-13T01:34:35","slug":"escudo-guitarra-am-strat-hsh-mascara-tribal-spirit-120-mt-f035","status":"publish","type":"product","link":"https:\/\/delaet.com.br\/pt_br\/loja\/produto\/escudo-guitarra-am-strat-hsh-mascara-tribal-spirit-120-mt-f035\/","title":{"rendered":"Escudo Guitarra Am Strat HSH M\u00e1scara Tribal Spirit 120-MT"},"content":{"rendered":"<p>Escudo para Guitarra, estilo Stratocaster para 2 Humbuckers e 1 Single (HSH), modelo Am Strat, 2.3mm de espessura e 11 furos, acabamento M\u00e1scara Tribal, Spirit Guitar Parts &#8211; 120-MT.<\/p>\n<p>Quantidade de camadas:1<br \/> Quantidade de furos:11<br \/> Espessura:2,3<br \/> Unidade de Espessura:mm<br \/> Instrumentos compat\u00edveis:Guitarra<br \/> Material:Acr\u00edlico<br \/> SKU:022150<\/p>\n<p> Condi\u00e7\u00e3o:Novo<br \/> Cor:M\u00e1scara Tribal<br \/> C\u00f3digo Universal do Produto:7899559808938<br \/> G\u00eanero:Unissex<br \/> Linha:Spirit Guitar Parts<br \/> MPN:X120_008_100<br \/> Marca:Spirit<br \/> Modelo:120-MT<br \/> Origem:Cor\u00e9ia do Sul<br \/> Unidades por embalagem:1<br \/> \u00c9 kit:N\u00e3o<br \/> Instrumento Recomendado:Guitarra<\/p>\n<p><\/p>\n","protected":false},"excerpt":{"rendered":"<p>Escudo para Guitarra, estilo Stratocaster para 2 Humbuckers e 1 Single (HSH), modelo Am Strat, 2.3mm de espessura e 11 furos, acabamento M\u00e1scara Tribal, Spirit Guitar Parts &#8211; 120-MT. Quantidade de camadas:1 Quantidade de furos:11 Espessura:2,3 Unidade de Espessura:mm Instrumentos compat\u00edveis:Guitarra Material:Acr\u00edlico SKU:022150 Condi\u00e7\u00e3o:Novo Cor:M\u00e1scara Tribal C\u00f3digo Universal do Produto:7899559808938 G\u00eanero:Unissex Linha:Spirit Guitar Parts MPN:X120_008_100 [&hellip;]<\/p>\n","protected":false},"featured_media":3267,"comment_status":"open","ping_status":"closed","template":"","meta":{"om_disable_all_campaigns":false,"_monsterinsights_skip_tracking":false,"_monsterinsights_sitenote_active":false,"_monsterinsights_sitenote_note":"","_monsterinsights_sitenote_category":0,"jetpack_publicize_message":"","jetpack_publicize_feature_enabled":true,"jetpack_social_post_already_shared":false,"jetpack_social_options":{"image_generator_settings":{"template":"highway","default_image_id":0,"font":"","enabled":false},"version":2}},"product_brand":[165],"product_cat":[28,223],"product_tag":[592],"class_list":{"0":"post-2269","1":"product","2":"type-product","3":"status-publish","4":"has-post-thumbnail","6":"product_brand-spirit","7":"product_cat-eletricos","8":"product_cat-outros","9":"product_tag-escudo-guitarra","11":"first","12":"instock","13":"shipping-taxable","14":"purchasable","15":"product-type-simple"},"aioseo_notices":[],"jetpack_publicize_connections":[],"jetpack_sharing_enabled":true,"_links":{"self":[{"href":"https:\/\/delaet.com.br\/pt_br\/wp-json\/wp\/v2\/product\/2269","targetHints":{"allow":["GET"]}}],"collection":[{"href":"https:\/\/delaet.com.br\/pt_br\/wp-json\/wp\/v2\/product"}],"about":[{"href":"https:\/\/delaet.com.br\/pt_br\/wp-json\/wp\/v2\/types\/product"}],"replies":[{"embeddable":true,"href":"https:\/\/delaet.com.br\/pt_br\/wp-json\/wp\/v2\/comments?post=2269"}],"wp:featuredmedia":[{"embeddable":true,"href":"https:\/\/delaet.com.br\/pt_br\/wp-json\/wp\/v2\/media\/3267"}],"wp:attachment":[{"href":"https:\/\/delaet.com.br\/pt_br\/wp-json\/wp\/v2\/media?parent=2269"}],"wp:term":[{"taxonomy":"product_brand","embeddable":true,"href":"https:\/\/delaet.com.br\/pt_br\/wp-json\/wp\/v2\/product_brand?post=2269"},{"taxonomy":"product_cat","embeddable":true,"href":"https:\/\/delaet.com.br\/pt_br\/wp-json\/wp\/v2\/product_cat?post=2269"},{"taxonomy":"product_tag","embeddable":true,"href":"https:\/\/delaet.com.br\/pt_br\/wp-json\/wp\/v2\/product_tag?post=2269"}],"curies":[{"name":"wp","href":"https:\/\/api.w.org\/{rel}","templated":true}]}}