{"id":2275,"date":"2026-04-12T00:48:30","date_gmt":"2026-04-12T03:48:30","guid":{"rendered":"https:\/\/delaet.com.br\/pt_br\/loja\/produto\/escudo-guitarra-tele-62-branco-perolado-3p-spirit-310-whp-f035\/"},"modified":"2026-04-12T22:33:17","modified_gmt":"2026-04-13T01:33:17","slug":"escudo-guitarra-tele-62-branco-perolado-3p-spirit-310-whp-f035","status":"publish","type":"product","link":"https:\/\/delaet.com.br\/pt_br\/loja\/produto\/escudo-guitarra-tele-62-branco-perolado-3p-spirit-310-whp-f035\/","title":{"rendered":"Escudo Guitarra Tele 62  Branco Perolado 3P Spirit 310-WHP"},"content":{"rendered":"<p>Escudo para Guitarra, modelo Tele 62  (Telecaster), 2.3mm de espessura e 8 furos, 3 camadas e acabamento Branco Perolado, Spirit Guitar Parts &#8211; 310-WHP.<\/p>\n<p>Quantidade de camadas:3<br \/> Quantidade de furos:8<br \/> Espessura:2,3<br \/> Unidade de Espessura:mm<br \/> Instrumentos compat\u00edveis:Guitarra<br \/> Material:Acr\u00edlico<br \/> SKU:006181<\/p>\n<p> Condi\u00e7\u00e3o:Novo<br \/> Cor:Branca Perolada<br \/> C\u00f3digo Universal do Produto:7899559801823<br \/> G\u00eanero:Unissex<br \/> Linha:Spirit Guitar Parts<br \/> MPN:X310_902_500<br \/> Marca:Spirit<br \/> Modelo:310-WHP<br \/> Origem:Cor\u00e9ia do Sul<br \/> Unidades por embalagem:1<br \/> \u00c9 kit:N\u00e3o<br \/> Instrumento Recomendado:Guitarra<\/p>\n<p><\/p>\n","protected":false},"excerpt":{"rendered":"<p>Escudo para Guitarra, modelo Tele 62 (Telecaster), 2.3mm de espessura e 8 furos, 3 camadas e acabamento Branco Perolado, Spirit Guitar Parts &#8211; 310-WHP. Quantidade de camadas:3 Quantidade de furos:8 Espessura:2,3 Unidade de Espessura:mm Instrumentos compat\u00edveis:Guitarra Material:Acr\u00edlico SKU:006181 Condi\u00e7\u00e3o:Novo Cor:Branca Perolada C\u00f3digo Universal do Produto:7899559801823 G\u00eanero:Unissex Linha:Spirit Guitar Parts MPN:X310_902_500 Marca:Spirit Modelo:310-WHP Origem:Cor\u00e9ia do Sul [&hellip;]<\/p>\n","protected":false},"featured_media":3270,"comment_status":"open","ping_status":"closed","template":"","meta":{"om_disable_all_campaigns":false,"_monsterinsights_skip_tracking":false,"_monsterinsights_sitenote_active":false,"_monsterinsights_sitenote_note":"","_monsterinsights_sitenote_category":0,"jetpack_publicize_message":"","jetpack_publicize_feature_enabled":true,"jetpack_social_post_already_shared":false,"jetpack_social_options":{"image_generator_settings":{"template":"highway","default_image_id":0,"font":"","enabled":false},"version":2}},"product_brand":[165],"product_cat":[28,223],"product_tag":[592],"class_list":{"0":"post-2275","1":"product","2":"type-product","3":"status-publish","4":"has-post-thumbnail","6":"product_brand-spirit","7":"product_cat-eletricos","8":"product_cat-outros","9":"product_tag-escudo-guitarra","11":"first","12":"instock","13":"shipping-taxable","14":"purchasable","15":"product-type-simple"},"aioseo_notices":[],"jetpack_publicize_connections":[],"jetpack_sharing_enabled":true,"_links":{"self":[{"href":"https:\/\/delaet.com.br\/pt_br\/wp-json\/wp\/v2\/product\/2275","targetHints":{"allow":["GET"]}}],"collection":[{"href":"https:\/\/delaet.com.br\/pt_br\/wp-json\/wp\/v2\/product"}],"about":[{"href":"https:\/\/delaet.com.br\/pt_br\/wp-json\/wp\/v2\/types\/product"}],"replies":[{"embeddable":true,"href":"https:\/\/delaet.com.br\/pt_br\/wp-json\/wp\/v2\/comments?post=2275"}],"wp:featuredmedia":[{"embeddable":true,"href":"https:\/\/delaet.com.br\/pt_br\/wp-json\/wp\/v2\/media\/3270"}],"wp:attachment":[{"href":"https:\/\/delaet.com.br\/pt_br\/wp-json\/wp\/v2\/media?parent=2275"}],"wp:term":[{"taxonomy":"product_brand","embeddable":true,"href":"https:\/\/delaet.com.br\/pt_br\/wp-json\/wp\/v2\/product_brand?post=2275"},{"taxonomy":"product_cat","embeddable":true,"href":"https:\/\/delaet.com.br\/pt_br\/wp-json\/wp\/v2\/product_cat?post=2275"},{"taxonomy":"product_tag","embeddable":true,"href":"https:\/\/delaet.com.br\/pt_br\/wp-json\/wp\/v2\/product_tag?post=2275"}],"curies":[{"name":"wp","href":"https:\/\/api.w.org\/{rel}","templated":true}]}}