{"id":2290,"date":"2026-04-12T00:49:21","date_gmt":"2026-04-12T03:49:21","guid":{"rendered":"https:\/\/delaet.com.br\/pt_br\/loja\/produto\/escudo-para-guitarra-am-strat-sss-galaxy-girl-spirit-090-gg-f035\/"},"modified":"2026-04-12T22:30:33","modified_gmt":"2026-04-13T01:30:33","slug":"escudo-para-guitarra-am-strat-sss-galaxy-girl-spirit-090-gg-f035","status":"publish","type":"product","link":"https:\/\/delaet.com.br\/pt_br\/loja\/produto\/escudo-para-guitarra-am-strat-sss-galaxy-girl-spirit-090-gg-f035\/","title":{"rendered":"Escudo Para Guitarra Am Strat SSS Galaxy Girl Spirit 090-GG"},"content":{"rendered":"<p>Escudo para Guitarra, estilo Stratocaster para 3 Singles (SSS), modelo Am Strat, 2.3mm de espessura e 8 furos, acabamento Galaxy Girl, Spirit Guitar Parts &#8211; 090-GG.<\/p>\n<p>Quantidade de camadas:1<br \/> Quantidade de furos:8<br \/> Espessura:2,3<br \/> Unidade de Espessura:mm<br \/> Instrumentos compat\u00edveis:Guitarra<br \/> Material:Acr\u00edlico<br \/> SKU:011283<\/p>\n<p> Condi\u00e7\u00e3o:Novo<br \/> Cor:Galaxy Girl<br \/> C\u00f3digo Universal do Produto:7899559804275<br \/> G\u00eanero:Unissex<br \/> Linha:Spirit Guitar Parts<br \/> MPN:X090_009_100<br \/> Marca:Spirit<br \/> Modelo:090-GG<br \/> Origem:Cor\u00e9ia do Sul<br \/> Unidades por embalagem:1<br \/> \u00c9 kit:N\u00e3o<br \/> Instrumento Recomendado:Guitarra<\/p>\n<p><\/p>\n","protected":false},"excerpt":{"rendered":"<p>Escudo para Guitarra, estilo Stratocaster para 3 Singles (SSS), modelo Am Strat, 2.3mm de espessura e 8 furos, acabamento Galaxy Girl, Spirit Guitar Parts &#8211; 090-GG. Quantidade de camadas:1 Quantidade de furos:8 Espessura:2,3 Unidade de Espessura:mm Instrumentos compat\u00edveis:Guitarra Material:Acr\u00edlico SKU:011283 Condi\u00e7\u00e3o:Novo Cor:Galaxy Girl C\u00f3digo Universal do Produto:7899559804275 G\u00eanero:Unissex Linha:Spirit Guitar Parts MPN:X090_009_100 Marca:Spirit Modelo:090-GG Origem:Cor\u00e9ia [&hellip;]<\/p>\n","protected":false},"featured_media":3278,"comment_status":"open","ping_status":"closed","template":"","meta":{"om_disable_all_campaigns":false,"_monsterinsights_skip_tracking":false,"_monsterinsights_sitenote_active":false,"_monsterinsights_sitenote_note":"","_monsterinsights_sitenote_category":0,"jetpack_publicize_message":"","jetpack_publicize_feature_enabled":true,"jetpack_social_post_already_shared":false,"jetpack_social_options":{"image_generator_settings":{"template":"highway","default_image_id":0,"font":"","enabled":false},"version":2}},"product_brand":[165],"product_cat":[28,223],"product_tag":[592],"class_list":{"0":"post-2290","1":"product","2":"type-product","3":"status-publish","4":"has-post-thumbnail","6":"product_brand-spirit","7":"product_cat-eletricos","8":"product_cat-outros","9":"product_tag-escudo-guitarra","11":"first","12":"instock","13":"shipping-taxable","14":"purchasable","15":"product-type-simple"},"aioseo_notices":[],"jetpack_publicize_connections":[],"jetpack_sharing_enabled":true,"_links":{"self":[{"href":"https:\/\/delaet.com.br\/pt_br\/wp-json\/wp\/v2\/product\/2290","targetHints":{"allow":["GET"]}}],"collection":[{"href":"https:\/\/delaet.com.br\/pt_br\/wp-json\/wp\/v2\/product"}],"about":[{"href":"https:\/\/delaet.com.br\/pt_br\/wp-json\/wp\/v2\/types\/product"}],"replies":[{"embeddable":true,"href":"https:\/\/delaet.com.br\/pt_br\/wp-json\/wp\/v2\/comments?post=2290"}],"wp:featuredmedia":[{"embeddable":true,"href":"https:\/\/delaet.com.br\/pt_br\/wp-json\/wp\/v2\/media\/3278"}],"wp:attachment":[{"href":"https:\/\/delaet.com.br\/pt_br\/wp-json\/wp\/v2\/media?parent=2290"}],"wp:term":[{"taxonomy":"product_brand","embeddable":true,"href":"https:\/\/delaet.com.br\/pt_br\/wp-json\/wp\/v2\/product_brand?post=2290"},{"taxonomy":"product_cat","embeddable":true,"href":"https:\/\/delaet.com.br\/pt_br\/wp-json\/wp\/v2\/product_cat?post=2290"},{"taxonomy":"product_tag","embeddable":true,"href":"https:\/\/delaet.com.br\/pt_br\/wp-json\/wp\/v2\/product_tag?post=2290"}],"curies":[{"name":"wp","href":"https:\/\/api.w.org\/{rel}","templated":true}]}}