{"id":3285,"date":"2026-04-12T09:27:11","date_gmt":"2026-04-12T12:27:11","guid":{"rendered":"https:\/\/delaet.com.br\/pt_br\/loja\/produto\/escudo-para-violao-morris-preto-spirit-a6510-f035\/"},"modified":"2026-04-12T22:27:58","modified_gmt":"2026-04-13T01:27:58","slug":"escudo-para-violao-morris-preto-spirit-a6510-f035","status":"publish","type":"product","link":"https:\/\/delaet.com.br\/pt_br\/loja\/produto\/escudo-para-violao-morris-preto-spirit-a6510-f035\/","title":{"rendered":"Escudo Para Viol\u00e3o Morris Preto Spirit A6510"},"content":{"rendered":"<p>Escudo para Viol\u00e3o, modelo Morris e acabamento em Preto, Spirit Guitar Parts &#8211; A6510.<\/p>\n<p>Quantidade de camadas:1<br \/> Quantidade de furos:N\/A<br \/> Espessura:N\/A<br \/> Unidade de Espessura:mm<br \/> Instrumentos compat\u00edveis:Viol\u00e3o<br \/> Material:Acr\u00edlico<br \/> SKU:008271<\/p>\n<p> Condi\u00e7\u00e3o:Novo<br \/> Cor:Preta<br \/> C\u00f3digo Universal do Produto:7899559803490<br \/> G\u00eanero:Unissex<br \/> Linha:Spirit Guitar Parts<br \/> MPN:A6510<br \/> Marca:Spirit<br \/> Modelo:A6510<br \/> Origem:Cor\u00e9ia do Sul<br \/> Unidades por embalagem:1<br \/> \u00c9 kit:N\u00e3o<br \/> Instrumento Recomendado:Viol\u00e3o<\/p>\n<p><\/p>\n","protected":false},"excerpt":{"rendered":"<p>Escudo para Viol\u00e3o, modelo Morris e acabamento em Preto, Spirit Guitar Parts &#8211; A6510. Quantidade de camadas:1 Quantidade de furos:N\/A Espessura:N\/A Unidade de Espessura:mm Instrumentos compat\u00edveis:Viol\u00e3o Material:Acr\u00edlico SKU:008271 Condi\u00e7\u00e3o:Novo Cor:Preta C\u00f3digo Universal do Produto:7899559803490 G\u00eanero:Unissex Linha:Spirit Guitar Parts MPN:A6510 Marca:Spirit Modelo:A6510 Origem:Cor\u00e9ia do Sul Unidades por embalagem:1 \u00c9 kit:N\u00e3o Instrumento Recomendado:Viol\u00e3o<\/p>\n","protected":false},"featured_media":3284,"comment_status":"open","ping_status":"closed","template":"","meta":{"om_disable_all_campaigns":false,"jetpack_publicize_message":"","jetpack_publicize_feature_enabled":true,"jetpack_social_post_already_shared":false,"jetpack_social_options":{"image_generator_settings":{"template":"highway","default_image_id":0,"font":"","enabled":false},"version":2}},"product_brand":[165],"product_cat":[207,455],"product_tag":[591],"class_list":{"0":"post-3285","1":"product","2":"type-product","3":"status-publish","4":"has-post-thumbnail","6":"product_brand-spirit","7":"product_cat-acusticos","8":"product_cat-outros-acusticos","9":"product_tag-escudo-violao","11":"first","12":"instock","13":"shipping-taxable","14":"purchasable","15":"product-type-simple"},"aioseo_notices":[],"jetpack_publicize_connections":[],"jetpack_sharing_enabled":true,"_links":{"self":[{"href":"https:\/\/delaet.com.br\/pt_br\/wp-json\/wp\/v2\/product\/3285","targetHints":{"allow":["GET"]}}],"collection":[{"href":"https:\/\/delaet.com.br\/pt_br\/wp-json\/wp\/v2\/product"}],"about":[{"href":"https:\/\/delaet.com.br\/pt_br\/wp-json\/wp\/v2\/types\/product"}],"replies":[{"embeddable":true,"href":"https:\/\/delaet.com.br\/pt_br\/wp-json\/wp\/v2\/comments?post=3285"}],"wp:featuredmedia":[{"embeddable":true,"href":"https:\/\/delaet.com.br\/pt_br\/wp-json\/wp\/v2\/media\/3284"}],"wp:attachment":[{"href":"https:\/\/delaet.com.br\/pt_br\/wp-json\/wp\/v2\/media?parent=3285"}],"wp:term":[{"taxonomy":"product_brand","embeddable":true,"href":"https:\/\/delaet.com.br\/pt_br\/wp-json\/wp\/v2\/product_brand?post=3285"},{"taxonomy":"product_cat","embeddable":true,"href":"https:\/\/delaet.com.br\/pt_br\/wp-json\/wp\/v2\/product_cat?post=3285"},{"taxonomy":"product_tag","embeddable":true,"href":"https:\/\/delaet.com.br\/pt_br\/wp-json\/wp\/v2\/product_tag?post=3285"}],"curies":[{"name":"wp","href":"https:\/\/api.w.org\/{rel}","templated":true}]}}