{"id":3298,"date":"2026-04-12T09:27:56","date_gmt":"2026-04-12T12:27:56","guid":{"rendered":"https:\/\/delaet.com.br\/pt_br\/loja\/produto\/espelho-viola-de-arco-ebano-b-class-e5a141-f035\/"},"modified":"2026-04-12T22:23:10","modified_gmt":"2026-04-13T01:23:10","slug":"espelho-viola-de-arco-ebano-b-class-e5a141-f035","status":"publish","type":"product","link":"https:\/\/delaet.com.br\/pt_br\/loja\/produto\/espelho-viola-de-arco-ebano-b-class-e5a141-f035\/","title":{"rendered":"Espelho Viola De Arco \u00c9bano (B) Class E5A141"},"content":{"rendered":"<p>Espelho para Viola de Arco \u00c9bano (B) Class E5A141.<\/p>\n<p>Cor:\u00c9bano<br \/> G\u00eanero:Unissex<br \/> Linha:Arco e Acess\u00f3rios<br \/> Marca:Class<br \/> Modelo:E5A141<br \/> Origem:India<br \/> SKU:008377<br \/> Unidades por Embalagem:1<br \/> \u00c9 kit:N\u00e3o<br \/> Instrumento Recomendado:Viola de Arco<br \/> Condi\u00e7\u00e3o:Novo<\/p>\n<p><\/p>\n","protected":false},"excerpt":{"rendered":"<p>Espelho para Viola de Arco \u00c9bano (B) Class E5A141. Cor:\u00c9bano G\u00eanero:Unissex Linha:Arco e Acess\u00f3rios Marca:Class Modelo:E5A141 Origem:India SKU:008377 Unidades por Embalagem:1 \u00c9 kit:N\u00e3o Instrumento Recomendado:Viola de Arco Condi\u00e7\u00e3o:Novo<\/p>\n","protected":false},"featured_media":3297,"comment_status":"open","ping_status":"closed","template":"","meta":{"om_disable_all_campaigns":false,"_monsterinsights_skip_tracking":false,"_monsterinsights_sitenote_active":false,"_monsterinsights_sitenote_note":"","_monsterinsights_sitenote_category":0,"jetpack_publicize_message":"","jetpack_publicize_feature_enabled":true,"jetpack_social_post_already_shared":false,"jetpack_social_options":{"image_generator_settings":{"template":"highway","default_image_id":0,"font":"","enabled":false},"version":2}},"product_brand":[168],"product_cat":[210,585],"product_tag":[586],"class_list":{"0":"post-3298","1":"product","2":"type-product","3":"status-publish","4":"has-post-thumbnail","6":"product_brand-class","7":"product_cat-friccionadas","8":"product_cat-espelhos","9":"product_tag-espelho-viola","11":"first","12":"instock","13":"shipping-taxable","14":"purchasable","15":"product-type-simple"},"aioseo_notices":[],"jetpack_publicize_connections":[],"jetpack_sharing_enabled":true,"_links":{"self":[{"href":"https:\/\/delaet.com.br\/pt_br\/wp-json\/wp\/v2\/product\/3298","targetHints":{"allow":["GET"]}}],"collection":[{"href":"https:\/\/delaet.com.br\/pt_br\/wp-json\/wp\/v2\/product"}],"about":[{"href":"https:\/\/delaet.com.br\/pt_br\/wp-json\/wp\/v2\/types\/product"}],"replies":[{"embeddable":true,"href":"https:\/\/delaet.com.br\/pt_br\/wp-json\/wp\/v2\/comments?post=3298"}],"wp:featuredmedia":[{"embeddable":true,"href":"https:\/\/delaet.com.br\/pt_br\/wp-json\/wp\/v2\/media\/3297"}],"wp:attachment":[{"href":"https:\/\/delaet.com.br\/pt_br\/wp-json\/wp\/v2\/media?parent=3298"}],"wp:term":[{"taxonomy":"product_brand","embeddable":true,"href":"https:\/\/delaet.com.br\/pt_br\/wp-json\/wp\/v2\/product_brand?post=3298"},{"taxonomy":"product_cat","embeddable":true,"href":"https:\/\/delaet.com.br\/pt_br\/wp-json\/wp\/v2\/product_cat?post=3298"},{"taxonomy":"product_tag","embeddable":true,"href":"https:\/\/delaet.com.br\/pt_br\/wp-json\/wp\/v2\/product_tag?post=3298"}],"curies":[{"name":"wp","href":"https:\/\/api.w.org\/{rel}","templated":true}]}}