{"id":3319,"date":"2026-04-12T09:29:30","date_gmt":"2026-04-12T12:29:30","guid":{"rendered":"https:\/\/delaet.com.br\/pt_br\/loja\/produto\/estandarte-violino-4-4-ebano-standard-b-class-e3a111-f035\/"},"modified":"2026-04-12T22:09:57","modified_gmt":"2026-04-13T01:09:57","slug":"estandarte-violino-4-4-ebano-standard-b-class-e3a111-f035","status":"publish","type":"product","link":"https:\/\/delaet.com.br\/pt_br\/loja\/produto\/estandarte-violino-4-4-ebano-standard-b-class-e3a111-f035\/","title":{"rendered":"Estandarte Violino 4\/4 \u00c9bano Standard (B) Class E3A111"},"content":{"rendered":"<p>Estandarte para Violino 4\/4 \u00c9bano Standard (B) Class E3A111.<\/p>\n<p>Cor:\u00c9bano<br \/> G\u00eanero:Unissex<br \/> Linha:Arco e Acess\u00f3rios<br \/> Marca:Class<br \/> Modelo:E3A111<br \/> Origem:India<br \/> SKU:008338<br \/> Unidades por Embalagem:1<br \/> \u00c9 kit:N\u00e3o<br \/> Instrumento Recomendado:Violino<br \/> Condi\u00e7\u00e3o:Novo<\/p>\n<p><\/p>\n","protected":false},"excerpt":{"rendered":"<p>Estandarte para Violino 4\/4 \u00c9bano Standard (B) Class E3A111. Cor:\u00c9bano G\u00eanero:Unissex Linha:Arco e Acess\u00f3rios Marca:Class Modelo:E3A111 Origem:India SKU:008338 Unidades por Embalagem:1 \u00c9 kit:N\u00e3o Instrumento Recomendado:Violino Condi\u00e7\u00e3o:Novo<\/p>\n","protected":false},"featured_media":3318,"comment_status":"open","ping_status":"closed","template":"","meta":{"om_disable_all_campaigns":false,"jetpack_publicize_message":"","jetpack_publicize_feature_enabled":true,"jetpack_social_post_already_shared":false,"jetpack_social_options":{"image_generator_settings":{"template":"highway","default_image_id":0,"font":"","enabled":false},"version":2}},"product_brand":[168],"product_cat":[210,579],"product_tag":[577,580],"class_list":{"0":"post-3319","1":"product","2":"type-product","3":"status-publish","4":"has-post-thumbnail","6":"product_brand-class","7":"product_cat-friccionadas","8":"product_cat-estandarte","9":"product_tag-estandarte","10":"product_tag-estandarte-violino","12":"first","13":"instock","14":"shipping-taxable","15":"purchasable","16":"product-type-simple"},"aioseo_notices":[],"jetpack_publicize_connections":[],"jetpack_sharing_enabled":true,"_links":{"self":[{"href":"https:\/\/delaet.com.br\/pt_br\/wp-json\/wp\/v2\/product\/3319","targetHints":{"allow":["GET"]}}],"collection":[{"href":"https:\/\/delaet.com.br\/pt_br\/wp-json\/wp\/v2\/product"}],"about":[{"href":"https:\/\/delaet.com.br\/pt_br\/wp-json\/wp\/v2\/types\/product"}],"replies":[{"embeddable":true,"href":"https:\/\/delaet.com.br\/pt_br\/wp-json\/wp\/v2\/comments?post=3319"}],"wp:featuredmedia":[{"embeddable":true,"href":"https:\/\/delaet.com.br\/pt_br\/wp-json\/wp\/v2\/media\/3318"}],"wp:attachment":[{"href":"https:\/\/delaet.com.br\/pt_br\/wp-json\/wp\/v2\/media?parent=3319"}],"wp:term":[{"taxonomy":"product_brand","embeddable":true,"href":"https:\/\/delaet.com.br\/pt_br\/wp-json\/wp\/v2\/product_brand?post=3319"},{"taxonomy":"product_cat","embeddable":true,"href":"https:\/\/delaet.com.br\/pt_br\/wp-json\/wp\/v2\/product_cat?post=3319"},{"taxonomy":"product_tag","embeddable":true,"href":"https:\/\/delaet.com.br\/pt_br\/wp-json\/wp\/v2\/product_tag?post=3319"}],"curies":[{"name":"wp","href":"https:\/\/api.w.org\/{rel}","templated":true}]}}