{"id":3345,"date":"2026-04-12T09:30:51","date_gmt":"2026-04-12T12:30:51","guid":{"rendered":"https:\/\/delaet.com.br\/pt_br\/loja\/produto\/exercitador-com-tensao-ajustavel-d-addario-varigrip-pw-vg-01-f035\/"},"modified":"2026-04-16T19:42:56","modified_gmt":"2026-04-16T22:42:56","slug":"exercitador-com-tensao-ajustavel-d-addario-varigrip-pw-vg-01-f035","status":"publish","type":"product","link":"https:\/\/delaet.com.br\/pt_br\/loja\/produto\/exercitador-com-tensao-ajustavel-d-addario-varigrip-pw-vg-01-f035\/","title":{"rendered":"Exercitador Com Tens\u00e3o Ajust\u00e1vel D\u00b4Addario Varigrip PW-VG-01"},"content":{"rendered":"<p>Projetado para desenvolver e manter a destreza dos dedos e das m\u00e3os, o Varigrip possui design ergon\u00f4mico e tens\u00e3o vari\u00e1vel para proporcionar condicionamento espec\u00edfico para os dedos, m\u00fasculos e articula\u00e7\u00f5es da m\u00e3o, pulso e antebra\u00e7o. O Varigrip PW-VG-01 traz um recurso que, ao inverter a borracha protetora de apoio e repouso do grip de aperto e repouso, oferece um design que simula texturas de cordas para assim gerar e manter a calosidade na ponta dos dedos. O D Addario Varigrip \u00e9 a \u00faltima palavra no que h\u00e1 de melhor em solu\u00e7\u00f5es para condicionamento manual de m\u00fasicos.<\/p>\n<p>Nota: O Varigrip \u00e9 um produto recomendado para exerc\u00edcios e finalidades fisioterap\u00eauticas. Caso cenha a sentir dor ou desconforto durante o uso, interrompa-o imediatamente e consulte um profissional de sa\u00fade. A pr\u00e1tica excessiva pode causar dor ou agravar o quadro.<\/p>\n<p>Origem:China<br \/> Cor:Preto\/Cinza<br \/> Unidades por Embalagem:1<br \/> G\u00eanero:Unissex<br \/> Linha:Varigrip<\/p>\n<p><\/p>\n","protected":false},"excerpt":{"rendered":"<p>Projetado para desenvolver e manter a destreza dos dedos e das m\u00e3os, o Varigrip possui design ergon\u00f4mico e tens\u00e3o vari\u00e1vel para proporcionar condicionamento espec\u00edfico para os dedos, m\u00fasculos e articula\u00e7\u00f5es da m\u00e3o, pulso e antebra\u00e7o. O Varigrip PW-VG-01 traz um recurso que, ao inverter a borracha protetora de apoio e repouso do grip de aperto [&hellip;]<\/p>\n","protected":false},"featured_media":3339,"comment_status":"open","ping_status":"closed","template":"","meta":{"om_disable_all_campaigns":false,"jetpack_publicize_message":"","jetpack_publicize_feature_enabled":true,"jetpack_social_post_already_shared":false,"jetpack_social_options":{"image_generator_settings":{"template":"highway","default_image_id":0,"font":"","enabled":false},"version":2}},"product_brand":[160],"product_cat":[96,207,28,223,455],"product_tag":[574],"class_list":{"0":"post-3345","1":"product","2":"type-product","3":"status-publish","4":"has-post-thumbnail","6":"product_brand-daddario","7":"product_cat-acessorios","8":"product_cat-acusticos","9":"product_cat-eletricos","10":"product_cat-outros","11":"product_cat-outros-acusticos","12":"product_tag-exercitador-tensao","14":"first","15":"instock","16":"shipping-taxable","17":"purchasable","18":"product-type-simple"},"aioseo_notices":[],"jetpack_publicize_connections":[],"jetpack_sharing_enabled":true,"_links":{"self":[{"href":"https:\/\/delaet.com.br\/pt_br\/wp-json\/wp\/v2\/product\/3345","targetHints":{"allow":["GET"]}}],"collection":[{"href":"https:\/\/delaet.com.br\/pt_br\/wp-json\/wp\/v2\/product"}],"about":[{"href":"https:\/\/delaet.com.br\/pt_br\/wp-json\/wp\/v2\/types\/product"}],"replies":[{"embeddable":true,"href":"https:\/\/delaet.com.br\/pt_br\/wp-json\/wp\/v2\/comments?post=3345"}],"wp:featuredmedia":[{"embeddable":true,"href":"https:\/\/delaet.com.br\/pt_br\/wp-json\/wp\/v2\/media\/3339"}],"wp:attachment":[{"href":"https:\/\/delaet.com.br\/pt_br\/wp-json\/wp\/v2\/media?parent=3345"}],"wp:term":[{"taxonomy":"product_brand","embeddable":true,"href":"https:\/\/delaet.com.br\/pt_br\/wp-json\/wp\/v2\/product_brand?post=3345"},{"taxonomy":"product_cat","embeddable":true,"href":"https:\/\/delaet.com.br\/pt_br\/wp-json\/wp\/v2\/product_cat?post=3345"},{"taxonomy":"product_tag","embeddable":true,"href":"https:\/\/delaet.com.br\/pt_br\/wp-json\/wp\/v2\/product_tag?post=3345"}],"curies":[{"name":"wp","href":"https:\/\/api.w.org\/{rel}","templated":true}]}}