{"id":3349,"date":"2026-04-12T09:31:08","date_gmt":"2026-04-12T12:31:08","guid":{"rendered":"https:\/\/delaet.com.br\/pt_br\/loja\/produto\/exercitador-para-maos-e-punhos-d-addario-dynaflex-pw-dfp-01-f035\/"},"modified":"2026-04-12T21:51:31","modified_gmt":"2026-04-13T00:51:31","slug":"exercitador-para-maos-e-punhos-d-addario-dynaflex-pw-dfp-01-f035","status":"publish","type":"product","link":"https:\/\/delaet.com.br\/pt_br\/loja\/produto\/exercitador-para-maos-e-punhos-d-addario-dynaflex-pw-dfp-01-f035\/","title":{"rendered":"Exercitador Para M\u00e3os E Punhos D\u00b4Addario Dynaflex PW-DFP-01"},"content":{"rendered":"<p>O Dynaflex ajuda o m\u00fasico a atingir o m\u00e1ximo de preparo f\u00edsico para a performance, independente do instrumento. Este girosc\u00f3pio port\u00e1til prepara e condiciona as m\u00e3os, pulsos e antebra\u00e7os, ao mesmo tempo em que aumenta a sua velocidade e resist\u00eancia. \u00c9 como ter uma academia port\u00e1til na palma da m\u00e3o. Basta iniciar a rota\u00e7\u00e3o e, com um movimento circular, controlar a velocidade do girosc\u00f3pio para come\u00e7ar a sentir os resultados. O Dynaflex \u00e9 a escolha perfeita para manter os m\u00fasculos tonificados enquanto estiver longe do instrumento ou at\u00e9 mesmo para aquecimentos antes das performances. Utilize-o em conjunto com o D Addario Varigrip para obter um desempenho completo na pr\u00e1tica do fortalecimento dos dedos, m\u00e3os, pulsos, antebra\u00e7os e bra\u00e7os.<\/p>\n<p>Origem:China<br \/> Cor:Multi-Color<br \/> Unidades por Embalagem:1<br \/> G\u00eanero:Unissex<br \/> Linha:Dynaflex<\/p>\n<p><\/p>\n","protected":false},"excerpt":{"rendered":"<p>O Dynaflex ajuda o m\u00fasico a atingir o m\u00e1ximo de preparo f\u00edsico para a performance, independente do instrumento. Este girosc\u00f3pio port\u00e1til prepara e condiciona as m\u00e3os, pulsos e antebra\u00e7os, ao mesmo tempo em que aumenta a sua velocidade e resist\u00eancia. \u00c9 como ter uma academia port\u00e1til na palma da m\u00e3o. Basta iniciar a rota\u00e7\u00e3o e, [&hellip;]<\/p>\n","protected":false},"featured_media":3346,"comment_status":"open","ping_status":"closed","template":"","meta":{"om_disable_all_campaigns":false,"jetpack_publicize_message":"","jetpack_publicize_feature_enabled":true,"jetpack_social_post_already_shared":false,"jetpack_social_options":{"image_generator_settings":{"template":"highway","default_image_id":0,"font":"","enabled":false},"version":2}},"product_brand":[160],"product_cat":[96,207,28,223,455],"product_tag":[574],"class_list":{"0":"post-3349","1":"product","2":"type-product","3":"status-publish","4":"has-post-thumbnail","6":"product_brand-daddario","7":"product_cat-acessorios","8":"product_cat-acusticos","9":"product_cat-eletricos","10":"product_cat-outros","11":"product_cat-outros-acusticos","12":"product_tag-exercitador-tensao","14":"first","15":"instock","16":"shipping-taxable","17":"purchasable","18":"product-type-simple"},"aioseo_notices":[],"jetpack_publicize_connections":[],"jetpack_sharing_enabled":true,"_links":{"self":[{"href":"https:\/\/delaet.com.br\/pt_br\/wp-json\/wp\/v2\/product\/3349","targetHints":{"allow":["GET"]}}],"collection":[{"href":"https:\/\/delaet.com.br\/pt_br\/wp-json\/wp\/v2\/product"}],"about":[{"href":"https:\/\/delaet.com.br\/pt_br\/wp-json\/wp\/v2\/types\/product"}],"replies":[{"embeddable":true,"href":"https:\/\/delaet.com.br\/pt_br\/wp-json\/wp\/v2\/comments?post=3349"}],"wp:featuredmedia":[{"embeddable":true,"href":"https:\/\/delaet.com.br\/pt_br\/wp-json\/wp\/v2\/media\/3346"}],"wp:attachment":[{"href":"https:\/\/delaet.com.br\/pt_br\/wp-json\/wp\/v2\/media?parent=3349"}],"wp:term":[{"taxonomy":"product_brand","embeddable":true,"href":"https:\/\/delaet.com.br\/pt_br\/wp-json\/wp\/v2\/product_brand?post=3349"},{"taxonomy":"product_cat","embeddable":true,"href":"https:\/\/delaet.com.br\/pt_br\/wp-json\/wp\/v2\/product_cat?post=3349"},{"taxonomy":"product_tag","embeddable":true,"href":"https:\/\/delaet.com.br\/pt_br\/wp-json\/wp\/v2\/product_tag?post=3349"}],"curies":[{"name":"wp","href":"https:\/\/api.w.org\/{rel}","templated":true}]}}