{"id":3355,"date":"2026-04-12T09:31:20","date_gmt":"2026-04-12T12:31:20","guid":{"rendered":"https:\/\/delaet.com.br\/pt_br\/loja\/produto\/exercitador-tensao-ajustavel-d-addario-varigrip-pw-vgp-01-f035\/"},"modified":"2026-04-17T19:48:43","modified_gmt":"2026-04-17T22:48:43","slug":"exercitador-tensao-ajustavel-d-addario-varigrip-pw-vgp-01-f035","status":"publish","type":"product","link":"https:\/\/delaet.com.br\/pt_br\/loja\/produto\/exercitador-tensao-ajustavel-d-addario-varigrip-pw-vgp-01-f035\/","title":{"rendered":"Exercitador Tens\u00e3o Ajust\u00e1vel D\u00b4Addario Varigrip+ PW-VGP-01"},"content":{"rendered":"<p>O Varigrip+ (Plus) mant\u00e9m a proposta original do cl\u00e1ssico Varigrip: fortalecer e condicionar os dedos com conforto e design ergon\u00f4mico.<br \/>\nAgora com sistema de ajuste individual de tens\u00e3o, chaves em alum\u00ednio fundido, molas intercambi\u00e1veis e indicadores precisos de n\u00edvel de for\u00e7a, ele oferece ainda mais controle e personaliza\u00e7\u00e3o para sua evolu\u00e7\u00e3o.<br \/>\nO ajuste de altura permite adaptar o equipamento \u00e0 sua pegada, atendendo m\u00fasicos de diferentes n\u00edveis e necessidades.<br \/>\nNota: O Varigrip+ \u00e9 indicado para exerc\u00edcios e fins fisioterap\u00eauticos. Caso sinta dor ou desconforto durante o uso, interrompa imediatamente e procure orienta\u00e7\u00e3o profissional. O uso excessivo pode causar dores ou agravar condi\u00e7\u00f5es existentes.<\/p>\n<p> Condi\u00e7\u00e3o do item:Novo<br \/> Fonte do Produto:Importado<br \/> G\u00eanero:Unissex<br \/> Instrumento recomendado:Instrumentos de Cordas<br \/> Cor:Preto<br \/> Linha:Varigrip<br \/> Origem:China<br \/> SKU:035567<br \/> Unidades por Embalagem:1<\/p>\n<p><\/p>\n","protected":false},"excerpt":{"rendered":"<p>O Varigrip+ (Plus) mant\u00e9m a proposta original do cl\u00e1ssico Varigrip: fortalecer e condicionar os dedos com conforto e design ergon\u00f4mico. Agora com sistema de ajuste individual de tens\u00e3o, chaves em alum\u00ednio fundido, molas intercambi\u00e1veis e indicadores precisos de n\u00edvel de for\u00e7a, ele oferece ainda mais controle e personaliza\u00e7\u00e3o para sua evolu\u00e7\u00e3o. O ajuste de altura [&hellip;]<\/p>\n","protected":false},"featured_media":3350,"comment_status":"open","ping_status":"closed","template":"","meta":{"om_disable_all_campaigns":false,"jetpack_publicize_message":"","jetpack_publicize_feature_enabled":true,"jetpack_social_post_already_shared":false,"jetpack_social_options":{"image_generator_settings":{"template":"highway","default_image_id":0,"font":"","enabled":false},"version":2}},"product_brand":[160],"product_cat":[96,207,28,223,455],"product_tag":[574],"class_list":{"0":"post-3355","1":"product","2":"type-product","3":"status-publish","4":"has-post-thumbnail","6":"product_brand-daddario","7":"product_cat-acessorios","8":"product_cat-acusticos","9":"product_cat-eletricos","10":"product_cat-outros","11":"product_cat-outros-acusticos","12":"product_tag-exercitador-tensao","14":"first","15":"instock","16":"shipping-taxable","17":"purchasable","18":"product-type-simple"},"aioseo_notices":[],"jetpack_publicize_connections":[],"jetpack_sharing_enabled":true,"_links":{"self":[{"href":"https:\/\/delaet.com.br\/pt_br\/wp-json\/wp\/v2\/product\/3355","targetHints":{"allow":["GET"]}}],"collection":[{"href":"https:\/\/delaet.com.br\/pt_br\/wp-json\/wp\/v2\/product"}],"about":[{"href":"https:\/\/delaet.com.br\/pt_br\/wp-json\/wp\/v2\/types\/product"}],"replies":[{"embeddable":true,"href":"https:\/\/delaet.com.br\/pt_br\/wp-json\/wp\/v2\/comments?post=3355"}],"wp:featuredmedia":[{"embeddable":true,"href":"https:\/\/delaet.com.br\/pt_br\/wp-json\/wp\/v2\/media\/3350"}],"wp:attachment":[{"href":"https:\/\/delaet.com.br\/pt_br\/wp-json\/wp\/v2\/media?parent=3355"}],"wp:term":[{"taxonomy":"product_brand","embeddable":true,"href":"https:\/\/delaet.com.br\/pt_br\/wp-json\/wp\/v2\/product_brand?post=3355"},{"taxonomy":"product_cat","embeddable":true,"href":"https:\/\/delaet.com.br\/pt_br\/wp-json\/wp\/v2\/product_cat?post=3355"},{"taxonomy":"product_tag","embeddable":true,"href":"https:\/\/delaet.com.br\/pt_br\/wp-json\/wp\/v2\/product_tag?post=3355"}],"curies":[{"name":"wp","href":"https:\/\/api.w.org\/{rel}","templated":true}]}}