{"id":3357,"date":"2026-04-12T09:31:29","date_gmt":"2026-04-12T12:31:29","guid":{"rendered":"https:\/\/delaet.com.br\/pt_br\/loja\/produto\/extensao-fone-ouvido-350m-p10-d-addario-custom-pw-ext-hd-10-f035\/"},"modified":"2026-04-12T22:20:43","modified_gmt":"2026-04-13T01:20:43","slug":"extensao-fone-ouvido-350m-p10-d-addario-custom-pw-ext-hd-10-f035","status":"publish","type":"product","link":"https:\/\/delaet.com.br\/pt_br\/loja\/produto\/extensao-fone-ouvido-350m-p10-d-addario-custom-pw-ext-hd-10-f035\/","title":{"rendered":"Extens\u00e3o Fone Ouvido 3,50m P10 D\u00b4Addario Custom PW-EXT-HD-10"},"content":{"rendered":"<p>Extensor para Fones de Ouvido com 3,50m de comprimento, conex\u00e3o P10 macho e f\u00eamea, D Addario Custom &#8211; PW-EXT-HD-10.<\/p>\n<p>Origem:Taiwan<br \/> Cor:Preto<br \/> Unidades por Embalagem:1<br \/> G\u00eanero:Unissex<br \/> Material:Alum\u00ednio\/Cobre\/PVC-Emborrachado<br \/> Linha:Custom Series<br \/> Conector de entrada:P10<br \/> Conector de sa\u00edda:P10<br \/> Comprimento do cabo:3,05<br \/> Unidade de Comprimento do cabo:m<br \/> Quantidade de conectores de entrada:1<br \/> Quantidade de conectores de sa\u00edda:1<\/p>\n<p><\/p>\n","protected":false},"excerpt":{"rendered":"<p>Extensor para Fones de Ouvido com 3,50m de comprimento, conex\u00e3o P10 macho e f\u00eamea, D Addario Custom &#8211; PW-EXT-HD-10. Origem:Taiwan Cor:Preto Unidades por Embalagem:1 G\u00eanero:Unissex Material:Alum\u00ednio\/Cobre\/PVC-Emborrachado Linha:Custom Series Conector de entrada:P10 Conector de sa\u00edda:P10 Comprimento do cabo:3,05 Unidade de Comprimento do cabo:m Quantidade de conectores de entrada:1 Quantidade de conectores de sa\u00edda:1<\/p>\n","protected":false},"featured_media":3356,"comment_status":"open","ping_status":"closed","template":"","meta":{"om_disable_all_campaigns":false,"_monsterinsights_skip_tracking":false,"_monsterinsights_sitenote_active":false,"_monsterinsights_sitenote_note":"","_monsterinsights_sitenote_category":0,"jetpack_publicize_message":"","jetpack_publicize_feature_enabled":true,"jetpack_social_post_already_shared":false,"jetpack_social_options":{"image_generator_settings":{"template":"highway","default_image_id":0,"font":"","enabled":false},"version":2}},"product_brand":[160],"product_cat":[96,97],"product_tag":[573,571,572],"class_list":{"0":"post-3357","1":"product","2":"type-product","3":"status-publish","4":"has-post-thumbnail","6":"product_brand-daddario","7":"product_cat-acessorios","8":"product_cat-cabos","9":"product_tag-adaptador-p10","10":"product_tag-extensao","11":"product_tag-fone-de-ouvido","13":"first","14":"instock","15":"shipping-taxable","16":"purchasable","17":"product-type-simple"},"aioseo_notices":[],"jetpack_publicize_connections":[],"jetpack_sharing_enabled":true,"_links":{"self":[{"href":"https:\/\/delaet.com.br\/pt_br\/wp-json\/wp\/v2\/product\/3357","targetHints":{"allow":["GET"]}}],"collection":[{"href":"https:\/\/delaet.com.br\/pt_br\/wp-json\/wp\/v2\/product"}],"about":[{"href":"https:\/\/delaet.com.br\/pt_br\/wp-json\/wp\/v2\/types\/product"}],"replies":[{"embeddable":true,"href":"https:\/\/delaet.com.br\/pt_br\/wp-json\/wp\/v2\/comments?post=3357"}],"wp:featuredmedia":[{"embeddable":true,"href":"https:\/\/delaet.com.br\/pt_br\/wp-json\/wp\/v2\/media\/3356"}],"wp:attachment":[{"href":"https:\/\/delaet.com.br\/pt_br\/wp-json\/wp\/v2\/media?parent=3357"}],"wp:term":[{"taxonomy":"product_brand","embeddable":true,"href":"https:\/\/delaet.com.br\/pt_br\/wp-json\/wp\/v2\/product_brand?post=3357"},{"taxonomy":"product_cat","embeddable":true,"href":"https:\/\/delaet.com.br\/pt_br\/wp-json\/wp\/v2\/product_cat?post=3357"},{"taxonomy":"product_tag","embeddable":true,"href":"https:\/\/delaet.com.br\/pt_br\/wp-json\/wp\/v2\/product_tag?post=3357"}],"curies":[{"name":"wp","href":"https:\/\/api.w.org\/{rel}","templated":true}]}}