{"id":3363,"date":"2026-04-12T09:31:56","date_gmt":"2026-04-12T12:31:56","guid":{"rendered":"https:\/\/delaet.com.br\/pt_br\/loja\/produto\/ferragem-queixeira-viola-de-arco-class-35mm-f035\/"},"modified":"2026-04-12T21:14:57","modified_gmt":"2026-04-13T00:14:57","slug":"ferragem-queixeira-viola-de-arco-class-35mm-f035","status":"publish","type":"product","link":"https:\/\/delaet.com.br\/pt_br\/loja\/produto\/ferragem-queixeira-viola-de-arco-class-35mm-f035\/","title":{"rendered":"Ferragem para Queixeira de Viola De Arco Class 35MM"},"content":{"rendered":"<p>Ferragem para Queixeira Viola de Arco Class 35MM.<\/p>\n<p>Cor:Cromada<br \/> G\u00eanero:Unissex<br \/> Linha:Arco e Acess\u00f3rios<br \/> Marca:Class<br \/> Modelo:35MM<br \/> Origem:India<br \/> SKU:008370<br \/> Unidades por Embalagem:1<br \/> \u00c9 kit:N\u00e3o<br \/> Instrumento Recomendado:Viola de Arco<br \/> Condi\u00e7\u00e3o:Novo<\/p>\n<p><\/p>\n","protected":false},"excerpt":{"rendered":"<p>Ferragem para Queixeira Viola de Arco Class 35MM. Cor:Cromada G\u00eanero:Unissex Linha:Arco e Acess\u00f3rios Marca:Class Modelo:35MM Origem:India SKU:008370 Unidades por Embalagem:1 \u00c9 kit:N\u00e3o Instrumento Recomendado:Viola de Arco Condi\u00e7\u00e3o:Novo<\/p>\n","protected":false},"featured_media":3362,"comment_status":"open","ping_status":"closed","template":"","meta":{"om_disable_all_campaigns":false,"jetpack_publicize_message":"","jetpack_publicize_feature_enabled":true,"jetpack_social_post_already_shared":false,"jetpack_social_options":{"image_generator_settings":{"template":"highway","default_image_id":0,"font":"","enabled":false},"version":2}},"product_brand":[168],"product_cat":[210,238,235],"product_tag":[567,568],"class_list":{"0":"post-3363","1":"product","2":"type-product","3":"status-publish","4":"has-post-thumbnail","6":"product_brand-class","7":"product_cat-friccionadas","8":"product_cat-outros-friccionadas","9":"product_cat-queixeiras-friccionadas","10":"product_tag-ferragem-queixeira","11":"product_tag-ferragem-viola","13":"first","14":"instock","15":"shipping-taxable","16":"purchasable","17":"product-type-simple"},"aioseo_notices":[],"jetpack_publicize_connections":[],"jetpack_sharing_enabled":true,"_links":{"self":[{"href":"https:\/\/delaet.com.br\/pt_br\/wp-json\/wp\/v2\/product\/3363","targetHints":{"allow":["GET"]}}],"collection":[{"href":"https:\/\/delaet.com.br\/pt_br\/wp-json\/wp\/v2\/product"}],"about":[{"href":"https:\/\/delaet.com.br\/pt_br\/wp-json\/wp\/v2\/types\/product"}],"replies":[{"embeddable":true,"href":"https:\/\/delaet.com.br\/pt_br\/wp-json\/wp\/v2\/comments?post=3363"}],"wp:featuredmedia":[{"embeddable":true,"href":"https:\/\/delaet.com.br\/pt_br\/wp-json\/wp\/v2\/media\/3362"}],"wp:attachment":[{"href":"https:\/\/delaet.com.br\/pt_br\/wp-json\/wp\/v2\/media?parent=3363"}],"wp:term":[{"taxonomy":"product_brand","embeddable":true,"href":"https:\/\/delaet.com.br\/pt_br\/wp-json\/wp\/v2\/product_brand?post=3363"},{"taxonomy":"product_cat","embeddable":true,"href":"https:\/\/delaet.com.br\/pt_br\/wp-json\/wp\/v2\/product_cat?post=3363"},{"taxonomy":"product_tag","embeddable":true,"href":"https:\/\/delaet.com.br\/pt_br\/wp-json\/wp\/v2\/product_tag?post=3363"}],"curies":[{"name":"wp","href":"https:\/\/api.w.org\/{rel}","templated":true}]}}