{"id":3370,"date":"2026-04-12T09:32:18","date_gmt":"2026-04-12T12:32:18","guid":{"rendered":"https:\/\/delaet.com.br\/pt_br\/loja\/produto\/ferramenta-multiuso-para-instrumentos-d-addario-pw-gbmt-01-f035\/"},"modified":"2026-04-15T12:30:59","modified_gmt":"2026-04-15T15:30:59","slug":"ferramenta-multiuso-para-instrumentos-d-addario-pw-gbmt-01-f035","status":"publish","type":"product","link":"https:\/\/delaet.com.br\/pt_br\/loja\/produto\/ferramenta-multiuso-para-instrumentos-d-addario-pw-gbmt-01-f035\/","title":{"rendered":"Ferramenta Multiuso Para Instrumentos D\u00b4Addario PW-GBMT-01"},"content":{"rendered":"<p>A ferramenta multiuso D Addario possui as chaves necess\u00e1rias para a maioria dos ajustes em sua guitarra e baixo. A ferramenta multiuso possui chaves no padr\u00e3o americano e no padr\u00e3o m\u00e9trico, feitas de a\u00e7o S2 e com um design compacto. Em casa, no est\u00fadio ou no palco, a D Addario tem as ferramentas para manter a melhor performance do seu instrumento.?<\/p>\n<p>Origem:China<br \/> Cor:Preta\/Prata<br \/> Unidades por Embalagem:1<br \/> G\u00eanero:Unissex<\/p>\n<p><\/p>\n","protected":false},"excerpt":{"rendered":"<p>A ferramenta multiuso D Addario possui as chaves necess\u00e1rias para a maioria dos ajustes em sua guitarra e baixo. A ferramenta multiuso possui chaves no padr\u00e3o americano e no padr\u00e3o m\u00e9trico, feitas de a\u00e7o S2 e com um design compacto. Em casa, no est\u00fadio ou no palco, a D Addario tem as ferramentas para manter [&hellip;]<\/p>\n","protected":false},"featured_media":3366,"comment_status":"open","ping_status":"closed","template":"","meta":{"om_disable_all_campaigns":false,"_monsterinsights_skip_tracking":false,"_monsterinsights_sitenote_active":false,"_monsterinsights_sitenote_note":"","_monsterinsights_sitenote_category":0,"jetpack_publicize_message":"","jetpack_publicize_feature_enabled":true,"jetpack_social_post_already_shared":false,"jetpack_social_options":{"image_generator_settings":{"template":"highway","default_image_id":0,"font":"","enabled":false},"version":2}},"product_brand":[160],"product_cat":[28,133,223,276],"product_tag":[563,565,564],"class_list":{"0":"post-3370","1":"product","2":"type-product","3":"status-publish","4":"has-post-thumbnail","6":"product_brand-daddario","7":"product_cat-eletricos","8":"product_cat-ferramentas","9":"product_cat-outros","10":"product_cat-luthier","11":"product_tag-ferramenta-multiuso","12":"product_tag-ferramenta-para-guitarra","13":"product_tag-ferramenta-para-instrumentos-musicais","15":"first","16":"instock","17":"shipping-taxable","18":"purchasable","19":"product-type-simple"},"aioseo_notices":[],"jetpack_publicize_connections":[],"jetpack_sharing_enabled":true,"_links":{"self":[{"href":"https:\/\/delaet.com.br\/pt_br\/wp-json\/wp\/v2\/product\/3370","targetHints":{"allow":["GET"]}}],"collection":[{"href":"https:\/\/delaet.com.br\/pt_br\/wp-json\/wp\/v2\/product"}],"about":[{"href":"https:\/\/delaet.com.br\/pt_br\/wp-json\/wp\/v2\/types\/product"}],"replies":[{"embeddable":true,"href":"https:\/\/delaet.com.br\/pt_br\/wp-json\/wp\/v2\/comments?post=3370"}],"wp:featuredmedia":[{"embeddable":true,"href":"https:\/\/delaet.com.br\/pt_br\/wp-json\/wp\/v2\/media\/3366"}],"wp:attachment":[{"href":"https:\/\/delaet.com.br\/pt_br\/wp-json\/wp\/v2\/media?parent=3370"}],"wp:term":[{"taxonomy":"product_brand","embeddable":true,"href":"https:\/\/delaet.com.br\/pt_br\/wp-json\/wp\/v2\/product_brand?post=3370"},{"taxonomy":"product_cat","embeddable":true,"href":"https:\/\/delaet.com.br\/pt_br\/wp-json\/wp\/v2\/product_cat?post=3370"},{"taxonomy":"product_tag","embeddable":true,"href":"https:\/\/delaet.com.br\/pt_br\/wp-json\/wp\/v2\/product_tag?post=3370"}],"curies":[{"name":"wp","href":"https:\/\/api.w.org\/{rel}","templated":true}]}}