{"id":3385,"date":"2026-04-12T09:33:03","date_gmt":"2026-04-12T12:33:03","guid":{"rendered":"https:\/\/delaet.com.br\/pt_br\/loja\/produto\/flauta-contralto-barroca-ecologica-yamaha-serie-400-yra402b-f035\/"},"modified":"2026-04-12T20:56:35","modified_gmt":"2026-04-12T23:56:35","slug":"flauta-contralto-barroca-ecologica-yamaha-serie-400-yra402b-f035","status":"publish","type":"product","link":"https:\/\/delaet.com.br\/pt_br\/loja\/produto\/flauta-contralto-barroca-ecologica-yamaha-serie-400-yra402b-f035\/","title":{"rendered":"Flauta Contralto Barroca Ecol\u00f3gica Yamaha S\u00e9rie 400 YRA402B"},"content":{"rendered":"<p>A Yamaha inova mais uma vez e lan\u00e7a o primeiro instrumento m\u00fasical do mundo constru\u00eddo a partir de uma nova resina feita \u00e0 base de plantas| Na produ\u00e7\u00e3o das flautas doce da S\u00e9rie 400, \u00e9 utilizada a resina Ecodear: um tipo de pl\u00e1stico (biopl\u00e1stico) que substitui uma por\u00e7\u00e3o das mat\u00e9rias primas \u00e0 base de petr\u00f3leo nos pl\u00e1sticos tradicionais por resinas obtidas a partir de amido de plantas. Por caracter\u00edstica da sua composi\u00e7\u00e3o, a Ecodear possui uma densidade maior do que o pl\u00e1stico ABS utilizado na S\u00e9rie 300, e o resultado final \u00e9 uma flauta doce com qualidades sonoras mais pr\u00f3ximas \u00e0s flautas doce de madeira e com o mesmo design das flautas da S\u00e9rie 300 da Yamaha.<\/p>\n<p>As flautas YRA402B produzem uma sonoridade definida, encorpada e rica, com mais resist\u00eancia e alcance de resposta. Al\u00e9m das quest\u00f5es de sustentabilidade, a altera\u00e7\u00e3o no material de fabrica\u00e7\u00e3o originou um timbre suave, aprimorando a performance, o controle de respira\u00e7\u00e3o e o registro dos agudos. Os estojos das flautas s\u00e3o produzidos em algod\u00e3o, n\u00e3o oferecendo riscos ao meio-ambiente.<\/p>\n<p>&#8211; Em FA<br \/>\n&#8211; Digita\u00e7\u00e3o barroca<br \/>\n&#8211; Pl\u00e1stico \u00e0 base de plantas<br \/>\n&#8211; Constru\u00e7\u00e3o em 3 pe\u00e7as<br \/>\n&#8211; Com tabela de digita\u00e7\u00e3o<br \/>\n&#8211; Barra de limpeza<br \/>\n&#8211; Creme para flautas<br \/>\n&#8211; Estojo de algod\u00e3o<\/p>\n<p>Origem:Jap\u00e3o<br \/> Unidades por Embalagem:1<br \/> G\u00eanero:Unissex<br \/> Material:ABS<br \/> Tipo de Dedilhado:Barroco<br \/> Inclui Estojo:Sim<\/p>\n<p><\/p>\n","protected":false},"excerpt":{"rendered":"<p>A Yamaha inova mais uma vez e lan\u00e7a o primeiro instrumento m\u00fasical do mundo constru\u00eddo a partir de uma nova resina feita \u00e0 base de plantas| Na produ\u00e7\u00e3o das flautas doce da S\u00e9rie 400, \u00e9 utilizada a resina Ecodear: um tipo de pl\u00e1stico (biopl\u00e1stico) que substitui uma por\u00e7\u00e3o das mat\u00e9rias primas \u00e0 base de petr\u00f3leo [&hellip;]<\/p>\n","protected":false},"featured_media":3383,"comment_status":"open","ping_status":"closed","template":"","meta":{"om_disable_all_campaigns":false,"jetpack_publicize_message":"","jetpack_publicize_feature_enabled":true,"jetpack_social_post_already_shared":false,"jetpack_social_options":{"image_generator_settings":{"template":"highway","default_image_id":0,"font":"","enabled":false},"version":2}},"product_brand":[163],"product_cat":[131,239,128],"product_tag":[553,558,559],"class_list":{"0":"post-3385","1":"product","2":"type-product","3":"status-publish","4":"has-post-thumbnail","6":"product_brand-yamaha","7":"product_cat-flauta-barroca","8":"product_cat-flautas","9":"product_cat-instrumentos-de-sopro","10":"product_tag-flauta-barroca","11":"product_tag-flauta-contralto","12":"product_tag-flauta-ecologica","14":"first","15":"instock","16":"shipping-taxable","17":"purchasable","18":"product-type-simple"},"aioseo_notices":[],"jetpack_publicize_connections":[],"jetpack_sharing_enabled":true,"_links":{"self":[{"href":"https:\/\/delaet.com.br\/pt_br\/wp-json\/wp\/v2\/product\/3385","targetHints":{"allow":["GET"]}}],"collection":[{"href":"https:\/\/delaet.com.br\/pt_br\/wp-json\/wp\/v2\/product"}],"about":[{"href":"https:\/\/delaet.com.br\/pt_br\/wp-json\/wp\/v2\/types\/product"}],"replies":[{"embeddable":true,"href":"https:\/\/delaet.com.br\/pt_br\/wp-json\/wp\/v2\/comments?post=3385"}],"wp:featuredmedia":[{"embeddable":true,"href":"https:\/\/delaet.com.br\/pt_br\/wp-json\/wp\/v2\/media\/3383"}],"wp:attachment":[{"href":"https:\/\/delaet.com.br\/pt_br\/wp-json\/wp\/v2\/media?parent=3385"}],"wp:term":[{"taxonomy":"product_brand","embeddable":true,"href":"https:\/\/delaet.com.br\/pt_br\/wp-json\/wp\/v2\/product_brand?post=3385"},{"taxonomy":"product_cat","embeddable":true,"href":"https:\/\/delaet.com.br\/pt_br\/wp-json\/wp\/v2\/product_cat?post=3385"},{"taxonomy":"product_tag","embeddable":true,"href":"https:\/\/delaet.com.br\/pt_br\/wp-json\/wp\/v2\/product_tag?post=3385"}],"curies":[{"name":"wp","href":"https:\/\/api.w.org\/{rel}","templated":true}]}}